{"id":30811,"date":"2024-10-31T14:13:22","date_gmt":"2024-10-31T13:13:22","guid":{"rendered":"https:\/\/testshop.igel.wovodo.de\/product\/solar-gartenbrunnen-elegantia-quellkugelbrunnen-mit-led-licht-und-li-ion-akku\/"},"modified":"2025-01-27T12:32:22","modified_gmt":"2025-01-27T11:32:22","slug":"solar-gartenbrunnen-elegantia-quellkugelbrunnen-mit-led-licht-und-li-ion-akku","status":"publish","type":"product","link":"https:\/\/testshop.igel.wovodo.de\/fr\/product\/solar-gartenbrunnen-elegantia-quellkugelbrunnen-mit-led-licht-und-li-ion-akku\/","title":{"rendered":"Solar Gartenbrunnen ELEGANTIA Quellkugelbrunnen mit LED-Licht und Li-Ion-Akku"},"content":{"rendered":"<div class=\"sale_application\">\n<p>Solarbetriebener Garten-Brunnen mit Li-Ion Akku und LED-Licht<\/p>\n<\/p><\/div>\n<div class=\"sale_description\">\n<p>Le site <b>Solar Gartenbrunnen ELEGANTIA<\/b> kann auch Ihren Garten schm\u00fccken! Das flie\u00dfende Wasser wird bei diesem Gartenbrunnen nur durch die Kraft der Sonne bewegt. Die hochwertigen Komponenten bringen das Wasser in Bewegung, sobald das Sonnenlicht die Solarfl\u00e4che trifft. Je st\u00e4rker die Sonne, umso intensiver wird das Wasserspiel! Lassen Sie das beruhigende Rauschen des Wassers auf sich wirken. Dazu das im Sonnenlicht funkelnde Wasser macht diesen Solarbrunnen stets zu dem Blickfang in Ihrem Garten, auf dem Balkon oder der Terrasse. Durch das flie\u00dfende Wasser entsteht ein neues Wohlgef\u00fchl. An hei\u00dfen Sommertagen sorgt der Solar-Brunnen sogar f\u00fcr ein angenehmes Mikroklima.<\/p>\n<div class=\"embed-responsive embed-responsive-16by9\">\n<iframe width=\"560\" height=\"315\" src=\"https:\/\/www.youtube-nocookie.com\/embed\/4iL106GsrNA?rel=0\" title=\"Lecteur vid\u00e9o YouTube\" frameborder=\"0\" allow=\"accelerometer; autoplay; clipboard-write; encrypted-media; gyroscope; picture-in-picture; web-share\" allowfullscreen=\"\"><\/iframe>\n<\/div>\n<h2>Tag- und Nachtbetrieb<\/h2>\n<p>Die im Brunnen verbaute Solarpumpe ist f\u00fcr den Betrieb bei Tag aber auch bei Nacht ausgelegt. Dies ist nur m\u00f6glich durch den eingebauten Akku im Solarpanel. Der Akku l\u00e4dt sich bei Sonneneinstrahlung auf, wenn das Sonnenlicht auf das Solarpanel trifft. Wenn der Akku geladen ist, kann der Brunnen auch bei schlechten Lichtverh\u00e4ltnissen und nach dem Sonnenuntergang betrieben werden. Die maximale F\u00f6rderleistung wird bei optimalen Bedingungen erreicht, wie an einem Tag mit einer hohen Lichtintensit\u00e4t. Am n\u00e4chsten Tag schaltet sich die Pumpe automatisch in den Solarmodus, wenn gen\u00fcgend Licht vorhanden ist. Die Akku-Funktion kann aber auch ausgeschaltet werden.<\/p>\n<h2>Individuelle Platzierung<\/h2>\n<p>Positionieren Sie diesen Solarbrunnen ganz nach Ihrem Geschmack. Da dieser Gartenbrunnen keine Steckdose ben\u00f6tigt, k\u00f6nnen Sie Ihn in jede Ecke ihres Gartens stellen. Sie sind v\u00f6llig frei in der Gestaltung Ihrer neuen Wohlf\u00fchlatmosph\u00e4re. Au\u00dferdem entf\u00e4llt das l\u00e4stige Verlegen des 230V-Kabels. Die Nutzung des Solarpanels spart ihnen nicht nur Stromkosten, sondern ist auch noch viel sicherer als eine 230V-Steckdose zu verwenden. Verschwenden Sie keine Nerven mehr durch besch\u00e4digte Kabel von Nagetieren und dadurch verursachten Stromausf\u00e4llen.<br \/>\nBitte bedenken Sie, dass das Solarpanel stets im vollen Sonnenlicht zu platzieren und auszurichten ist, da sonst keine Pumpenfunktion garantiert werden kann.<\/p>\n<p><strong>Produkt-Info zum Li-Ion-Akku:<\/strong><\/p>\n<p>Die innovativen Li-Ion-Akkus haben keinen Memory-Effekt. Das ist besonders bei h\u00e4ufigen Auf- und Entladevorg\u00e4ngen wie bei Solarteichpumpen enorm wichtig, um langfristig die <strong>optimale Akku-Kapazit\u00e4t<\/strong> zu erreichen. Die Li-Ion-Akkus sind wesentlich besser bez\u00fcglich Temperaturschwankungen als herk\u00f6mmliche Akkus. Es erwartet Sie ein l\u00e4nger andauerndes und lebendigeres Wasserspiel. Die Funktion des Solar-Brunnens startet bereits bei minimaler Aufladung &#8211; automatisch! Als <strong>Schutz vor Tiefentladung<\/strong> erfolgt eine automatische Abschaltung bei Erreichen des Mindest-Endladezustands. <strong>Kein Akku-Wechsel erforderlich!<\/strong> <b><font color=\"#048610\">Insgesamt haben die Li-Ion-Akkus im Vergleich zu herk\u00f6mmlichen Akkus eine 3 mal l\u00e4ngere Laufzeit und eine bis zu 10-FACHE Lebensdauer beim Betrieb mit Solarteichpumpen!<br \/><\/font><\/b><\/p>\n<p><b>Akku im Solarpanel nicht gen\u00fcgend aufgeladen ist, da dieses bei Auslieferung nur bis zu 30% Kapazit\u00e4t hat.<br \/>\nBitte lassen Sie das Solarpanel erst einmal 2 Tage aufladen, bevor Sie es benutzen.<\/b><\/p>\n<p style=\"font-size:11px;\"><b>Avis juridique :<\/b> Nos produits sont color\u00e9s individuellement \u00e0 la main, des diff\u00e9rences de couleur ne peuvent donc pas \u00eatre \u00e9vit\u00e9es. En outre, en raison des conditions d'\u00e9clairage lors de la photographie du produit et des diff\u00e9rents r\u00e9glages de l'\u00e9cran, il peut arriver que la couleur du produit ne soit pas reproduite de mani\u00e8re authentique et ne constitue donc pas un motif de r\u00e9clamation.<\/p>\n<p><p><b>Remarque :<\/b> Le gel peut endommager la fontaine de jardin et la pompe. En cas de risque de gel, il faut <b>la fontaine de jardin et la pompe doivent \u00eatre vid\u00e9es<\/b>Rinc\u00e9s \u00e0 l'eau claire, ils doivent \u00eatre stock\u00e9s au sec. Vous en profiterez alors tr\u00e8s longtemps !<\/p>\n<\/p>\n<\/div>\n<h3>De nombreuses bonnes raisons d'acheter ce produit :<\/h3>\n<div class=\"sale_motive\">\n<ul>\n<li>Steckfertiges Solarpumpensystem &#8211; <strong>sofort einsatzbereit<\/strong><\/li>\n<li>2 Jahre Garantie*, Lebensdauer \u00fcber 60.000 Betriebsstunden<\/li>\n<li><strong>Tag- und Nachtbetrieb<\/strong> durch Solar- und Akku-Betrieb<\/li>\n<li>Mit LED-Licht f\u00fcr den Nachtbetrieb<\/li>\n<li>F\u00fcr <strong>Garten<\/strong>, dem <strong>Balkon<\/strong> oder die <strong>Terrasse<\/strong><\/li>\n<li>Hochwertiges Solarpanel im <strong>stabilen bruchfesten ALU-RAHMEN<\/strong> mit einer Leistung von 2 Watt<\/li>\n<li>Es wird kein zus\u00e4tzlicher Strom verbraucht &#8211; Betrieb ohne Folgekosten<\/li>\n<li>Das Verlegen von 230V-Kabeln im Garten entf\u00e4llt<\/li>\n<li>Integrierter Filter sch\u00fctzt die Pumpe (l\u00e4sst sich leicht reinigen)<\/li>\n<li><strong>Sch\u00f6nes Design &#8211; der perfekte Blickfang!<\/strong><\/li>\n<li>Einstellbarer Winkel des Solarmoduls und 5 Meter Anschlusskabel machen eine optimale Platzierung des Panels im sonnigen Bereich m\u00f6glich<\/li>\n<\/ul>\n<p>*Garantie gilt nur f\u00fcr die Teichpumpe, nicht f\u00fcr das Solarpanel, Figure oder die Kabel.<\/p>\n<\/div>","protected":false},"excerpt":{"rendered":"<p>Hochwertiges, solarbetriebenes Pumpensystem f\u00fcr den Au\u00dfenbereich &#8211; mit LED-Beleuchtung.<br \/>\nMachen Sie Ihren Garten besonders!<br \/>Tag- und Nachtbetrieb!<\/p>","protected":false},"featured_media":39445,"comment_status":"open","ping_status":"closed","template":"","meta":[],"product_brand":[],"product_cat":[318,278],"product_tag":[],"class_list":{"0":"post-30811","1":"product","2":"type-product","3":"status-publish","4":"has-post-thumbnail","6":"product_cat-gartenbrunnen","7":"product_cat-brunnen-mit-solar-betrieb","9":"first","10":"instock","11":"taxable","12":"shipping-taxable","13":"purchasable","14":"product-type-simple"},"_links":{"self":[{"href":"https:\/\/testshop.igel.wovodo.de\/fr\/wp-json\/wp\/v2\/product\/30811","targetHints":{"allow":["GET"]}}],"collection":[{"href":"https:\/\/testshop.igel.wovodo.de\/fr\/wp-json\/wp\/v2\/product"}],"about":[{"href":"https:\/\/testshop.igel.wovodo.de\/fr\/wp-json\/wp\/v2\/types\/product"}],"replies":[{"embeddable":true,"href":"https:\/\/testshop.igel.wovodo.de\/fr\/wp-json\/wp\/v2\/comments?post=30811"}],"version-history":[{"count":7,"href":"https:\/\/testshop.igel.wovodo.de\/fr\/wp-json\/wp\/v2\/product\/30811\/revisions"}],"predecessor-version":[{"id":39960,"href":"https:\/\/testshop.igel.wovodo.de\/fr\/wp-json\/wp\/v2\/product\/30811\/revisions\/39960"}],"wp:featuredmedia":[{"embeddable":true,"href":"https:\/\/testshop.igel.wovodo.de\/fr\/wp-json\/wp\/v2\/media\/39445"}],"wp:attachment":[{"href":"https:\/\/testshop.igel.wovodo.de\/fr\/wp-json\/wp\/v2\/media?parent=30811"}],"wp:term":[{"taxonomy":"product_brand","embeddable":true,"href":"https:\/\/testshop.igel.wovodo.de\/fr\/wp-json\/wp\/v2\/product_brand?post=30811"},{"taxonomy":"product_cat","embeddable":true,"href":"https:\/\/testshop.igel.wovodo.de\/fr\/wp-json\/wp\/v2\/product_cat?post=30811"},{"taxonomy":"product_tag","embeddable":true,"href":"https:\/\/testshop.igel.wovodo.de\/fr\/wp-json\/wp\/v2\/product_tag?post=30811"}],"curies":[{"name":"wp","href":"https:\/\/api.w.org\/{rel}","templated":true}]}}