{"id":30827,"date":"2024-10-31T14:13:33","date_gmt":"2024-10-31T13:13:33","guid":{"rendered":"https:\/\/testshop.igel.wovodo.de\/product\/ausdehnungsgefaess-8l\/"},"modified":"2025-11-24T17:50:43","modified_gmt":"2025-11-24T16:50:43","slug":"ausdehnungsgefaess-8l","status":"publish","type":"product","link":"https:\/\/testshop.igel.wovodo.de\/fr\/product\/ausdehnungsgefaess-8l\/","title":{"rendered":"Vase d'expansion 8L"},"content":{"rendered":"<div class=\"sale_application\">\n<ul>\n<li>Probleml\u00f6ser beim Pumpen-Takten<\/li>\n<li>Schutz der Leitungen bei Wasserausdehnung durch Temperatur\u00e4nderung<\/li>\n<li>Dauerstabiles, nicht rostendes Ausdehnungsgef\u00e4\u00df mit 8 Liter Fassungsverm\u00f6gen zum Druckausgleich, zur K\u00fchlung und zur Schonung von Pumpen<\/li>\n<\/ul>\n<\/div>\n<div class=\"sale_description\">\n<h2>Das Ausdehnungsgef\u00e4\u00df 8 Liter rettet Pumpensteuerungen und Pumpe<\/h2>\n<p>Bei bestimmten Einbausituationen kann es vorkommen, dass die Pumpensteuerung nicht richtig funktioniert und dadurch die Pumpe st\u00e4ndig ein- und ausschaltet. Dabei findet praktisch kein Wassertransport durch die Pumpe statt, wodurch die Pumpe nicht gek\u00fchlt wird. Infolgedessen erw\u00e4rmt sich die Pumpe und die Motor-Wicklung brennt durch. Ein zus\u00e4tzlich installiertes Ausdehnungsgef\u00e4\u00df stabilisiert den Druck in den Wasserleitungen. Dadurch wird die ordentliche Funktion der Pumpensteuerung sichergestellt. &#8211; Weder die Pumpe, noch die Pumpensteuerung k\u00f6nnen besch\u00e4digt werden.<\/p>\n<h2>Das Ausdehnungsgef\u00e4\u00df 8 Liter sch\u00fctzt Wasserleitungen und Bauteile bei Temperatur-\u00c4nderungen<\/h2>\n<p>Typischerweise hat das im Haus ankommndes Trink- und Brauchwasser (z.B. aus Zisternen) eine Temperatur von ca 5-10\u00b0C. Im Hauskeller kann sich das Wasser auf bis zu 30\u00b0C erw\u00e4rmen. Dadurch kann der Leitungsdruck bis auf ca. 10-15bar steigen. Viele Bautele, wie etwa Wasser-Vorfilter oder die Wasserleitungen selbst, k\u00f6nnen diesem Druck nicht standhalten und bersten infolgedessen. Dieser 8 Liter Drucktank nimmt die Wasserausdehnung auf, sodass Druckanstieg in den Leitungen und Sch\u00e4den zuverl\u00e4ssig vermieden werden.<\/p>\n<h2>Das Ausdehnungsgef\u00e4\u00df 8 Liter rettet Pumpenleben durch Vermeiden von Druckschl\u00e4gen in den Wasserleitungen<\/h2>\n<p>Beim Ein- und Ausschalten von Pumpen kommt es zu Druckschl\u00e4gen in den Wasserleitungen.<br \/>\nDer Drucktank puffert die Druckschwankungen ab. Druckschl\u00e4ge werden vermieden. Der 8 Liter Drucktank sch\u00fctzt die Pumpe sowie Bauteile und Wasserleitungen.<br \/>\n  Das Ausdehnungsgef\u00e4\u00df 8 Liter tr\u00e4gt au\u00dferdem zur K\u00fchlung der Pumpe bei und hilft, die Pumpe zu schonen. So verl\u00e4ngert der Drucktank ma\u00dfgeblich die Lebensdauer von Tauch-, Kreisel-, Brunnenpumpen oder Hauswasserwerken.<\/p>\n<\/div>\n<h3>De nombreuses bonnes raisons d'acheter ce produit :<\/h3>\n<div class=\"sale_motive\">\n<ul>\n<li>Sch\u00fctzt Pumpen, Pumpensteuerungen, Rohre, Schl\u00e4uche vor \u00dcberdruck<\/li>\n<li>Reduziert St\u00f6rungen bei Pumpenst\u00f6rungen<\/li>\n<li>Vermeidet Druckschl\u00e4ge in Wasserleitungen<\/li>\n<li>Erweitert die Dehnungskapazit\u00e4t von Pumpen<\/li>\n<li>Verbessert die Effizienz von Pumpen<\/li>\n<li>gleicht temperaturbedingte Wasservolumenunterschiede aus<\/li>\n<li>verhindert Druckabfall<\/li>\n<li>verhindert Druckerh\u00f6hung<\/li>\n<li>tr\u00e4gt zur K\u00fchlung der Pumpe bei<\/li>\n<li>dauerstabil &amp; nicht rostend<\/li>\n<\/ul>\n<\/div>","protected":false},"excerpt":{"rendered":"<p>Dauerstabiles &amp; nicht rostendes Ausdehnungsgef\u00e4\u00df f\u00fcr Tauch-, Kreisel-, Brunnenpumpen<br \/>\n  Volumen 8 Liter<\/p>\n<p><b>K\u00fchlung, Druckausgleich, Schonung und Lebensverl\u00e4ngerung von Pumpen<\/b><\/p>","protected":false},"featured_media":34042,"comment_status":"open","ping_status":"closed","template":"","meta":[],"product_brand":[],"product_cat":[412,199,201,203,291,205,367],"product_tag":[],"class_list":{"0":"post-30827","1":"product","2":"type-product","3":"status-publish","4":"has-post-thumbnail","6":"product_cat-ausdehnungsgefaesse","7":"product_cat-zubehoer-hww","8":"product_cat-zubehoer-tauchpumpen","9":"product_cat-zubehoer-kreiselpumpe","10":"product_cat-zubehoer-pumpensteuerung","11":"product_cat-zubehoer-brunnenpumpe","12":"product_cat-sale","14":"first","15":"outofstock","16":"sale","17":"taxable","18":"shipping-taxable","19":"purchasable","20":"product-type-simple"},"_links":{"self":[{"href":"https:\/\/testshop.igel.wovodo.de\/fr\/wp-json\/wp\/v2\/product\/30827","targetHints":{"allow":["GET"]}}],"collection":[{"href":"https:\/\/testshop.igel.wovodo.de\/fr\/wp-json\/wp\/v2\/product"}],"about":[{"href":"https:\/\/testshop.igel.wovodo.de\/fr\/wp-json\/wp\/v2\/types\/product"}],"replies":[{"embeddable":true,"href":"https:\/\/testshop.igel.wovodo.de\/fr\/wp-json\/wp\/v2\/comments?post=30827"}],"version-history":[{"count":4,"href":"https:\/\/testshop.igel.wovodo.de\/fr\/wp-json\/wp\/v2\/product\/30827\/revisions"}],"predecessor-version":[{"id":40933,"href":"https:\/\/testshop.igel.wovodo.de\/fr\/wp-json\/wp\/v2\/product\/30827\/revisions\/40933"}],"wp:featuredmedia":[{"embeddable":true,"href":"https:\/\/testshop.igel.wovodo.de\/fr\/wp-json\/wp\/v2\/media\/34042"}],"wp:attachment":[{"href":"https:\/\/testshop.igel.wovodo.de\/fr\/wp-json\/wp\/v2\/media?parent=30827"}],"wp:term":[{"taxonomy":"product_brand","embeddable":true,"href":"https:\/\/testshop.igel.wovodo.de\/fr\/wp-json\/wp\/v2\/product_brand?post=30827"},{"taxonomy":"product_cat","embeddable":true,"href":"https:\/\/testshop.igel.wovodo.de\/fr\/wp-json\/wp\/v2\/product_cat?post=30827"},{"taxonomy":"product_tag","embeddable":true,"href":"https:\/\/testshop.igel.wovodo.de\/fr\/wp-json\/wp\/v2\/product_tag?post=30827"}],"curies":[{"name":"wp","href":"https:\/\/api.w.org\/{rel}","templated":true}]}}