{"id":30845,"date":"2024-10-31T14:13:44","date_gmt":"2024-10-31T13:13:44","guid":{"rendered":"https:\/\/testshop.igel.wovodo.de\/product\/diesel-star-160-4-2-automatic-230v\/"},"modified":"2025-01-27T12:32:32","modified_gmt":"2025-01-27T11:32:32","slug":"diesel-star-160-4-2-automatic-230v","status":"publish","type":"product","link":"https:\/\/testshop.igel.wovodo.de\/fr\/product\/diesel-star-160-4-2-automatic-230v\/","title":{"rendered":"Diesel STAR 160-4.2 Automatic 230V"},"content":{"rendered":"<div class=\"sale_application\">\n<ul>\n<li>Remplir, pomper, transvaser, vider les citernes de diesel et de mazout<\/li>\n<\/ul>\n<\/div>\n<div class=\"sale_description\">\n<p>Die DIESEL STAR 160-4.2 &#8211; Automatic ist eine selbstansaugende elektrische 230-Volt-Dieselpumpe.<\/p>\n<p>Die 230 Volt Dieselpumpe <b>avec START\/STOP automatique<\/b> ist <b>selbstansaugend<\/b> nach erster Bef\u00fcllung\/Entl\u00fcftung. Die maximale F\u00f6rderleistung der 230V-Dieselpumpe betr\u00e4gt 2700 l\/ h, die maximale F\u00f6rderh\u00f6he 10 m.<\/p>\n<p>Die Automatik-Pumpe <b>mit R\u00fcckschlagventil<\/b> schaltet sich beim Bet\u00e4tigen der Zapfpistole selbst\u00e4ndig an und schaltet sich ab, wenn die Zapfpistole geschlossen wird. Das ist nicht nur bequem, sondern sch\u00fctzt die Pumpe vor unn\u00f6tigem Verschlei\u00df.<\/p>\n<p>Bitte beachten: Die F\u00f6rderleistung nimmt bei steigender F\u00f6rderh\u00f6he entsprechend ab.<\/p>\n<p>Das isolierende Kunststoffgeh\u00e4use der 230-Volt-Dieselpumpe sorgt f\u00fcr eine sichere Handhabung. Der Ein- und Ausschalter hat eine Sicherheitsvorrichtung.<\/p>\n<p>  <iframe width=\"560\" height=\"315\" src=\"https:\/\/www.youtube-nocookie.com\/embed\/4a2UMi1KyzQ?si=zdr4XyR7Phjm5wa0&#038;rel=0\" title=\"Lecteur vid\u00e9o YouTube\" frameborder=\"0\" allow=\"accelerometer; autoplay; clipboard-write; encrypted-media; gyroscope; picture-in-picture; web-share\" allowfullscreen=\"\"><\/iframe><\/p>\n<p>Alle Pumpen sind EINZELST\u00dcCK-gepr\u00fcft auf Ihre Funktion. Daher k\u00f6nnen Reste der Pr\u00fcffl\u00fcssigkeit in der Pumpe \/ Verpackung vorhanden sein.<\/p>\n<p>Die Pumpen und die Saugleitung sind bei der Inbetriebnahme blasenfrei mit Diesel zu bef\u00fcllen. Das R\u00fcckschlagventil muss unbedingt am Ende der Saugleitung montiert und dicht sein.<\/p>\n<p>  <iframe width=\"560\" height=\"315\" src=\"https:\/\/www.youtube-nocookie.com\/embed\/4a2UMi1KyzQ?si=zdr4XyR7Phjm5wa0&#038;rel=0\" title=\"Lecteur vid\u00e9o YouTube\" frameborder=\"0\" allow=\"accelerometer; autoplay; clipboard-write; encrypted-media; gyroscope; picture-in-picture; web-share\" allowfullscreen=\"\"><\/iframe><\/div>\n<h3>De nombreuses bonnes raisons d'acheter ce produit :<\/h3>\n<div class=\"sale_motive\">\n<ul>\n<li><b><font color=\"#ff0000\">Avec syst\u00e8me automatique START\/STOP pour une manipulation optimale et une protection de la pompe<\/font><\/b><\/li>\n<li>Puissant, auto-amor\u00e7ant et confortable<\/li>\n<li>Bew\u00e4hrte Qualit\u00e4t<\/li>\n<li>F\u00f6rdermenge max. 2.700l\/h<\/li>\n<li>Sichere Handhabung durch isolierendes Kunststoff-Geh\u00e4use<\/li>\n<li>Interrupteur \"marche\" et \"arr\u00eat\" avec dispositif de s\u00e9curit\u00e9<\/li>\n<\/ul>\n<\/div>","protected":false},"excerpt":{"rendered":"<p>230-Volt-Diesel-Pumpe mit Start\/Stop Automatik<br \/>\nF\u00f6rdermenge max. 2700 l\/h<br \/>\nselbstansaugend | kraftvoll | robust<\/p>","protected":false},"featured_media":37758,"comment_status":"open","ping_status":"closed","template":"","meta":[],"product_brand":[],"product_cat":[229,287,436],"product_tag":[],"class_list":{"0":"post-30845","1":"product","2":"type-product","3":"status-publish","4":"has-post-thumbnail","6":"product_cat-230v-pumpen","7":"product_cat-diesel-pumpen","8":"product_cat-automatic-pumpen","10":"first","11":"instock","12":"featured","13":"taxable","14":"shipping-taxable","15":"purchasable","16":"product-type-simple"},"_links":{"self":[{"href":"https:\/\/testshop.igel.wovodo.de\/fr\/wp-json\/wp\/v2\/product\/30845","targetHints":{"allow":["GET"]}}],"collection":[{"href":"https:\/\/testshop.igel.wovodo.de\/fr\/wp-json\/wp\/v2\/product"}],"about":[{"href":"https:\/\/testshop.igel.wovodo.de\/fr\/wp-json\/wp\/v2\/types\/product"}],"replies":[{"embeddable":true,"href":"https:\/\/testshop.igel.wovodo.de\/fr\/wp-json\/wp\/v2\/comments?post=30845"}],"version-history":[{"count":2,"href":"https:\/\/testshop.igel.wovodo.de\/fr\/wp-json\/wp\/v2\/product\/30845\/revisions"}],"predecessor-version":[{"id":38490,"href":"https:\/\/testshop.igel.wovodo.de\/fr\/wp-json\/wp\/v2\/product\/30845\/revisions\/38490"}],"wp:featuredmedia":[{"embeddable":true,"href":"https:\/\/testshop.igel.wovodo.de\/fr\/wp-json\/wp\/v2\/media\/37758"}],"wp:attachment":[{"href":"https:\/\/testshop.igel.wovodo.de\/fr\/wp-json\/wp\/v2\/media?parent=30845"}],"wp:term":[{"taxonomy":"product_brand","embeddable":true,"href":"https:\/\/testshop.igel.wovodo.de\/fr\/wp-json\/wp\/v2\/product_brand?post=30845"},{"taxonomy":"product_cat","embeddable":true,"href":"https:\/\/testshop.igel.wovodo.de\/fr\/wp-json\/wp\/v2\/product_cat?post=30845"},{"taxonomy":"product_tag","embeddable":true,"href":"https:\/\/testshop.igel.wovodo.de\/fr\/wp-json\/wp\/v2\/product_tag?post=30845"}],"curies":[{"name":"wp","href":"https:\/\/api.w.org\/{rel}","templated":true}]}}