{"id":30865,"date":"2024-10-31T14:13:57","date_gmt":"2024-10-31T13:13:57","guid":{"rendered":"https:\/\/testshop.igel.wovodo.de\/product\/diesel-exelenz-2-2-230v\/"},"modified":"2025-01-27T12:32:43","modified_gmt":"2025-01-27T11:32:43","slug":"diesel-exelenz-2-2-230v","status":"publish","type":"product","link":"https:\/\/testshop.igel.wovodo.de\/fr\/product\/diesel-exelenz-2-2-230v\/","title":{"rendered":"Diesel EXELENZ-2.2 230V"},"content":{"rendered":"<div class=\"sale_application\">\n<ul>\n<li>Betanken von Fahrzeugen aller Art mit Diesel<\/li>\n<li>Umpumpen, Umf\u00fcllen, Entleeren von Diesel- und Heiz\u00f6ltanks<\/li>\n<\/ul>\n<\/div>\n<div class=\"sale_description\">\n<p>Professionelle Dieself\u00f6rderung \u2014 mit unserer <b>elektrischen, selbstansaugenden 230-Volt-Dieselpumpe DIESEL EXELENZ \u2014 mit vormontiertem Eisenrahmen und Z\u00e4hler<\/b>. Unentbehrlich f\u00fcr jeden Fuhrpark , KFZ-Werkst\u00e4tten, Landwirtschaft, Autoverwertung usw! Wer viele Baumaschinen zu betanken hat, wird hier seine Freude daran haben! Hiermit betanken Sie m\u00fchelos jegliche Art von Fahrzeugen und Maschinen. F\u00fcr die Pumpe ist auch das Umf\u00fcllen von Heiz\u00f6ltanks kein Problem.<\/p>\n<p><iframe width=\"560\" height=\"315\" src=\"https:\/\/www.youtube-nocookie.com\/embed\/sRotgF1OC00?si=QFA6d5pyaYhKAC9y&#038;rel=0\" title=\"Lecteur vid\u00e9o YouTube\" frameborder=\"0\" allow=\"accelerometer; autoplay; clipboard-write; encrypted-media; gyroscope; picture-in-picture; web-share\" allowfullscreen=\"\"><\/iframe><\/p>\n<p>Die Motorleistung der <b>kraftvollen, saugstarken Dieselpumpe von 550W<\/b> erm\u00f6glicht eine schnelle Bef\u00fcllung mit einer maximale F\u00f6rdermenge von <b>3600 l\/h<\/b>. Die maximalen Pumpenh\u00f6he betr\u00e4gt 8 m. Bitte beachten Sie, dass die F\u00f6rdermenge bei steigender Pumpenh\u00f6he entsprechend abnimmt.<\/p>\n<p>Der mitgelieferte <b>Automatik-Zapfhahn, Schlauch mit Messing-R\u00fcckschlagventil und das Z\u00e4hlwerk<\/b> machen das Arbeiten leicht. Das Z\u00e4hlwerk zeigt beides an: den aktuellen und den gesamten Stand. Kontrollieren Sie den Verbrauch der einzelnen Maschinen und rechnen Sie entsprechend ab. Mit dieser Dieselpumpe mit Z\u00e4hlwerk werden Ihre Mitarbeiter zum sparsamen Umgang mit dem Diesel angeregt.<\/p>\n<\/p>\n<p><b>Alle Pumpen sind EINZELST\u00dcCK<\/b> &#8211; gepr\u00fcft auf Ihre Funktion. Daher k\u00f6nnen Reste der Pr\u00fcffl\u00fcssigkeit in der Pumpe \/ Verpackung vorhanden sein. Der Gesamtz\u00e4hler zeigt daher mehr als 0,0 Liter an (meist etwa 5-12L).<\/p>\n<p>Die Dieselpumpe und die Saugleitung sind bei der Inbetriebnahme blasenfrei mit Diesel zu bef\u00fcllen. Das mitgelieferte R\u00fcckschlagventil muss unbedingt am Ende der Saugleitung montiert und dicht sein.<\/p>\n<\/div>\n<h3>De nombreuses bonnes raisons d'acheter ce produit :<\/h3>\n<div class=\"sale_motive\">\n<ul>\n<li><span style=\"color: #ff0000\"><span style=\"color: black\">Komplettes Set mit Z\u00e4hler, Automatik-Pistole, Schlauch und allem Zubeh\u00f6r <\/span><\/span><\/li>\n<li><span style=\"color: #ff0000\"><span style=\"color: black\">Vormontierte Sauggarnitur mit 2m Saugschlauch <\/span><\/span><\/li>\n<li><span style=\"color: #ff0000\"><span style=\"color: black\"><span style=\"color: black\">selbstansaugend<\/span>&nbsp;nach erster Bef\u00fcllung bzw. Entl\u00fcftung<\/span><\/span><\/li>\n<li><span style=\"color: #ff0000\"><span style=\"color: black\">max. F\u00f6rdermenge 3600l\/h <\/span><\/span><\/li>\n<li><span style=\"color: #ff0000\"><span style=\"color: black\">max. F\u00f6rderh\u00f6he 10 m <\/span><\/span><\/li>\n<li><span style=\"color: #ff0000\"><span style=\"color: black\"><span style=\"color: black\">mit zuverl\u00e4ssigem Messing-R\u00fcckschlagventil<\/span> <\/span><\/span><\/li>\n<li><span style=\"color: #ff0000\"><span style=\"color: black\"><span style=\"color: black\">Schwere, robuste, bew\u00e4hrte Qualit\u00e4t<\/span> <\/span><\/span><\/li>\n<li><span style=\"color: #ff0000\"><span style=\"color: black\">Interrupteur \"marche\" et \"arr\u00eat\" avec dispositif de s\u00e9curit\u00e9<\/span><\/span><\/li>\n<\/ul>\n<\/div>","protected":false},"excerpt":{"rendered":"<p>230-Volt-Diesel-Pumpe mit Automatik-Zapfpistole, Z\u00e4hlwerk und Zubeh\u00f6r<br \/>\nF\u00f6rdermenge max. 3600 l\/h<br \/>\nselbstansaugend | kraftvoll | robust<\/p>\n<p><b>Dieselpumpe mit Z\u00e4hler und hochwertigem Zubeh\u00f6r!<\/b><\/p>","protected":false},"featured_media":39807,"comment_status":"open","ping_status":"closed","template":"","meta":[],"product_brand":[],"product_cat":[287],"product_tag":[],"class_list":{"0":"post-30865","1":"product","2":"type-product","3":"status-publish","4":"has-post-thumbnail","6":"product_cat-diesel-pumpen","8":"first","9":"instock","10":"featured","11":"taxable","12":"shipping-taxable","13":"purchasable","14":"product-type-simple"},"_links":{"self":[{"href":"https:\/\/testshop.igel.wovodo.de\/fr\/wp-json\/wp\/v2\/product\/30865","targetHints":{"allow":["GET"]}}],"collection":[{"href":"https:\/\/testshop.igel.wovodo.de\/fr\/wp-json\/wp\/v2\/product"}],"about":[{"href":"https:\/\/testshop.igel.wovodo.de\/fr\/wp-json\/wp\/v2\/types\/product"}],"replies":[{"embeddable":true,"href":"https:\/\/testshop.igel.wovodo.de\/fr\/wp-json\/wp\/v2\/comments?post=30865"}],"version-history":[{"count":4,"href":"https:\/\/testshop.igel.wovodo.de\/fr\/wp-json\/wp\/v2\/product\/30865\/revisions"}],"predecessor-version":[{"id":39556,"href":"https:\/\/testshop.igel.wovodo.de\/fr\/wp-json\/wp\/v2\/product\/30865\/revisions\/39556"}],"wp:featuredmedia":[{"embeddable":true,"href":"https:\/\/testshop.igel.wovodo.de\/fr\/wp-json\/wp\/v2\/media\/39807"}],"wp:attachment":[{"href":"https:\/\/testshop.igel.wovodo.de\/fr\/wp-json\/wp\/v2\/media?parent=30865"}],"wp:term":[{"taxonomy":"product_brand","embeddable":true,"href":"https:\/\/testshop.igel.wovodo.de\/fr\/wp-json\/wp\/v2\/product_brand?post=30865"},{"taxonomy":"product_cat","embeddable":true,"href":"https:\/\/testshop.igel.wovodo.de\/fr\/wp-json\/wp\/v2\/product_cat?post=30865"},{"taxonomy":"product_tag","embeddable":true,"href":"https:\/\/testshop.igel.wovodo.de\/fr\/wp-json\/wp\/v2\/product_tag?post=30865"}],"curies":[{"name":"wp","href":"https:\/\/api.w.org\/{rel}","templated":true}]}}