{"id":35505,"date":"2024-11-14T17:00:56","date_gmt":"2024-11-14T16:00:56","guid":{"rendered":"https:\/\/testshop.igel.wovodo.de\/product\/b-ware-durchflusswaechter-brio-automatic-controller-verkabelt\/"},"modified":"2025-01-27T12:31:30","modified_gmt":"2025-01-27T11:31:30","slug":"b-ware-durchflusswaechter-brio-automatic-controller-verkabelt","status":"publish","type":"product","link":"https:\/\/testshop.igel.wovodo.de\/fr\/product\/b-ware-durchflusswaechter-brio-automatic-controller-verkabelt\/","title":{"rendered":"B-Ware Durchflussw\u00e4chter BRIO\u00ae  Automatic-Controller, verkabelt"},"content":{"rendered":"<div class=\"sale_application\">\n<ul>\n<li>druck-\/durchflussgesteuertes, automatisches Einschalten von Tauch- und Kreiselpumpen <\/div>\n<div class=\"sale_description\"> <font color=\"FF0000\"><b>B-Ware :<\/b><\/p>\n<ul>\n<li>l\u00e9gers d\u00e9fauts optiques (par ex. petites rayures, etc.)<\/li>\n<li>produit enti\u00e8rement fonctionnel<\/li>\n<li>garantie l\u00e9gale r\u00e9duite \u00e0 1 an maximum<\/li>\n<\/ul>\n<p><\/font><\/p>\n<p>Le site <b>Contr\u00f4leur de d\u00e9bit<\/b> automatisiert und steuert das Einschalten der Kreisel- bzw. Tauchpumpe. Er \u00fcberwacht den Druck im Rohrsystem von der Pumpe bis zum Verbraucher. Bei einer Wasserentnahme aus dem Rohrsystem nimmt der Druck ab. F\u00e4llt der Druck unter 1,5bar <b>(einstellbar)<\/b> schaltet der Durchflussw\u00e4chter das angeschlossene Ger\u00e4t (z.B. Kreiselpumpe) an. Diese versorgt die Verbraucher wieder mit Wasser. Wird der Verbraucher geschlossen, verringert sich der Durchfluss und die Pumpe wird abgeschaltet.<\/p>\n<p>Das Besondere an diesem Durchflussw\u00e4chter ist der <b>eingebaute Trockenlaufschutz. <\/b>Sollte nach Einschalten der Pumpe kein Wasser (Zisterne leer) vorhanden sein, schaltet der Durchflussw\u00e4chter wieder die Pumpe <b>automatisch <\/b>aus (Trockenlaufschutz).<\/p>\n<p>Ein <b>R\u00fcckschlagventil <\/b>ist ebenfalls im Durchflussw\u00e4chter integriert. Dieser verhindert das Leerlaufen des Rohrsystems auf der Verbraucherseite.<\/p>\n<p>Das <b>Manometer <\/b>\u00fcberwacht den Einschaltdruck und den Druck im Systems. Das Schaltger\u00e4t ist f\u00fcr Pumpen die einen Druckaufbau deutlich unter 1,5bar haben nicht geeignet.<\/p>\n<p><b>Unsere Tipps<\/b><\/p>\n<p>Bei Einsatz von jeglichen <b>Pumpen-Schaltger\u00e4ten empfehlen wir dringend<\/b> vor dem Schaltger\u00e4t stets einen effektiven<b> Pumpen-<\/b><b>Vorfilter\/Kartuschenfilter<\/b> einzusetzen. Dadurch lassen sich Probleme, die auf die Wasserveschmutzung zur\u00fcck zu f\u00fchren sind, deutlich reduzieren. Alle markt\u00fcblichen professionellen Schaltger\u00e4te haben eingangsseitig ein R\u00fcckschlagventil. Setzt sich ein Schmutzkorn genau zwischen den Dichtfl\u00e4chen ab, funktionieren die Schaltger\u00e4te nicht meht einwandfrei. Die Durchflussw\u00e4chter beinhalten bereits ein R\u00fcckschlagventil, zwischen Pumpe und Durchflussw\u00e4chter darf kein weiteres R\u00fcckschlagventil montiert werden da dies zu Fehlern und sogar besch\u00e4digungen an der Pumpe f\u00fchren kann.<\/p>\n<\/div>\n<h3>De nombreuses bonnes raisons d'acheter ce produit :<\/h3>\n<div class=\"sale_motive\">\n<ul>\n<li>integriertes Manometer\n<li>integrierter Trockenlaufschutz\n<li>eingebautes R\u00fcckschlagventil\n<li>Automatisierung der Pumpensteuerung reguliert durch Druck und Durchfluss\n<li>leicht zu Handhaben\n<li>Schonen der Pumpe<\/div>","protected":false},"excerpt":{"rendered":"<p>druck-\/durchflussgesteuertes, automatisches Einschalten von Tauch- und Kreiselpumpen B-Ware: leichte optische Fehler (z.B. kleine Kratzer etc.) voll funktionsf\u00e4higes Produkt reduzierte gesetzliche<\/p>","protected":false},"featured_media":31997,"comment_status":"open","ping_status":"closed","template":"","meta":[],"product_brand":[],"product_cat":[393],"product_tag":[],"class_list":{"0":"post-35505","1":"product","2":"type-product","3":"status-publish","4":"has-post-thumbnail","6":"product_cat-b-ware-durchflusswaechter","8":"first","9":"instock","10":"sale","11":"taxable","12":"shipping-taxable","13":"purchasable","14":"product-type-simple"},"_links":{"self":[{"href":"https:\/\/testshop.igel.wovodo.de\/fr\/wp-json\/wp\/v2\/product\/35505","targetHints":{"allow":["GET"]}}],"collection":[{"href":"https:\/\/testshop.igel.wovodo.de\/fr\/wp-json\/wp\/v2\/product"}],"about":[{"href":"https:\/\/testshop.igel.wovodo.de\/fr\/wp-json\/wp\/v2\/types\/product"}],"replies":[{"embeddable":true,"href":"https:\/\/testshop.igel.wovodo.de\/fr\/wp-json\/wp\/v2\/comments?post=35505"}],"version-history":[{"count":1,"href":"https:\/\/testshop.igel.wovodo.de\/fr\/wp-json\/wp\/v2\/product\/35505\/revisions"}],"predecessor-version":[{"id":39016,"href":"https:\/\/testshop.igel.wovodo.de\/fr\/wp-json\/wp\/v2\/product\/35505\/revisions\/39016"}],"wp:featuredmedia":[{"embeddable":true,"href":"https:\/\/testshop.igel.wovodo.de\/fr\/wp-json\/wp\/v2\/media\/31997"}],"wp:attachment":[{"href":"https:\/\/testshop.igel.wovodo.de\/fr\/wp-json\/wp\/v2\/media?parent=35505"}],"wp:term":[{"taxonomy":"product_brand","embeddable":true,"href":"https:\/\/testshop.igel.wovodo.de\/fr\/wp-json\/wp\/v2\/product_brand?post=35505"},{"taxonomy":"product_cat","embeddable":true,"href":"https:\/\/testshop.igel.wovodo.de\/fr\/wp-json\/wp\/v2\/product_cat?post=35505"},{"taxonomy":"product_tag","embeddable":true,"href":"https:\/\/testshop.igel.wovodo.de\/fr\/wp-json\/wp\/v2\/product_tag?post=35505"}],"curies":[{"name":"wp","href":"https:\/\/api.w.org\/{rel}","templated":true}]}}