{"id":36192,"date":"2024-12-03T18:07:48","date_gmt":"2024-12-03T17:07:48","guid":{"rendered":"https:\/\/testshop.igel.wovodo.de\/product\/hybrid-solar-25w-system-teichpumpen-set-oasis-250-h\/"},"modified":"2025-01-27T12:28:12","modified_gmt":"2025-01-27T11:28:12","slug":"hybrid-solar-25w-system-teichpumpen-set-oasis-250-h","status":"publish","type":"product","link":"https:\/\/testshop.igel.wovodo.de\/fr\/product\/hybrid-solar-25w-system-teichpumpen-set-oasis-250-h\/","title":{"rendered":"Hybrid Solar 2,5W System: Teichpumpen-Set &#8220;OASIS 250-H&#8221;"},"content":{"rendered":"<div class=\"sale_description\">\n<p><b>Solar-Erweiterungs-Set: Stromsparend, innovativ, einzigartig &amp; zukunftsweisend<\/b><\/p>\n<p>Mit dem Erwerb dieses zus\u00e4tzlichen Solar-Moduls k\u00f6nnen 230V-Gartenbrunnen (bitte technische Daten beachten) zu innovativen, einzigartigen und zukunftsweisenden Hybrid-Systemen erweitert werden.<\/p>\n<p>In der Basis-Version werden Pumpe und die LEDs der 230V-Gartenbrunnen mit sicherer 12V-Niederspannung betrieben. Mit dem Erwerb dieses Solar-Moduls stehen dann <b>3 verschiedene Betriebsarten<\/b> zur Auswahl:<\/p>\n<ol>\n<li>230V-Betrieb bei schattigen Verh\u00e4ltnissen (Tag und Nacht-Betrieb) (Basisversion)<\/li>\n<li>Solar-Betrieb bei sonnigen Verh\u00e4ltnissen (nur Tag-Betrieb) (mit Solarmodul)<\/li>\n<li>Hybrid-Betrieb f\u00fcr 230V und Solar-Strom (Tag und Nacht-Betrieb (mit Solarmodul)<\/li>\n<\/ol>\n<p>Beim stromsparenden Hybrid-Betrieb, d.h. beim gleichzeitigem Anschluss an das 230V-Netz und Solarpanel erfolgt die Umschaltung je nach Sonnenintensit\u00e4t von 230V auf Solar und umgekehrt automatisch. Im ausw\u00e4hlbaren Nachtmodus schaltet sich der Gartenbrunnen bei Dunkelheit selbstst\u00e4ndig ab und am n\u00e4chsten Morgen wieder an.<\/p>\n<p>Im Solar-Betrieb kann der Brunnen unabh\u00e4ngig von 230V-Steckdose frei platziert und betrieben werden. Das Verlegen von Strom- und Verl\u00e4ngerungskabeln entf\u00e4llt. So betreiben Sie Ihr Wasserspiel <b>ohne Folgekosten!<\/b><\/p>\n<p>Alle Kabelverbindungen sind verpolungssicher und wasserdicht. Der Aufbau geht einfach und schnell.<br \/>\n   S\u00e4mtliche Komponenten sind absolut funktionssicher, langlebig und dank praktischer Steckverbindungen jederzeit austauschbar.<\/p>\n<p>Das Solarmodul ist im Lieferumfang folgender Artikel enthalten und ist NUR als Ersatz f\u00fcr diese Artikel ODER als Erweiterungsset mit den Basisversionen dieser Artikel bestimmt.<\/p>\n<ul>\n<li>Gartenbrunnen FELS-KASKADE geschwungen mit Pumpe und 4 RGB LED-Licht &#8211; Hybrid Solarbetrieb<\/li>\n<li>Gartenbrunnen FELS-KASKADE mit Pumpe und 4 RGB LED-Licht &#8211; Hybrid Solarbetrieb<\/li>\n<li>Gartenbrunnen TONZIEGEL &amp; KR\u00dcGE mit 4 RGB LED-Licht-230V &#8211; Hybrid-Solarbrunnen<\/li>\n<li>als Erweiterungsset f\u00fcr Bachlauf-Schalen-Sets QUELLBACH II mit 230V-Pumpe mit LED-RGB-Licht<\/li>\n<\/ul>\n<\/div>","protected":false},"excerpt":{"rendered":"<p>Solar-Erweiterungs-Set: Stromsparend, innovativ, einzigartig &amp; zukunftsweisend Mit dem Erwerb dieses zus\u00e4tzlichen Solar-Moduls k\u00f6nnen 230V-Gartenbrunnen (bitte technische Daten beachten) zu innovativen,<\/p>","protected":false},"featured_media":37587,"comment_status":"open","ping_status":"closed","template":"","meta":[],"product_brand":[],"product_cat":[307,350,427,252],"product_tag":[],"class_list":{"0":"post-36192","1":"product","2":"type-product","3":"status-publish","4":"has-post-thumbnail","6":"product_cat-zubehoer-brunnen-mit-solar-betrieb","7":"product_cat-solar-panels","8":"product_cat-zubehoer-sets","9":"product_cat-zubehoer-solarpumpen","11":"first","12":"instock","13":"taxable","14":"shipping-taxable","15":"purchasable","16":"product-type-simple"},"_links":{"self":[{"href":"https:\/\/testshop.igel.wovodo.de\/fr\/wp-json\/wp\/v2\/product\/36192","targetHints":{"allow":["GET"]}}],"collection":[{"href":"https:\/\/testshop.igel.wovodo.de\/fr\/wp-json\/wp\/v2\/product"}],"about":[{"href":"https:\/\/testshop.igel.wovodo.de\/fr\/wp-json\/wp\/v2\/types\/product"}],"replies":[{"embeddable":true,"href":"https:\/\/testshop.igel.wovodo.de\/fr\/wp-json\/wp\/v2\/comments?post=36192"}],"version-history":[{"count":1,"href":"https:\/\/testshop.igel.wovodo.de\/fr\/wp-json\/wp\/v2\/product\/36192\/revisions"}],"predecessor-version":[{"id":38977,"href":"https:\/\/testshop.igel.wovodo.de\/fr\/wp-json\/wp\/v2\/product\/36192\/revisions\/38977"}],"wp:featuredmedia":[{"embeddable":true,"href":"https:\/\/testshop.igel.wovodo.de\/fr\/wp-json\/wp\/v2\/media\/37587"}],"wp:attachment":[{"href":"https:\/\/testshop.igel.wovodo.de\/fr\/wp-json\/wp\/v2\/media?parent=36192"}],"wp:term":[{"taxonomy":"product_brand","embeddable":true,"href":"https:\/\/testshop.igel.wovodo.de\/fr\/wp-json\/wp\/v2\/product_brand?post=36192"},{"taxonomy":"product_cat","embeddable":true,"href":"https:\/\/testshop.igel.wovodo.de\/fr\/wp-json\/wp\/v2\/product_cat?post=36192"},{"taxonomy":"product_tag","embeddable":true,"href":"https:\/\/testshop.igel.wovodo.de\/fr\/wp-json\/wp\/v2\/product_tag?post=36192"}],"curies":[{"name":"wp","href":"https:\/\/api.w.org\/{rel}","templated":true}]}}