{"id":36465,"date":"2024-12-03T18:11:47","date_gmt":"2024-12-03T17:11:47","guid":{"rendered":"https:\/\/testshop.igel.wovodo.de\/product\/auslaufhahn-messing-verchromt-gewindeanschluss-1-2-zoll-ag-schlauchanschluss-12mm\/"},"modified":"2025-01-27T12:29:57","modified_gmt":"2025-01-27T11:29:57","slug":"auslaufhahn-messing-verchromt-gewindeanschluss-1-2-zoll-ag-schlauchanschluss-12mm","status":"publish","type":"product","link":"https:\/\/testshop.igel.wovodo.de\/fr\/product\/auslaufhahn-messing-verchromt-gewindeanschluss-1-2-zoll-ag-schlauchanschluss-12mm\/","title":{"rendered":"Auslaufhahn (Messing verchromt), Gewindeanschluss 1\/2 &#8221; Zoll AG \nSchlauchanschluss 12mm"},"content":{"rendered":"<div class=\"sale_description\">\n<p>Der Wasserhahn ist einfach f\u00fcr alle  Beh\u00e4lter einzubauen und l\u00e4sst mit einem Dreh das Wasser laufen. So kann man eine Gie\u00dfkanne oder einen Eimer bef\u00fcllen, ohne nasse Finger zu bekommen.<\/p>\n<p>Au\u00dferdem l\u00e4sst sich ein Gartenschlauch an diesem Wasserhahn problemlos anschlie\u00dfen.<\/p>\n<\/div>","protected":false},"excerpt":{"rendered":"<p>Aus Messing verchromt<\/p>","protected":false},"featured_media":36464,"comment_status":"open","ping_status":"closed","template":"","meta":[],"product_brand":[],"product_cat":[335,336,382,383,282,302,329,333,467,389,466,388,391,390,422,421,222,353,219,405],"product_tag":[],"class_list":{"0":"post-36465","1":"product","2":"type-product","3":"status-publish","4":"has-post-thumbnail","6":"product_cat-regentonne-saeule","7":"product_cat-saeule","8":"product_cat-regentonne-amphore-maja","9":"product_cat-maja","10":"product_cat-zubehoer-regentonnen","11":"product_cat-zubehoer-regentonnen-regentonne24","12":"product_cat-regentonne-brunnen","13":"product_cat-brunnen-regentonnen-regentonne24","14":"product_cat-exklusiv","15":"product_cat-baum","16":"product_cat-regentonne-exklusiv","17":"product_cat-regentonne-baum","18":"product_cat-nizza","19":"product_cat-regentonne-nizza","20":"product_cat-fels","21":"product_cat-regentonne-fels","22":"product_cat-fass","23":"product_cat-b-ware-regentonnen-regentonne24","24":"product_cat-regentonne-eichenfass","25":"product_cat-b-ware-regentonnen","27":"first","28":"instock","29":"taxable","30":"shipping-taxable","31":"purchasable","32":"product-type-simple"},"_links":{"self":[{"href":"https:\/\/testshop.igel.wovodo.de\/fr\/wp-json\/wp\/v2\/product\/36465","targetHints":{"allow":["GET"]}}],"collection":[{"href":"https:\/\/testshop.igel.wovodo.de\/fr\/wp-json\/wp\/v2\/product"}],"about":[{"href":"https:\/\/testshop.igel.wovodo.de\/fr\/wp-json\/wp\/v2\/types\/product"}],"replies":[{"embeddable":true,"href":"https:\/\/testshop.igel.wovodo.de\/fr\/wp-json\/wp\/v2\/comments?post=36465"}],"version-history":[{"count":1,"href":"https:\/\/testshop.igel.wovodo.de\/fr\/wp-json\/wp\/v2\/product\/36465\/revisions"}],"predecessor-version":[{"id":39000,"href":"https:\/\/testshop.igel.wovodo.de\/fr\/wp-json\/wp\/v2\/product\/36465\/revisions\/39000"}],"wp:featuredmedia":[{"embeddable":true,"href":"https:\/\/testshop.igel.wovodo.de\/fr\/wp-json\/wp\/v2\/media\/36464"}],"wp:attachment":[{"href":"https:\/\/testshop.igel.wovodo.de\/fr\/wp-json\/wp\/v2\/media?parent=36465"}],"wp:term":[{"taxonomy":"product_brand","embeddable":true,"href":"https:\/\/testshop.igel.wovodo.de\/fr\/wp-json\/wp\/v2\/product_brand?post=36465"},{"taxonomy":"product_cat","embeddable":true,"href":"https:\/\/testshop.igel.wovodo.de\/fr\/wp-json\/wp\/v2\/product_cat?post=36465"},{"taxonomy":"product_tag","embeddable":true,"href":"https:\/\/testshop.igel.wovodo.de\/fr\/wp-json\/wp\/v2\/product_tag?post=36465"}],"curies":[{"name":"wp","href":"https:\/\/api.w.org\/{rel}","templated":true}]}}