{"id":36475,"date":"2024-12-03T18:11:54","date_gmt":"2024-12-03T17:11:54","guid":{"rendered":"https:\/\/testshop.igel.wovodo.de\/product\/b-ware-diesel-exelenz-2-pumpe-mit-zaehler-hochwertiger-saug-und-druckschlauch-garnitur-automatik-zapfpistole-und-zubehoer\/"},"modified":"2025-01-27T12:30:00","modified_gmt":"2025-01-27T11:30:00","slug":"b-ware-diesel-exelenz-2-pumpe-mit-zaehler-hochwertiger-saug-und-druckschlauch-garnitur-automatik-zapfpistole-und-zubehoer","status":"publish","type":"product","link":"https:\/\/testshop.igel.wovodo.de\/fr\/product\/b-ware-diesel-exelenz-2-pumpe-mit-zaehler-hochwertiger-saug-und-druckschlauch-garnitur-automatik-zapfpistole-und-zubehoer\/","title":{"rendered":"B-Ware Diesel EXELENZ-2 Pumpe mit Z\u00e4hler, hochwertiger Saug- und Druckschlauch-Garnitur, Automatik-Zapfpistole und Zubeh\u00f6r"},"content":{"rendered":"<div class=\"sale_application\">\n<ul>\n<li>Betanken von Fahrzeugen aller Art mit Diesel<\/li>\n<li>Umpumpen, Umf\u00fcllen, Entleeren von Diesel- und Heiz\u00f6ltanks<\/li>\n<\/ul>\n<\/div>\n<div class=\"sale_description\"><font color=\"FF0000\"><b>B-Ware :<\/b><\/p>\n<ul>\n<li>l\u00e9gers d\u00e9fauts optiques (par ex. petites rayures, etc.)<\/li>\n<li>produit enti\u00e8rement fonctionnel<\/li>\n<li>garantie l\u00e9gale r\u00e9duite \u00e0 1 an maximum<\/li>\n<\/ul>\n<p><\/font><\/p>\n<p>Professionelle Dieself\u00f6rderung &#8211; mit unserer <b>elektrischen 230Volt-Dieselpumpe DIESEL EXELENZ &#8211; 2 mit vormontiertem Eisenrahmen und Z\u00e4hlwerk<\/b>. Unentbehrlich f\u00fcr jeden Fuhrpark , KFZ-Werkst\u00e4tten, Landwirtschaft, Autoverwertung usw! Wer viele Baumaschinen zu betanken hat &#8211; wird hier seine Freude daran haben! Hiermit betanken Sie m\u00fchelos jegliche Art von Fahrzeugen und Maschinen. F\u00fcr die Pumpe ist auch das Umf\u00fcllen von Heiz\u00f6ltanks kein Problem. Dank dem kr\u00e4ftigen 550W starken Motor und der Selbstansaugung ist dies schnell erledigt.<\/p>\n<p>Die Motorleistung der Dieselpumpe von 550W erm\u00f6glicht eine maximale F\u00f6rdermenge von 3600 l\/h. Die maximalen Pumpenh\u00f6he betr\u00e4gt 30 m. Bitte beachten Sie, dass die F\u00f6rdermenge bei steigender Pumpenh\u00f6he entsprechend abnimmt.<\/p>\n<p>Der mitgelieferte <b>Automatik-Zapfhahn mit Durchfluss-Verrastung<\/b>, Schlauch mit Messing-R\u00fcckschlagventil und das Z\u00e4hlwerk machen das Arbeiten leicht. Das <b>Z\u00e4hlwerk<\/b> zeigt beides an: den aktuellen und den gesamten Stand. Kontrollieren Sie den Verbrauch der einzelnen Maschinen und rechnen Sie entsprechend ab. Mit dieser Dieselpumpe mit Z\u00e4hlwerk werden Ihre Mitarbeiter zum sparsamen Umgang mit dem Diesel angeregt.<\/p>\n<p>Alle Pumpen sind EINZELST\u00dcCK &#8211; gepr\u00fcft auf Ihre Funktion. Daher k\u00f6nnen Reste der Pr\u00fcffl\u00fcssigkeit in der Pumpe \/ Verpackung vorhanden sein. Der Gesamtz\u00e4hler zeigt daher mehr als 0,0 Liter an (meist etwa 5-12L).<\/p>\n<p>Die Dieselpumpe und die Saugleitung sind bei der Inbetriebnahme blasenfrei mit Diesel zu bef\u00fcllen. Das mitgelieferte R\u00fcckschlagventil muss unbedingt am Ende der Saugleitung montiert und dicht sein.<\/p>\n<\/div>\n<h3>De nombreuses bonnes raisons d'acheter ce produit :<\/h3>\n<div class=\"sale_motive\">\n<ul>\n<li><span style=\"color: #ff0000\"><span style=\"color: black\">Komplettes Set mit Z\u00e4hler, Automatik-Pistole, Schlauch und allem Zubeh\u00f6r <\/span><\/span><\/li>\n<li><span style=\"color: #ff0000\"><span style=\"color: black\">Vormontierte Sauggarnitur mit 2m Saugschlauch <\/span><\/span><\/li>\n<li><span style=\"color: #ff0000\"><span style=\"color: black\"><span style=\"color: black\">selbstansaugend<\/span>,&nbsp;auch ohne&nbsp;vorhergehende Schlauch-Bef\u00fcllung <\/span><\/span><\/li>\n<li><span style=\"color: #ff0000\"><span style=\"color: black\">max. F\u00f6rdermenge 3600l\/h <\/span><\/span><\/li>\n<li><span style=\"color: #ff0000\"><span style=\"color: black\">max. F\u00f6rderh\u00f6he 30 m <\/span><\/span><\/li>\n<li><span style=\"color: #ff0000\"><span style=\"color: black\"><span style=\"color: black\">mit zuverl\u00e4ssigem Messing-R\u00fcckschlagventil<\/span> <\/span><\/span><\/li>\n<li><span style=\"color: #ff0000\"><span style=\"color: black\"><span style=\"color: black\">Schwere, robuste, bew\u00e4hrte Qualit\u00e4t<\/span> <\/span><\/span><\/li>\n<li><span style=\"color: #ff0000\"><span style=\"color: black\">Interrupteur \"marche\" et \"arr\u00eat\" avec dispositif de s\u00e9curit\u00e9<\/span><\/span><\/li>\n<\/ul>\n<\/div>","protected":false},"excerpt":{"rendered":"<p>230-Volt-Diesel-Pumpe mit Automatik-Zapfpistole, Z\u00e4hlwerk und Zubeh\u00f6r<br \/>\nF\u00f6rdermenge max. 3600 l\/h<br \/>\n  selbstansaugend | kraftvoll | robust<\/p>\n<p><b>Dieselpumpe mit Z\u00e4hler und hochwertigem Zubeh\u00f6r!<\/b><\/p>","protected":false},"featured_media":33856,"comment_status":"open","ping_status":"closed","template":"","meta":[],"product_brand":[],"product_cat":[182,176],"product_tag":[],"class_list":{"0":"post-36475","1":"product","2":"type-product","3":"status-publish","4":"has-post-thumbnail","6":"product_cat-b-ware-dieselpumpen","7":"product_cat-b-ware","9":"first","10":"instock","11":"sale","12":"taxable","13":"shipping-taxable","14":"purchasable","15":"product-type-simple"},"_links":{"self":[{"href":"https:\/\/testshop.igel.wovodo.de\/fr\/wp-json\/wp\/v2\/product\/36475","targetHints":{"allow":["GET"]}}],"collection":[{"href":"https:\/\/testshop.igel.wovodo.de\/fr\/wp-json\/wp\/v2\/product"}],"about":[{"href":"https:\/\/testshop.igel.wovodo.de\/fr\/wp-json\/wp\/v2\/types\/product"}],"replies":[{"embeddable":true,"href":"https:\/\/testshop.igel.wovodo.de\/fr\/wp-json\/wp\/v2\/comments?post=36475"}],"version-history":[{"count":1,"href":"https:\/\/testshop.igel.wovodo.de\/fr\/wp-json\/wp\/v2\/product\/36475\/revisions"}],"predecessor-version":[{"id":39004,"href":"https:\/\/testshop.igel.wovodo.de\/fr\/wp-json\/wp\/v2\/product\/36475\/revisions\/39004"}],"wp:featuredmedia":[{"embeddable":true,"href":"https:\/\/testshop.igel.wovodo.de\/fr\/wp-json\/wp\/v2\/media\/33856"}],"wp:attachment":[{"href":"https:\/\/testshop.igel.wovodo.de\/fr\/wp-json\/wp\/v2\/media?parent=36475"}],"wp:term":[{"taxonomy":"product_brand","embeddable":true,"href":"https:\/\/testshop.igel.wovodo.de\/fr\/wp-json\/wp\/v2\/product_brand?post=36475"},{"taxonomy":"product_cat","embeddable":true,"href":"https:\/\/testshop.igel.wovodo.de\/fr\/wp-json\/wp\/v2\/product_cat?post=36475"},{"taxonomy":"product_tag","embeddable":true,"href":"https:\/\/testshop.igel.wovodo.de\/fr\/wp-json\/wp\/v2\/product_tag?post=36475"}],"curies":[{"name":"wp","href":"https:\/\/api.w.org\/{rel}","templated":true}]}}