{"id":36529,"date":"2024-12-03T18:12:43","date_gmt":"2024-12-03T17:12:43","guid":{"rendered":"https:\/\/testshop.igel.wovodo.de\/product\/3-schicht-filter-mit-aktivkohle-fuer-airbrush-absauganlage-hobby-2-und-3\/"},"modified":"2025-01-27T12:30:38","modified_gmt":"2025-01-27T11:30:38","slug":"3-schicht-filter-mit-aktivkohle-fuer-airbrush-absauganlage-hobby-2-und-3","status":"publish","type":"product","link":"https:\/\/testshop.igel.wovodo.de\/fr\/product\/3-schicht-filter-mit-aktivkohle-fuer-airbrush-absauganlage-hobby-2-und-3\/","title":{"rendered":"Filtre \u00e0 3 couches avec charbon actif pour l'installation d'aspiration Airbrush HOBBY 2 et 3"},"content":{"rendered":"<div class=\"sale_application\">\n<ul>\n<li>3-Schicht-Ersatz-Filter \/ Austausch-Filter mit Aktivkohle<\/li>\n<\/ul>\n<\/div>\n<div class=\"sale_description\">\n<p>Der 3-Schicht-Filter mit Aktivkohle kann den Nebel und die Partikel besser absorbieren die w\u00e4hrend des Spr\u00fchprozesses entstehen.<br \/>\nDer Spr\u00fchnebel wird angesaugt und \u00fcber den Filter gereinigt und die Abluft ins Freie abgef\u00fchrt. Nicht einsetzbar f\u00fcr das Absaugen von gef\u00e4hrlichen, explosiven oder entflammbaren Substanzen.\n<\/p>\n<p>\nDer 3-Phasen-Filter von Profi-AirBrush f\u00fcr die Absauganlage HOBBY 2 hat viele wertvolle Vorteile.<\/p>\n<p>\nDurch das hervorragende Filtern von Staub und Farbe aus der Luft, minimiert der Filter mit Aktivkohle das potenzielle Gesundheitsrisiko durch das Einatmen von D\u00e4mpfen, Farbnebel und somit daraus resultierende Benommenheit oder auch Kopfschmerzen.<br \/>\nDar\u00fcber hinaus verhindert der Filter unsch\u00f6ne Verschmutzungen des Kunstwerks sowie der Arbeitsumgebung und sorgt so f\u00fcr eine bessere Luftqualit\u00e4t und ein angenehmeres Arbeitsklima.\n<\/p>\n<\/div>\n<h3>De nombreuses bonnes raisons d'acheter ce produit :<\/h3>\n<div class=\"sale_motive\"> <b>Ersatz 3-Schicht-Filter mit Aktivkohle f\u00fcr Airbrush Absauganlage HOBBY 2<\/b><\/p>\n<ul>\n<li>Filtern von Staub und Farbe aus der Luft<\/li>\n<li>minimiert das potenzielle Gesundheitsrisiko durch das Einatmen von D\u00e4mpfen<\/li>\n<li>verhindert unsch\u00f6ne Verschmutzungen des Kunstwerks sowie der Arbeitsumgebung<\/li>\n<\/ul>\n<\/div>","protected":false},"excerpt":{"rendered":"<p>Filtre de rechange \u00e0 3 couches avec charbon actif pour l'installation d'aspiration Airbrush HOBBY 2 et 3<\/p>","protected":false},"featured_media":34175,"comment_status":"open","ping_status":"closed","template":"","meta":[],"product_brand":[],"product_cat":[257,328,473,196,212,256,258],"product_tag":[],"class_list":{"0":"post-36529","1":"product","2":"type-product","3":"status-publish","4":"has-post-thumbnail","6":"product_cat-zubehoer-profi-airbrush","7":"product_cat-sets","8":"product_cat-kunstzeichnen-set","9":"product_cat-modellbau","10":"product_cat-airbrush-cosplay-set","11":"product_cat-zubehoer-airbrush","12":"product_cat-ersatzteile-zubehoer-profi-airbrush","14":"first","15":"instock","16":"taxable","17":"shipping-taxable","18":"purchasable","19":"product-type-simple"},"_links":{"self":[{"href":"https:\/\/testshop.igel.wovodo.de\/fr\/wp-json\/wp\/v2\/product\/36529","targetHints":{"allow":["GET"]}}],"collection":[{"href":"https:\/\/testshop.igel.wovodo.de\/fr\/wp-json\/wp\/v2\/product"}],"about":[{"href":"https:\/\/testshop.igel.wovodo.de\/fr\/wp-json\/wp\/v2\/types\/product"}],"replies":[{"embeddable":true,"href":"https:\/\/testshop.igel.wovodo.de\/fr\/wp-json\/wp\/v2\/comments?post=36529"}],"version-history":[{"count":0,"href":"https:\/\/testshop.igel.wovodo.de\/fr\/wp-json\/wp\/v2\/product\/36529\/revisions"}],"wp:featuredmedia":[{"embeddable":true,"href":"https:\/\/testshop.igel.wovodo.de\/fr\/wp-json\/wp\/v2\/media\/34175"}],"wp:attachment":[{"href":"https:\/\/testshop.igel.wovodo.de\/fr\/wp-json\/wp\/v2\/media?parent=36529"}],"wp:term":[{"taxonomy":"product_brand","embeddable":true,"href":"https:\/\/testshop.igel.wovodo.de\/fr\/wp-json\/wp\/v2\/product_brand?post=36529"},{"taxonomy":"product_cat","embeddable":true,"href":"https:\/\/testshop.igel.wovodo.de\/fr\/wp-json\/wp\/v2\/product_cat?post=36529"},{"taxonomy":"product_tag","embeddable":true,"href":"https:\/\/testshop.igel.wovodo.de\/fr\/wp-json\/wp\/v2\/product_tag?post=36529"}],"curies":[{"name":"wp","href":"https:\/\/api.w.org\/{rel}","templated":true}]}}