{"id":36580,"date":"2024-12-03T18:13:35","date_gmt":"2024-12-03T17:13:35","guid":{"rendered":"https:\/\/testshop.igel.wovodo.de\/product\/pumpenmodell-jr-350lv-1-mit-anschluss-fuer-1-licht-12v-50hz-neues-modell\/"},"modified":"2025-01-27T12:31:52","modified_gmt":"2025-01-27T11:31:52","slug":"pumpenmodell-jr-350lv-1-mit-anschluss-fuer-1-licht-12v-50hz-neues-modell","status":"publish","type":"product","link":"https:\/\/testshop.igel.wovodo.de\/fr\/product\/pumpenmodell-jr-350lv-1-mit-anschluss-fuer-1-licht-12v-50hz-neues-modell\/","title":{"rendered":"Pumpenmodell &#8211; JR-350LV\/1 mit Anschluss f\u00fcr 1 Licht \/ 12V 50HZ (neues Modell)"},"content":{"rendered":"<div class=\"sale_description\">\n<p>Diese 12V-Tauchpumpe ist geeignet f\u00fcr Springbrunnen, Teiche oder als Ersatzpumpe f\u00fcr den Artikel 230V &#8211; Gartenbrunnen <\/p>\n<ul>\n<li>230V &#8211; Gartenbrunnen AMPHORE VENUS mit LED-Licht (Art.Nr: <a class=\"headerNavigation\" href=\"https:\/\/www.profi-pumpe.de\/GARTEN-u-ZIMMER-BRUNNEN\/Gartenbrunnen\/230V-Gartenbrunnen-BAUMSTUMPF-STEINSCHALEN-mit-LED-Licht::1466.html\">SB02138-4<\/a>)<\/li>\n<li>230V &#8211; Gartenbrunnen AMPHORE KORFU mit LED-Licht (Art.Nr: <a class=\"headerNavigation\" href=\"https:\/\/www.profi-pumpe.de\/GARTEN-u-ZIMMER-BRUNNEN\/Gartenbrunnen\/230V-Garten-und-Zimmerbrunnen-AMPHORE-KORFU-mit-LED-Licht::1554.html\">SB02148-4<\/a>)<\/li>\n<li>230V &#8211; Gartenbrunnen RHEIN-GOLD mit LED-Licht (Art.Nr: <a class=\"headerNavigation\" href=\"https:\/\/www.profi-pumpe.de\/GARTEN-u-ZIMMER-BRUNNEN\/Gartenbrunnen\/230V-Gartenbrunnen-RHEIN-GOLD-mit-LED-Licht::1773.html\">GB02191-4<\/a>)<\/li>\n<\/ul>\n<p>Die maximale F\u00f6rdermenge betr\u00e4gt 350 Liter pro Stunde, die maximale F\u00f6rderh\u00f6he 0,75 Meter.<\/p>\n<\/div>\n<h3>De nombreuses bonnes raisons d'acheter ce produit :<\/h3>\n<div class=\"sale_motive\">\n<ul>\n<li>12-Volt Tauchpumpe mit Kabel 5m<\/li>\n<li>F\u00f6rdermenge max. 350L\/Std<\/li>\n<li>F\u00f6rderh\u00f6he max. 0,75m<\/li>\n<\/ul>\n<\/div>","protected":false},"excerpt":{"rendered":"<p>Tauchpumpe f\u00fcr Springbrunnen oder Teich und als Ersatzpumpe\n  <\/p>\n<p>F\u00f6rdermenge 350L\/Std.<\/p><\/p>","protected":false},"featured_media":37688,"comment_status":"open","ping_status":"closed","template":"","meta":[],"product_brand":[],"product_cat":[255,349],"product_tag":[],"class_list":{"0":"post-36580","1":"product","2":"type-product","3":"status-publish","4":"has-post-thumbnail","6":"product_cat-zubehoer","7":"product_cat-ersatzteile-gartenbrunnen","9":"first","10":"instock","11":"taxable","12":"shipping-taxable","13":"purchasable","14":"product-type-simple"},"_links":{"self":[{"href":"https:\/\/testshop.igel.wovodo.de\/fr\/wp-json\/wp\/v2\/product\/36580","targetHints":{"allow":["GET"]}}],"collection":[{"href":"https:\/\/testshop.igel.wovodo.de\/fr\/wp-json\/wp\/v2\/product"}],"about":[{"href":"https:\/\/testshop.igel.wovodo.de\/fr\/wp-json\/wp\/v2\/types\/product"}],"replies":[{"embeddable":true,"href":"https:\/\/testshop.igel.wovodo.de\/fr\/wp-json\/wp\/v2\/comments?post=36580"}],"version-history":[{"count":1,"href":"https:\/\/testshop.igel.wovodo.de\/fr\/wp-json\/wp\/v2\/product\/36580\/revisions"}],"predecessor-version":[{"id":39019,"href":"https:\/\/testshop.igel.wovodo.de\/fr\/wp-json\/wp\/v2\/product\/36580\/revisions\/39019"}],"wp:featuredmedia":[{"embeddable":true,"href":"https:\/\/testshop.igel.wovodo.de\/fr\/wp-json\/wp\/v2\/media\/37688"}],"wp:attachment":[{"href":"https:\/\/testshop.igel.wovodo.de\/fr\/wp-json\/wp\/v2\/media?parent=36580"}],"wp:term":[{"taxonomy":"product_brand","embeddable":true,"href":"https:\/\/testshop.igel.wovodo.de\/fr\/wp-json\/wp\/v2\/product_brand?post=36580"},{"taxonomy":"product_cat","embeddable":true,"href":"https:\/\/testshop.igel.wovodo.de\/fr\/wp-json\/wp\/v2\/product_cat?post=36580"},{"taxonomy":"product_tag","embeddable":true,"href":"https:\/\/testshop.igel.wovodo.de\/fr\/wp-json\/wp\/v2\/product_tag?post=36580"}],"curies":[{"name":"wp","href":"https:\/\/api.w.org\/{rel}","templated":true}]}}