{"id":29969,"date":"2024-10-31T14:04:39","date_gmt":"2024-10-31T13:04:39","guid":{"rendered":"https:\/\/testshop.igel.wovodo.de\/product\/airbrush-koerper-selbstbraeunungs-lotion-4er-set\/"},"modified":"2025-01-27T12:28:02","modified_gmt":"2025-01-27T11:28:02","slug":"airbrush-koerper-selbstbraeunungs-lotion-4er-set","status":"publish","type":"product","link":"https:\/\/testshop.igel.wovodo.de\/it\/product\/airbrush-koerper-selbstbraeunungs-lotion-4er-set\/","title":{"rendered":"Airbrush K\u00f6rper-Selbstbr\u00e4unungs Lotion 4er Set"},"content":{"rendered":"<div class=\"sale_application\">\n<p>Ideal mit Airbrush-Kompressor und Airbrush-Pistole f&uuml;r Airbrush-Tanning anzuwenden!<\/p>\n<\/p><\/div>\n<div class=\"sale_description\">\n<p>Mit unserer <strong>Airbrush K\u00f6rper-Selbstbr\u00e4unungs-Lotion<\/strong> f\u00fcr Sunless Self Tanning mit Airbrush erhalten Sie den Zauber und den Laufsteg-Glamour aus Hollywood! Gesunde, sch\u00f6ne und nahtlose Br\u00e4une, ganz wie die Stars!<\/p>\n<p>Die Airbrush Tan Lotion wurde speziell f\u00fcr Anwendungen mit Airbrushkompressor und Airbrushpistole entwickelt.<\/p>\n<p> Unsere Selbstbr\u00e4unungs-Lotion ist einfach, sicher und effizient in der Anwendung: Im Gegensatz zur Br\u00e4une durch Sonneneinwirkung oder Solarium-Besuche gehen Sie mit unserer Selbstbr\u00e4unungslotion keine gesundheitlichen Risiken ein. Eine Anwendung ersetzt ca. 6 sch\u00e4dliche UV-Strahlen-Br\u00e4unungen im Sonnenstudio. Die Spr\u00fchbr\u00e4une pflegt Ihre Haut und l\u00e4sst sie nat\u00fcrlich braun aussehen &#8211; ohne &#8220;Orange-Effekt&#8221;, ohne &#8220;Streifenh\u00f6rncheneffekt&#8221;.<\/p>\n<p> Enth\u00e4lt 12% DHA f\u00fcr eine intensive Br\u00e4une!<\/p>\n<p>Wir empfehlen die <a href=\"\/it\/AIRBRUSH-PISTOLEN\/Airbrushpistole-Profi-AirBrush-Gravity-Single-Action-Gun-2002-D-0-3::296.html\/\">Gravity Single-Action-Gun-2002-D-0-3<\/a>. Diese Airbrushpistole ist mit zwei &#8211; f\u00fcr Airbrush-Anwendungen &#8211; gro\u00dfen Beh\u00e4ltern ausgestattet (20ml\/ 40ml).<\/p>\n<p> Aber auch mit einer Double-Action-Gun, die \u00fcber eine Nadel-\/D\u00fcsenst\u00e4rke zwischen 0,3 bis 0,5 mm verf\u00fcgt, treffen Sie eine gute Wahl. Hier geht es zu unserer Auswahl:<a href=\"\/it\/AIRBRUSH-PISTOLEN:::3.html\/\"> Pistole per aerografo<\/a>.<\/p>\n<p>Sie ben\u00f6tigen auch einen Airbrush-Kompressor? Ihr Airbrush-Komplett-Set ist nur wenige Klicks entfernt:  <a href=\"\/it\/SELBSTBRAeUNUNG:::44.html\/\">Airbrush-Sets Selbstbr\u00e4unung<\/a>.<\/p>\n<\/div>\n<h3>Molti buoni motivi per acquistare questo prodotto:<\/h3>\n<div class=\"sale_motive\">\n<ul>\n<li>einfach und sicher in der Anwendung<\/li>\n<li>speziell f\u00fcr die Anwendung mit Airbrush-Kompressor und Airbrushpistole entwickelt<\/li>\n<li>nat\u00fcrlich wirkende Br\u00e4une ohne gesundheitliches Risiko<\/li>\n<li>pflegt und sch\u00fctzt die Haut<\/li>\n<li>ersetzt bis zu 6 Br\u00e4unungen im Studio<\/li>\n<li>professionelles, gleichm\u00e4\u00dfiges Ergebnis &#8211; ohne Streifen, ohne Flecken, ohne Orange-Effekt<\/li>\n<li>f\u00fcr Profis sowie auch f\u00fcr Einsteiger geeignet<\/li>\n<\/ul>\n<\/div>","protected":false},"excerpt":{"rendered":"<p>Ideal mit Airbrush-Kompressor und Airbrush-Pistole f&uuml;r Airbrush-Tanning anzuwenden! Mit unserer Airbrush K\u00f6rper-Selbstbr\u00e4unungs-Lotion f\u00fcr Sunless Self Tanning mit Airbrush erhalten Sie<\/p>","protected":false},"featured_media":31056,"comment_status":"open","ping_status":"closed","template":"","meta":[],"product_brand":[],"product_cat":[238,235,237],"product_tag":[],"class_list":{"0":"post-29969","1":"product","2":"type-product","3":"status-publish","4":"has-post-thumbnail","6":"product_cat-airbrush-tanning","7":"product_cat-airbrush-farben","8":"product_cat-airbrush-farben-set","10":"first","11":"instock","12":"taxable","13":"shipping-taxable","14":"purchasable","15":"product-type-simple"},"_links":{"self":[{"href":"https:\/\/testshop.igel.wovodo.de\/it\/wp-json\/wp\/v2\/product\/29969","targetHints":{"allow":["GET"]}}],"collection":[{"href":"https:\/\/testshop.igel.wovodo.de\/it\/wp-json\/wp\/v2\/product"}],"about":[{"href":"https:\/\/testshop.igel.wovodo.de\/it\/wp-json\/wp\/v2\/types\/product"}],"replies":[{"embeddable":true,"href":"https:\/\/testshop.igel.wovodo.de\/it\/wp-json\/wp\/v2\/comments?post=29969"}],"version-history":[{"count":1,"href":"https:\/\/testshop.igel.wovodo.de\/it\/wp-json\/wp\/v2\/product\/29969\/revisions"}],"predecessor-version":[{"id":34591,"href":"https:\/\/testshop.igel.wovodo.de\/it\/wp-json\/wp\/v2\/product\/29969\/revisions\/34591"}],"wp:featuredmedia":[{"embeddable":true,"href":"https:\/\/testshop.igel.wovodo.de\/it\/wp-json\/wp\/v2\/media\/31056"}],"wp:attachment":[{"href":"https:\/\/testshop.igel.wovodo.de\/it\/wp-json\/wp\/v2\/media?parent=29969"}],"wp:term":[{"taxonomy":"product_brand","embeddable":true,"href":"https:\/\/testshop.igel.wovodo.de\/it\/wp-json\/wp\/v2\/product_brand?post=29969"},{"taxonomy":"product_cat","embeddable":true,"href":"https:\/\/testshop.igel.wovodo.de\/it\/wp-json\/wp\/v2\/product_cat?post=29969"},{"taxonomy":"product_tag","embeddable":true,"href":"https:\/\/testshop.igel.wovodo.de\/it\/wp-json\/wp\/v2\/product_tag?post=29969"}],"curies":[{"name":"wp","href":"https:\/\/api.w.org\/{rel}","templated":true}]}}