{"id":29987,"date":"2024-10-31T14:04:53","date_gmt":"2024-10-31T13:04:53","guid":{"rendered":"https:\/\/testshop.igel.wovodo.de\/product\/ansaugset-10-fuer-regen-star-automatic-mit-schlauchtuelle-ueberwurfmutter-ag-1-1-4-schlauchanschluss-25mm\/"},"modified":"2025-01-27T12:28:08","modified_gmt":"2025-01-27T11:28:08","slug":"ansaugset-10-fuer-regen-star-automatic-mit-schlauchtuelle-ueberwurfmutter-ag-1-1-4-schlauchanschluss-25mm","status":"publish","type":"product","link":"https:\/\/testshop.igel.wovodo.de\/it\/product\/ansaugset-10-fuer-regen-star-automatic-mit-schlauchtuelle-ueberwurfmutter-ag-1-1-4-schlauchanschluss-25mm\/","title":{"rendered":"Ansaugset 10 f\u00fcr REGEN-STAR-AUTOMATIC mit Schlaucht\u00fclle \u00dcberwurfmutter AG 1 1\/4&#8243; Schlauchanschluss 25mm"},"content":{"rendered":"<div class=\"sale_application\">\n<ul>\n<li>zur automatischen Brauchwasserversorgung in Haus und Garten\n<\/li>\n<li>Utilizzo dell'acqua piovana\n<\/li>\n<li>f\u00fcr Tauchpumpen geeignet (f\u00fcr REGEN-STAR-AUTOMATIC)<\/li>\n<\/ul><\/div>\n<div class=\"sale_description\">\n<p>Die schwimmende Ansaugung wird an die Saugseite einer Pumpe angeschlossen. Das Set sorgt daf\u00fcr, dass keine Sedimente, schlimmstenfalls Sand, angesaugt werden und die Laufr\u00e4der der Pumpe besch\u00e4digen k\u00f6nnen.<\/p>\n<p>Der Ansaugkorb ist an einer Schwimmerkugel befestigt und saugt etwa 10cm unter der Wasseroberfl\u00e4che sauberes Regenwasser an. Der grobmaschige Ansaugkorb (ca. 1mm) verhindert eine rasche Zusetzung und vorzeitige Pumpenausf\u00e4lle.<\/p>\n<\/div>\n<h3>Molti buoni motivi per acquistare questo prodotto:<\/h3>\n<div class=\"sale_motive\">\n<ul>\n<li>verhindert Sch\u00e4den an der Pumpe<\/li>\n<li>lichtundurchl\u00e4ssiger und knickstabiler Schlauch<\/li>\n<li>Anschlussteile aus Messing<\/li>\n<li>leicht zu montieren<\/li>\n<\/ul>\n<\/div>","protected":false},"excerpt":{"rendered":"<p>zur automatischen Brauchwasserversorgung in Haus und Garten Regenwassernutzung f\u00fcr Tauchpumpen geeignet (f\u00fcr REGEN-STAR-AUTOMATIC) Die schwimmende Ansaugung wird an die Saugseite<\/p>","protected":false},"featured_media":39819,"comment_status":"open","ping_status":"closed","template":"","meta":[],"product_brand":[],"product_cat":[269,199,201],"product_tag":[],"class_list":{"0":"post-29987","1":"product","2":"type-product","3":"status-publish","4":"has-post-thumbnail","6":"product_cat-ansaug-sets","7":"product_cat-zubehoer-hww","8":"product_cat-zubehoer-tauchpumpen","10":"first","11":"instock","12":"taxable","13":"shipping-taxable","14":"purchasable","15":"product-type-simple"},"_links":{"self":[{"href":"https:\/\/testshop.igel.wovodo.de\/it\/wp-json\/wp\/v2\/product\/29987","targetHints":{"allow":["GET"]}}],"collection":[{"href":"https:\/\/testshop.igel.wovodo.de\/it\/wp-json\/wp\/v2\/product"}],"about":[{"href":"https:\/\/testshop.igel.wovodo.de\/it\/wp-json\/wp\/v2\/types\/product"}],"replies":[{"embeddable":true,"href":"https:\/\/testshop.igel.wovodo.de\/it\/wp-json\/wp\/v2\/comments?post=29987"}],"version-history":[{"count":1,"href":"https:\/\/testshop.igel.wovodo.de\/it\/wp-json\/wp\/v2\/product\/29987\/revisions"}],"predecessor-version":[{"id":34609,"href":"https:\/\/testshop.igel.wovodo.de\/it\/wp-json\/wp\/v2\/product\/29987\/revisions\/34609"}],"wp:featuredmedia":[{"embeddable":true,"href":"https:\/\/testshop.igel.wovodo.de\/it\/wp-json\/wp\/v2\/media\/39819"}],"wp:attachment":[{"href":"https:\/\/testshop.igel.wovodo.de\/it\/wp-json\/wp\/v2\/media?parent=29987"}],"wp:term":[{"taxonomy":"product_brand","embeddable":true,"href":"https:\/\/testshop.igel.wovodo.de\/it\/wp-json\/wp\/v2\/product_brand?post=29987"},{"taxonomy":"product_cat","embeddable":true,"href":"https:\/\/testshop.igel.wovodo.de\/it\/wp-json\/wp\/v2\/product_cat?post=29987"},{"taxonomy":"product_tag","embeddable":true,"href":"https:\/\/testshop.igel.wovodo.de\/it\/wp-json\/wp\/v2\/product_tag?post=29987"}],"curies":[{"name":"wp","href":"https:\/\/api.w.org\/{rel}","templated":true}]}}