{"id":30004,"date":"2024-10-31T14:05:07","date_gmt":"2024-10-31T13:05:07","guid":{"rendered":"https:\/\/testshop.igel.wovodo.de\/product\/extenderring-fuer-10in1-multikocher\/"},"modified":"2025-01-27T12:28:13","modified_gmt":"2025-01-27T11:28:13","slug":"extenderring-fuer-10in1-multikocher","status":"publish","type":"product","link":"https:\/\/testshop.igel.wovodo.de\/it\/product\/extenderring-fuer-10in1-multikocher\/","title":{"rendered":"Anello di estensione per multicooker 10in1"},"content":{"rendered":"<div class=\"sale_application\">\n<ul>\n<li>Erweiterungsring f\u00fcr ECO AIR-PROFI 1350W H-DC<\/li>\n<\/ul><\/div>\n<div class=\"sale_description\">\n<p>Der Extender-Ring geh\u00f6rt zum Standard-Umfang des Haushaltger\u00e4ts <b>Hei\u00dfluft-Fritteuse &amp; 10in1-Multikocher ECO AIR-PROFI 1350W H-DC<\/b>. In diesem Angebot als Ersatz-Artikel erh\u00e4ltlich, erweitert der praktische Extender-Ring das Fassungsverm\u00f6gen der 12 Liter gro\u00dfen Glasschale auf 17 Liter. Gut f\u00fcr gro\u00dfe Portionen!<\/p>\n<\/div>\n<h3>Molti buoni motivi per acquistare questo prodotto:<\/h3>\n<div class=\"sale_motive\">\n<ul>\n<li>Exklusives Ersatzteil<\/li>\n<li>Erweitert das Fassungsverm\u00f6gen des ECO AIR-PROFI 1350W H-DC um 5 Liter<\/li>\n<\/ul>\n<\/div>","protected":false},"excerpt":{"rendered":"<p>Extenderring f\u00fcr ECO AIR-PROFI 1350W H-DC<\/p>\n<p>Erweitert das Fassungsverm\u00f6gen von 12 auf 17 Liter!<\/p>","protected":false},"featured_media":31215,"comment_status":"open","ping_status":"closed","template":"","meta":[],"product_brand":[],"product_cat":[289],"product_tag":[],"class_list":{"0":"post-30004","1":"product","2":"type-product","3":"status-publish","4":"has-post-thumbnail","6":"product_cat-zubehoer-haushaltsgeraete","8":"first","9":"instock","10":"taxable","11":"shipping-taxable","12":"purchasable","13":"product-type-simple"},"_links":{"self":[{"href":"https:\/\/testshop.igel.wovodo.de\/it\/wp-json\/wp\/v2\/product\/30004","targetHints":{"allow":["GET"]}}],"collection":[{"href":"https:\/\/testshop.igel.wovodo.de\/it\/wp-json\/wp\/v2\/product"}],"about":[{"href":"https:\/\/testshop.igel.wovodo.de\/it\/wp-json\/wp\/v2\/types\/product"}],"replies":[{"embeddable":true,"href":"https:\/\/testshop.igel.wovodo.de\/it\/wp-json\/wp\/v2\/comments?post=30004"}],"version-history":[{"count":1,"href":"https:\/\/testshop.igel.wovodo.de\/it\/wp-json\/wp\/v2\/product\/30004\/revisions"}],"predecessor-version":[{"id":34625,"href":"https:\/\/testshop.igel.wovodo.de\/it\/wp-json\/wp\/v2\/product\/30004\/revisions\/34625"}],"wp:featuredmedia":[{"embeddable":true,"href":"https:\/\/testshop.igel.wovodo.de\/it\/wp-json\/wp\/v2\/media\/31215"}],"wp:attachment":[{"href":"https:\/\/testshop.igel.wovodo.de\/it\/wp-json\/wp\/v2\/media?parent=30004"}],"wp:term":[{"taxonomy":"product_brand","embeddable":true,"href":"https:\/\/testshop.igel.wovodo.de\/it\/wp-json\/wp\/v2\/product_brand?post=30004"},{"taxonomy":"product_cat","embeddable":true,"href":"https:\/\/testshop.igel.wovodo.de\/it\/wp-json\/wp\/v2\/product_cat?post=30004"},{"taxonomy":"product_tag","embeddable":true,"href":"https:\/\/testshop.igel.wovodo.de\/it\/wp-json\/wp\/v2\/product_tag?post=30004"}],"curies":[{"name":"wp","href":"https:\/\/api.w.org\/{rel}","templated":true}]}}