{"id":30028,"date":"2024-10-31T14:05:22","date_gmt":"2024-10-31T13:05:22","guid":{"rendered":"https:\/\/testshop.igel.wovodo.de\/product\/auslaufhahn-wasserhahn-fuer-regentonnen-regenfass-regenspeicher-wasserbehaelter\/"},"modified":"2025-01-27T12:28:18","modified_gmt":"2025-01-27T11:28:18","slug":"auslaufhahn-wasserhahn-fuer-regentonnen-regenfass-regenspeicher-wasserbehaelter","status":"publish","type":"product","link":"https:\/\/testshop.igel.wovodo.de\/it\/product\/auslaufhahn-wasserhahn-fuer-regentonnen-regenfass-regenspeicher-wasserbehaelter\/","title":{"rendered":"Rubinetto di uscita, rubinetto d'acqua per barili a pioggia, barile a pioggia, serbatoio di stoccaggio dell'acqua piovana, serbatoio d'acqua"},"content":{"rendered":"<div class=\"sale_description\">\n<p>Der Wasserhahn ist einfach in jede Regentonne einzubauen und l\u00e4sst mit einem Dreh das Wasser laufen. So kann man eine Gie\u00dfkanne oder einen Eimer bef\u00fcllen, ohne nasse Finger zu bekommen.<\/p>\n<p>Der Wasserhahn hat ein verl\u00e4ngertes Gewinde. Dadurch kann der Wasserhahn auch bei Regentonnen mit dickerer Wandst\u00e4rke verwendet werden.<\/p>\n<p>Bei Regentonnen mit vorgeformten 3\/4&#8243;-Innengewinde wird der Hahn ohne Mutter einfach in das Gewinde eingeschraubt. Bei evtl. Undichtigkeit kann mit ein paar Windungen Silikondichtband am Hahngewinde nachgedichtet werden.<\/p>\n<p><b>VERSAND erfolgt per BRIEF\/WARENSENDUNG, deswegen ist eine Laufzeit im Inland bis ca. 7 Tagen m\u00f6glich. Streikbedingt kann die Lieferzeit auch deutlich l\u00e4nger betragen<\/b><\/p>\n<\/div>\n<h3>Molti buoni motivi per acquistare questo prodotto:<\/h3>\n<div class=\"sale_motive\">\n<ul>\n<li>einfache Montage<\/li>\n<li>g\u00e4nginge Gr\u00f6\u00dfe<\/li>\n<li>verl\u00e4ngertes Gewinde<\/li>\n<li>aus robustem Polyethylen<\/li>\n<li>inkl. Mutter und O-Dichtung<\/li>\n<\/ul>\n<\/div>","protected":false},"excerpt":{"rendered":"<p>Der Wasserhahn ist einfach in jede Regentonne einzubauen und l\u00e4sst mit einem Dreh das Wasser laufen. So kann man eine<\/p>","protected":false},"featured_media":31326,"comment_status":"open","ping_status":"closed","template":"","meta":[],"product_brand":[],"product_cat":[282,302],"product_tag":[],"class_list":{"0":"post-30028","1":"product","2":"type-product","3":"status-publish","4":"has-post-thumbnail","6":"product_cat-zubehoer-regentonnen","7":"product_cat-zubehoer-regentonnen-regentonne24","9":"first","10":"instock","11":"taxable","12":"shipping-taxable","13":"purchasable","14":"product-type-simple"},"_links":{"self":[{"href":"https:\/\/testshop.igel.wovodo.de\/it\/wp-json\/wp\/v2\/product\/30028","targetHints":{"allow":["GET"]}}],"collection":[{"href":"https:\/\/testshop.igel.wovodo.de\/it\/wp-json\/wp\/v2\/product"}],"about":[{"href":"https:\/\/testshop.igel.wovodo.de\/it\/wp-json\/wp\/v2\/types\/product"}],"replies":[{"embeddable":true,"href":"https:\/\/testshop.igel.wovodo.de\/it\/wp-json\/wp\/v2\/comments?post=30028"}],"version-history":[{"count":1,"href":"https:\/\/testshop.igel.wovodo.de\/it\/wp-json\/wp\/v2\/product\/30028\/revisions"}],"predecessor-version":[{"id":34648,"href":"https:\/\/testshop.igel.wovodo.de\/it\/wp-json\/wp\/v2\/product\/30028\/revisions\/34648"}],"wp:featuredmedia":[{"embeddable":true,"href":"https:\/\/testshop.igel.wovodo.de\/it\/wp-json\/wp\/v2\/media\/31326"}],"wp:attachment":[{"href":"https:\/\/testshop.igel.wovodo.de\/it\/wp-json\/wp\/v2\/media?parent=30028"}],"wp:term":[{"taxonomy":"product_brand","embeddable":true,"href":"https:\/\/testshop.igel.wovodo.de\/it\/wp-json\/wp\/v2\/product_brand?post=30028"},{"taxonomy":"product_cat","embeddable":true,"href":"https:\/\/testshop.igel.wovodo.de\/it\/wp-json\/wp\/v2\/product_cat?post=30028"},{"taxonomy":"product_tag","embeddable":true,"href":"https:\/\/testshop.igel.wovodo.de\/it\/wp-json\/wp\/v2\/product_tag?post=30028"}],"curies":[{"name":"wp","href":"https:\/\/api.w.org\/{rel}","templated":true}]}}