{"id":30042,"date":"2024-10-31T14:05:32","date_gmt":"2024-10-31T13:05:32","guid":{"rendered":"https:\/\/testshop.igel.wovodo.de\/product\/profi-airbrush-holder-h3\/"},"modified":"2025-01-27T12:28:22","modified_gmt":"2025-01-27T11:28:22","slug":"profi-airbrush-holder-h3","status":"publish","type":"product","link":"https:\/\/testshop.igel.wovodo.de\/it\/product\/profi-airbrush-holder-h3\/","title":{"rendered":"Profi-AirBrush Holder H3"},"content":{"rendered":"<div class=\"sale_application\">\n<p><strong>Ideal f\u00fcr alle Airbrush-Pistolen.<\/strong><\/p>\n<ul>\n<li>sichere Ablage von bis zu 4 Spritzpistolen<\/li>\n<li>Kunststoffummantelungen verhindern das Verkratzen der wertvollen Pistolen<\/li>\n<li>2 schwenkbare Doppelkrallen und 2 Kunststoffh\u00fclsen f\u00fcr verschiedene Pistolenarten<\/li>\n<li>Zum Anmontieren an Tischplatte oder Werkbank<\/li>\n<\/ul><\/div>\n<div class=\"sale_description\">\n<p>Der Airbrush Halter \u201eProfi- AirBrush Holder H3\u201c dient der sicheren Aufbewahrung der Spr\u00fchpistolen, ohne dass Farbe ausl\u00e4uft oder sie einfach beim Ablegen umfallen. Bis zu 4 Ger\u00e4te finden auf dem Halter Platz. Der \u201eProfi- AirBrush Holder H3\u201c wird fest an einer Tischplatte anmontiert. Geeignet auch f\u00fcr die meisten Werkb\u00e4nke.<\/p>\n<p>Die beiden oberen Halterungskrallen sind kunststoffbeschichtet und vermeiden so ein Verkratzen der Spritzpistolen. F\u00fcr einen noch besseren Halt sind die Doppelb\u00fcgel unabh\u00e4ngig voneinander schwenkbar. Die unteren Ablagen bestehen aus 2 Kunststoffh\u00fclsen.<\/p>\n<\/div>\n<h3>Molti buoni motivi per acquistare questo prodotto:<\/h3>\n<div class=\"sale_motive\">\n<ul>\n<li>sichere Ablage von bis zu 4 Spritzpistolen<\/li>\n<li>Kunststoffummantelungen verhindern das Verkratzen der wertvollen Pistolen<\/li>\n<li>2 schwenkbare Doppelkrallen und 2 Kunststoffh\u00fclsen f\u00fcr verschiedene Pistolenarten<\/li>\n<li>Zum Anmontieren an Tischplatte oder Werkbank<\/li>\n<\/ul>\n<\/div>","protected":false},"excerpt":{"rendered":"<p>4-fach Halterung zur sicheren Aufbewahrung von Airbrush-Spr\u00fchpistolen<\/p>","protected":false},"featured_media":31506,"comment_status":"open","ping_status":"closed","template":"","meta":[],"product_brand":[],"product_cat":[328,256],"product_tag":[],"class_list":{"0":"post-30042","1":"product","2":"type-product","3":"status-publish","4":"has-post-thumbnail","6":"product_cat-sets","7":"product_cat-zubehoer-airbrush","9":"first","10":"instock","11":"taxable","12":"shipping-taxable","13":"purchasable","14":"product-type-simple"},"_links":{"self":[{"href":"https:\/\/testshop.igel.wovodo.de\/it\/wp-json\/wp\/v2\/product\/30042","targetHints":{"allow":["GET"]}}],"collection":[{"href":"https:\/\/testshop.igel.wovodo.de\/it\/wp-json\/wp\/v2\/product"}],"about":[{"href":"https:\/\/testshop.igel.wovodo.de\/it\/wp-json\/wp\/v2\/types\/product"}],"replies":[{"embeddable":true,"href":"https:\/\/testshop.igel.wovodo.de\/it\/wp-json\/wp\/v2\/comments?post=30042"}],"version-history":[{"count":1,"href":"https:\/\/testshop.igel.wovodo.de\/it\/wp-json\/wp\/v2\/product\/30042\/revisions"}],"predecessor-version":[{"id":34662,"href":"https:\/\/testshop.igel.wovodo.de\/it\/wp-json\/wp\/v2\/product\/30042\/revisions\/34662"}],"wp:featuredmedia":[{"embeddable":true,"href":"https:\/\/testshop.igel.wovodo.de\/it\/wp-json\/wp\/v2\/media\/31506"}],"wp:attachment":[{"href":"https:\/\/testshop.igel.wovodo.de\/it\/wp-json\/wp\/v2\/media?parent=30042"}],"wp:term":[{"taxonomy":"product_brand","embeddable":true,"href":"https:\/\/testshop.igel.wovodo.de\/it\/wp-json\/wp\/v2\/product_brand?post=30042"},{"taxonomy":"product_cat","embeddable":true,"href":"https:\/\/testshop.igel.wovodo.de\/it\/wp-json\/wp\/v2\/product_cat?post=30042"},{"taxonomy":"product_tag","embeddable":true,"href":"https:\/\/testshop.igel.wovodo.de\/it\/wp-json\/wp\/v2\/product_tag?post=30042"}],"curies":[{"name":"wp","href":"https:\/\/api.w.org\/{rel}","templated":true}]}}