{"id":30068,"date":"2024-10-31T14:05:49","date_gmt":"2024-10-31T13:05:49","guid":{"rendered":"https:\/\/testshop.igel.wovodo.de\/product\/solar-panel-mit-akku-9v-3-watt\/"},"modified":"2025-01-27T12:28:32","modified_gmt":"2025-01-27T11:28:32","slug":"solar-panel-mit-akku-9v-3-watt","status":"publish","type":"product","link":"https:\/\/testshop.igel.wovodo.de\/it\/product\/solar-panel-mit-akku-9v-3-watt\/","title":{"rendered":"Solar Panel mit Akku 9V 3 Watt"},"content":{"rendered":"<div class=\"sale_application\">\n<p>Diese Solar Panel passt zu folgenden Solar-Brunnen Model:\n  <\/p>\n<ul>\n<li>Solar Gartenbrunnen BAUMWURZEL &amp; STEIN-KASKADE mit LED-Licht (Art.Nr: <a class=\"headerNavigation\" href=\"https:\/\/www.profi-pumpe.de\/GARTEN-u-ZIMMER-BRUNNEN\/Brunnen-mit-Solar-Betrieb\/Solar-Gartenbrunnen-Wasserspiel-BAUMWURZEL-STEIN-KASKADE-mit-Li-Ion-Akku::1883.html\">SB02130-S4<\/a>)<\/li>\n<li>Solar Gartenbrunnen 3-Stufige STEIN-KASKADE mit LED-Licht (Art.Nr: <a class=\"headerNavigation\" href=\"https:\/\/www.profi-pumpe.de\/GARTEN-u-ZIMMER-BRUNNEN\/Brunnen-mit-Solar-Betrieb\/Solar-Gartenbrunnen-Wasserspiel-3-Stufige-STEIN-KASKADE-mit-Li-Ion-Akku::1886.html\">SB02141-S4<\/a>)<\/li>\n<li>Solar Gartenbrunnen M\u00c4RCHENWALD mit LED-Licht (Art.Nr: <a class=\"headerNavigation\" href=\"https:\/\/www.profi-pumpe.de\/GARTEN-u-ZIMMER-BRUNNEN\/Brunnen-mit-Solar-Betrieb\/Solar-Gartenbrunnen-Wasserspiel-MAeRCHENWALD-mit-Li-Ion-Akku::1933.html\">SB02134-S4<\/a>)<\/li>\n<li>Solar Gartenbrunnen FELS-ZAUBER mit LED-Licht (Art.Nr: <a class=\"headerNavigation\" href=\"https:\/\/www.profi-pumpe.de\/GARTEN-u-ZIMMER-BRUNNEN\/Brunnen-mit-Solar-Betrieb\/Solar-Gartenbrunnen-Wasserspiel-FELS-ZAUBER-mit-Li-Ion-Akku::1887.html\">GB02189-S4<\/a>)<\/li>\n<li>Solar Gartenbrunnen RHEIN-GOLD mit LED-Licht (Art.Nr: <a class=\"headerNavigation\" href=\"https:\/\/www.profi-pumpe.de\/GARTEN-u-ZIMMER-BRUNNEN\/Brunnen-mit-Solar-Betrieb\/Solar-Gartenbrunnen-Wasserspiel-RHEIN-GOLD-mit-Li-Ion-Akku::1890.html\">GB02191-S4<\/a>)<\/li>\n<li>Solar Gartenbrunnen ZHEN RUHE-QUELLE mit LED-Licht (Art.Nr: <a class=\"headerNavigation\" href=\"https:\/\/www.profi-pumpe.de\/GARTEN-u-ZIMMER-BRUNNEN\/Brunnen-mit-Solar-Betrieb\/Solar-Gartenbrunnen-Wasserspiel-ZHEN-RUHE-QUELLE-mit-Li-Ion-Akku::1893.html\">GB02182-S4<\/a>)<\/li>\n<\/ul><\/div>\n<div class=\"sale_description\"> <strong>Produkt-Info zum Li-Ion-Akku:<\/strong><\/p>\n<p>Die innovativen Li-Ion-Akkus haben keinen Memory-Effekt. Das ist besonders bei h\u00e4ufigen Auf- und Entladevorg\u00e4ngen wie bei Solarteichpumpen enorm wichtig, um langfristig die <strong>optimale Akku-Kapazit\u00e4t<\/strong> zu erreichen. Die Li-Ion-Akkus sind wesentlich besser bez\u00fcglich Temperaturschwankungen als herk\u00f6mmliche Akkus. Es erwartet Sie ein l\u00e4nger andauerndes und lebendigeres Wasserspiel. Die Funktion des Solar-Brunnens startet bereits bei minimaler Aufladung &#8211; automatisch! Als <strong>Schutz vor Tiefentladung<\/strong> erfolgt eine automatische Abschaltung bei Erreichen des Mindest-Endladezustands. <strong>Kein Akku-Wechsel erforderlich!<\/strong> <b><font color=\"#048610\">Insgesamt haben die Li-Ion-Akkus im Vergleich zu herk\u00f6mmlichen Akkus eine 3 mal l\u00e4ngere Laufzeit und eine bis zu 10-FACHE Lebensdauer beim Betrieb mit Solarteichpumpen!<\/font><\/b><\/p>\n<p><b>Akku im Solarpanel nicht gen\u00fcgend aufgeladen ist, da dieses bei Auslieferung nur bis zu 30% Kapazit\u00e4t hat.<br \/>\nBitte lassen Sie das Solarpanel erst einmal 2 Tage aufladen, bevor Sie es benutzen.<\/b><\/div>","protected":false},"excerpt":{"rendered":"<p>Solarpanel mit Li-Ion Akkus<\/p>","protected":false},"featured_media":31621,"comment_status":"open","ping_status":"closed","template":"","meta":[],"product_brand":[],"product_cat":[307,350,351,306,349],"product_tag":[],"class_list":{"0":"post-30068","1":"product","2":"type-product","3":"status-publish","4":"has-post-thumbnail","6":"product_cat-zubehoer-brunnen-mit-solar-betrieb","7":"product_cat-solar-panels","8":"product_cat-ersatzteile-zimmerbrunnen","9":"product_cat-zubehoer-garten-u-zimmer-brunnen","10":"product_cat-ersatzteile-gartenbrunnen","12":"first","13":"instock","14":"taxable","15":"shipping-taxable","16":"purchasable","17":"product-type-simple"},"_links":{"self":[{"href":"https:\/\/testshop.igel.wovodo.de\/it\/wp-json\/wp\/v2\/product\/30068","targetHints":{"allow":["GET"]}}],"collection":[{"href":"https:\/\/testshop.igel.wovodo.de\/it\/wp-json\/wp\/v2\/product"}],"about":[{"href":"https:\/\/testshop.igel.wovodo.de\/it\/wp-json\/wp\/v2\/types\/product"}],"replies":[{"embeddable":true,"href":"https:\/\/testshop.igel.wovodo.de\/it\/wp-json\/wp\/v2\/comments?post=30068"}],"version-history":[{"count":1,"href":"https:\/\/testshop.igel.wovodo.de\/it\/wp-json\/wp\/v2\/product\/30068\/revisions"}],"predecessor-version":[{"id":34687,"href":"https:\/\/testshop.igel.wovodo.de\/it\/wp-json\/wp\/v2\/product\/30068\/revisions\/34687"}],"wp:featuredmedia":[{"embeddable":true,"href":"https:\/\/testshop.igel.wovodo.de\/it\/wp-json\/wp\/v2\/media\/31621"}],"wp:attachment":[{"href":"https:\/\/testshop.igel.wovodo.de\/it\/wp-json\/wp\/v2\/media?parent=30068"}],"wp:term":[{"taxonomy":"product_brand","embeddable":true,"href":"https:\/\/testshop.igel.wovodo.de\/it\/wp-json\/wp\/v2\/product_brand?post=30068"},{"taxonomy":"product_cat","embeddable":true,"href":"https:\/\/testshop.igel.wovodo.de\/it\/wp-json\/wp\/v2\/product_cat?post=30068"},{"taxonomy":"product_tag","embeddable":true,"href":"https:\/\/testshop.igel.wovodo.de\/it\/wp-json\/wp\/v2\/product_tag?post=30068"}],"curies":[{"name":"wp","href":"https:\/\/api.w.org\/{rel}","templated":true}]}}