{"id":30121,"date":"2024-10-31T14:06:25","date_gmt":"2024-10-31T13:06:25","guid":{"rendered":"https:\/\/testshop.igel.wovodo.de\/product\/kreiselpumpe-inno-tec-550-9-mit-fluomac-durchflusswaechter\/"},"modified":"2025-01-27T12:28:47","modified_gmt":"2025-01-27T11:28:47","slug":"kreiselpumpe-inno-tec-550-9-mit-fluomac-durchflusswaechter","status":"publish","type":"product","link":"https:\/\/testshop.igel.wovodo.de\/it\/product\/kreiselpumpe-inno-tec-550-9-mit-fluomac-durchflusswaechter\/","title":{"rendered":"Kreiselpumpe INNO-TEC 550-9 mit FLUOMAC\u00ae Durchflussw\u00e4chter"},"content":{"rendered":"<div class=\"sale_application\">\n<ul>\n<li>zum Aus- und Umpumpen von Wasserspeichern etc.<\/li>\n<li>zur Regenwassernutzung<\/li>\n<li>zum Bew\u00e4ssern von Rasen und Beeten<\/li>\n<li>zur Nutzung von externen Wasserquellen wie Bach, Fluss und Brunnen<\/li>\n<li>zur Beh\u00e4lter-Umf\u00fcllung<\/li>\n<\/ul>\n<\/div>\n<div class=\"sale_description\">\n<p><b>INNO-TEC 550-9 mit FLUOMAC\u00ae Durchflussw\u00e4chter ist eine leistungsstarke, mehrstufige Kreiselpumpe mit 550 W.<\/b><\/p>\n<p>Il <b>INNO-TEC 550-9 mit FLUOMAC\u00ae Durchflussw\u00e4chter<\/b> ist in ihrer Bauart eine sehr zuverl\u00e4ssige und solide Kreiselpumpe. Sie ist <b>vielseitig einsetzbar<\/b> und ideal f\u00fcr die Nutzung von z.B. Regenwasser im Haus bzw. im Garten. Sie versorgt ihre Verbraucher mit ausreichend Druck. Sie ist auch ideal im Garten zur Bew\u00e4sserung von Rasen oder Beeten oder zum Anschluss eines Rasensprinklers einsetzbar.<\/p>\n<p>Sie ist sowohl <b>station\u00e4r<\/b> als auch <b>mobil<\/b> einsetzbar.<\/p>\n<p>Die Inbetriebnahme erfolgt durch das Auff\u00fcllen der Laufradkammern und des Schlauchs. Den Rest macht die Pumpe selbst. Dabei betr\u00e4gt die Ansaugh\u00f6he 8m.<\/p>\n<p>Durch die Konstruktion mit den <b>mechanischen Dichtungen<\/b> bietet die Pumpe eine erh\u00f6hte Lebensdauer gegen\u00fcber herk\u00f6mmlichen Pumpen.<\/p>\n<p>Diese selbstansaugende mehrstufige Kreiselpumpe mit geschlossenen Radiallaufr\u00e4dern ist f\u00fcr die F\u00f6rderung von sauberem Wasser mit einer max. Temperatur von 40 C\u00b0 bestimmt. Sie zeichnet sich durch ausgesprochene Laufruhe und ger\u00e4uscharmen Betrieb aus.<br \/>\n  Speziell geeignet f\u00fcr Bew\u00e4sserung, Druckanlagen, allgemeine industrielle und zivile Zwecke. Bei Einsatz in der Regenwassernutzung mu\u00df das Wasser ausreichend, bis auf mind. 0,2mm  vorgefiltert und frei von Fremdpartikeln sein. Die Pumpe ist f\u00fcr Dauerbetrieb bestens geeignet. Aufgrund der Verwendung hochwertiger rostfreier Werkstoffe, europ\u00e4ischer Fertigung und sorgf\u00e4ltiger Qualit\u00e4tskontrolle mit strengen elektrischen und hydraulischen Pr\u00fcfungen, arbeitet die Pumpe wartungsfrei. Sie ist im Bedarfsfall einfach zu reparieren und zu s\u00e4ubern. Die max. Einschaltzahl von 40 Schaltungen\/Std. darf nicht \u00fcberschritten werden. Bei Sand- oder Schmutzablagerungen in der Pumpe ist die Gew\u00e4hrleistung ausgeschlossen. Bei Wechselstrom wird die Pumpe mit einem eingebauten Anlaufkondensator geliefert.<\/p>\n<p>Bei Einsatz von jeglichen <b>Pumpen-Schaltger\u00e4ten empfehlen wir dringend<\/b> vor dem Schaltger\u00e4t stets einen effektiven <b>Pumpen-Vorfilter\/Kartuschenfilter<\/b> einzusetzen. Dadurch lassen sich Probleme, die auf die Wasserveschmutzung zur\u00fcck zu f\u00fchren sind, deutlich reduzieren. Alle markt\u00fcblichen professionellen Schaltger\u00e4te haben eingangsseitig ein R\u00fcckschlagventil. Setzt sich ein Schmutzkorn genau zwischen den Dichtfl\u00e4chen ab, funktionieren die Schaltger\u00e4te nicht mehr einwandfrei. Die Durchflussw\u00e4chter beinhalten bereits ein R\u00fcckschlagventil, zwischen Pumpe und Durchflussw\u00e4chter darf kein weiteres R\u00fcckschlagventil montiert werden da dies zu Fehlern und sogar Besch\u00e4digungen an der Pumpe f\u00fchren kann.<\/p>\n<\/div>\n<h3>Molti buoni motivi per acquistare questo prodotto:<\/h3>\n<div class=\"sale_motive\">\n<ul>\n<li>Solide, leistungsstark &amp;&nbsp;zuverl\u00e4ssig <\/li>\n<li><strong>mehrstufige Kreiselpumpe<\/strong> mit 4,2 bar F\u00f6rderdruck und 5400l\/h F\u00f6rdermenge und 550 W<\/li>\n<li><strong>enorm leise<\/strong> trotz hoher Leistung <\/li>\n<li>Ansaugh\u00f6he bis&nbsp;7 m<\/li>\n<li>Spezieller Wellendichtring, um die Pumpe gegen Sand zu sch\u00fctzen.<\/li>\n<li>Gleitringdichtung aus Aluminium\/ Graphit \u00f6lgeschmiert<\/li>\n<li>Jede Stufe ist mit einem verschlei\u00dffesten Ring aus Edelstahl versehen.<\/li>\n<li>Bef\u00fcll- und Ablass-Anschluss werkzeuglos zu \u00f6ffnen <\/li>\n<li><strong>Lunga durata di vita<\/strong> durch mechanische Dichtungen <\/li>\n<li>hochwertiges Edelstahlgeh\u00e4use mit extra breiten Montagefu\u00df und 2 Montagepunkten <\/li>\n<\/ul>\n<\/div>","protected":false},"excerpt":{"rendered":"<p>zum Aus- und Umpumpen von Wasserspeichern etc. zur Regenwassernutzung zum Bew\u00e4ssern von Rasen und Beeten zur Nutzung von externen Wasserquellen<\/p>","protected":false},"featured_media":39747,"comment_status":"open","ping_status":"closed","template":"","meta":[],"product_brand":[],"product_cat":[266,264,265,262,243,241],"product_tag":[],"class_list":{"0":"post-30121","1":"product","2":"type-product","3":"status-publish","4":"has-post-thumbnail","6":"product_cat-hauswasserautomat","7":"product_cat-regenwasser-pumpen-regenwassernutzung-regentonne24","8":"product_cat-kreiselpumpen-mit-druckschalter","9":"product_cat-kreiselpumpen-hauswasserwerke","10":"product_cat-regenwasser-pumpen","11":"product_cat-aktionsangebote","13":"first","14":"instock","15":"sale","16":"taxable","17":"shipping-taxable","18":"purchasable","19":"product-type-simple"},"_links":{"self":[{"href":"https:\/\/testshop.igel.wovodo.de\/it\/wp-json\/wp\/v2\/product\/30121","targetHints":{"allow":["GET"]}}],"collection":[{"href":"https:\/\/testshop.igel.wovodo.de\/it\/wp-json\/wp\/v2\/product"}],"about":[{"href":"https:\/\/testshop.igel.wovodo.de\/it\/wp-json\/wp\/v2\/types\/product"}],"replies":[{"embeddable":true,"href":"https:\/\/testshop.igel.wovodo.de\/it\/wp-json\/wp\/v2\/comments?post=30121"}],"version-history":[{"count":1,"href":"https:\/\/testshop.igel.wovodo.de\/it\/wp-json\/wp\/v2\/product\/30121\/revisions"}],"predecessor-version":[{"id":34739,"href":"https:\/\/testshop.igel.wovodo.de\/it\/wp-json\/wp\/v2\/product\/30121\/revisions\/34739"}],"wp:featuredmedia":[{"embeddable":true,"href":"https:\/\/testshop.igel.wovodo.de\/it\/wp-json\/wp\/v2\/media\/39747"}],"wp:attachment":[{"href":"https:\/\/testshop.igel.wovodo.de\/it\/wp-json\/wp\/v2\/media?parent=30121"}],"wp:term":[{"taxonomy":"product_brand","embeddable":true,"href":"https:\/\/testshop.igel.wovodo.de\/it\/wp-json\/wp\/v2\/product_brand?post=30121"},{"taxonomy":"product_cat","embeddable":true,"href":"https:\/\/testshop.igel.wovodo.de\/it\/wp-json\/wp\/v2\/product_cat?post=30121"},{"taxonomy":"product_tag","embeddable":true,"href":"https:\/\/testshop.igel.wovodo.de\/it\/wp-json\/wp\/v2\/product_tag?post=30121"}],"curies":[{"name":"wp","href":"https:\/\/api.w.org\/{rel}","templated":true}]}}