{"id":30169,"date":"2024-10-31T14:06:50","date_gmt":"2024-10-31T13:06:50","guid":{"rendered":"https:\/\/testshop.igel.wovodo.de\/product\/fontaenen-aufsaetze-fueroasis-500-1-501-1-801r-510-h-810-h-1000-1-oslo-900\/"},"modified":"2025-01-27T12:29:01","modified_gmt":"2025-01-27T11:29:01","slug":"fontaenen-aufsaetze-fueroasis-500-1-501-1-801r-510-h-810-h-1000-1-oslo-900","status":"publish","type":"product","link":"https:\/\/testshop.igel.wovodo.de\/it\/product\/fontaenen-aufsaetze-fueroasis-500-1-501-1-801r-510-h-810-h-1000-1-oslo-900\/","title":{"rendered":"Font\u00e4nen Aufs\u00e4tze f\u00fcr&#8221;Oasis-500&#8243;-1\/501-1\/801R\/510-H\/810-H\/1000-1\/Oslo 900"},"content":{"rendered":"<div class=\"sale_application\">\n<ul>\n<li>Ersatzteil-Set f\u00fcr Solarteichpumpen<\/li>\n<\/ul><\/div>\n<div class=\"sale_description\">\n<p>Diese Font\u00e4nenaufs\u00e4tze passen zu folgenden Solarpumpen-Sets:<\/p>\n<ul>\n<li>Teichpumpen-Set Solar Oasis-500-1<\/li>\n<li>Teichpumpen-Set Solar Oasis 801-1<\/li>\n<li>Teichpumpen-Set Solar Oasis 510-H<\/li>\n<li>Teichpumpen-Set Solar Oasis 810-H<\/li>\n<li>Teichpumpen-Set Solar Oasis 1000-1<\/li>\n<li>Teichpumpen-Set Solar Oasis 500-3<\/li>\n<li>Teichpumpen-Set Solar Oasis 1300-1<\/li>\n<li>Teichpumpen-Set Solar Oslo 900<\/li>\n<\/ul>\n<\/div>","protected":false},"excerpt":{"rendered":"<p>Ersatzteil-Set f\u00fcr Solarteichpumpen Diese Font\u00e4nenaufs\u00e4tze passen zu folgenden Solarpumpen-Sets: Teichpumpen-Set Solar Oasis-500-1 Teichpumpen-Set Solar Oasis 801-1 Teichpumpen-Set Solar Oasis 510-H<\/p>","protected":false},"featured_media":32003,"comment_status":"open","ping_status":"closed","template":"","meta":[],"product_brand":[],"product_cat":[259],"product_tag":[],"class_list":{"0":"post-30169","1":"product","2":"type-product","3":"status-publish","4":"has-post-thumbnail","6":"product_cat-fontaenen-aufsaetze","8":"first","9":"instock","10":"taxable","11":"shipping-taxable","12":"purchasable","13":"product-type-simple"},"_links":{"self":[{"href":"https:\/\/testshop.igel.wovodo.de\/it\/wp-json\/wp\/v2\/product\/30169","targetHints":{"allow":["GET"]}}],"collection":[{"href":"https:\/\/testshop.igel.wovodo.de\/it\/wp-json\/wp\/v2\/product"}],"about":[{"href":"https:\/\/testshop.igel.wovodo.de\/it\/wp-json\/wp\/v2\/types\/product"}],"replies":[{"embeddable":true,"href":"https:\/\/testshop.igel.wovodo.de\/it\/wp-json\/wp\/v2\/comments?post=30169"}],"version-history":[{"count":1,"href":"https:\/\/testshop.igel.wovodo.de\/it\/wp-json\/wp\/v2\/product\/30169\/revisions"}],"predecessor-version":[{"id":34787,"href":"https:\/\/testshop.igel.wovodo.de\/it\/wp-json\/wp\/v2\/product\/30169\/revisions\/34787"}],"wp:featuredmedia":[{"embeddable":true,"href":"https:\/\/testshop.igel.wovodo.de\/it\/wp-json\/wp\/v2\/media\/32003"}],"wp:attachment":[{"href":"https:\/\/testshop.igel.wovodo.de\/it\/wp-json\/wp\/v2\/media?parent=30169"}],"wp:term":[{"taxonomy":"product_brand","embeddable":true,"href":"https:\/\/testshop.igel.wovodo.de\/it\/wp-json\/wp\/v2\/product_brand?post=30169"},{"taxonomy":"product_cat","embeddable":true,"href":"https:\/\/testshop.igel.wovodo.de\/it\/wp-json\/wp\/v2\/product_cat?post=30169"},{"taxonomy":"product_tag","embeddable":true,"href":"https:\/\/testshop.igel.wovodo.de\/it\/wp-json\/wp\/v2\/product_tag?post=30169"}],"curies":[{"name":"wp","href":"https:\/\/api.w.org\/{rel}","templated":true}]}}