{"id":30196,"date":"2024-10-31T14:07:06","date_gmt":"2024-10-31T13:07:06","guid":{"rendered":"https:\/\/testshop.igel.wovodo.de\/product\/durchflusswaechter-3-2-automatic-controller-unverkabelt\/"},"modified":"2025-01-27T12:29:07","modified_gmt":"2025-01-27T11:29:07","slug":"durchflusswaechter-3-2-automatic-controller-unverkabelt","status":"publish","type":"product","link":"https:\/\/testshop.igel.wovodo.de\/it\/product\/durchflusswaechter-3-2-automatic-controller-unverkabelt\/","title":{"rendered":"Durchflussw\u00e4chter 3-2 Automatic-Controller unverkabelt"},"content":{"rendered":"<div class=\"sale_application\">\n<ul>\n<li>Druckgesteuertes, automatisches Einschalten von Tauch- und Kreiselpumpen<\/li>\n<\/ul><\/div>\n<div class=\"sale_description\">\n<p>Der Durchflussw\u00e4chter automatisiert und steuert das Einschalten von Kreisel- bzw. Tauchpumpen. Abh\u00e4ngig von dem Druck bzw. der Durchflussmenge, schaltet der Druckschalter einen oder mehrere elektrische<br \/>\nVerbraucher (MAX 10A) an bzw. aus. Das Manometer zeigt den Druck im System an. Es hilft die ordentliche Pumpenfunktion zu \u00fcberwachen<br \/>\n  und Leckagen im System zu erkennen:<br \/>\n  Bei einer Wasserentnahme aus dem Rohrsystem nimmt der Druck ab. F\u00e4llt der Druck unter 1,5bar schaltet der Durchflussw\u00e4chter das angeschlossene Ger\u00e4t (z.B. Kreiselpumpe) an. Diese versorgt die Verbraucher wieder mit Wasser. Wird der Verbraucher geschlossen, verringert sich der Durchfluss und die Pumpe wird abgeschaltet.<\/p>\n<h3>Integrierter Manometer &amp; Trockenlaufschutz<\/h3>\n<p>Die Besonderheiten an diesem Pumpen-Druckschalter sind der integrierte Manometer und der integrierte Trockenlaufschutz.<br \/>\nDer Druckschalter ist leicht zu installieren und leicht zu handhaben. Der Einschaltdruck des Druckw\u00e4chters liegt bei 1,5bar, der maximale Betriebsdruck bei 7bar.<\/p>\n<h3>Unsere Profi-Tipps<\/h3>\n<p>Bei Einsatz von jeglichen Pumpen-Schaltger\u00e4ten empfehlen wir dringend, vor dem Schaltger\u00e4t stets einen effektiven Pumpen-Vorfilter\/ Kartuschenfilter einzusetzen. Dadurch lassen sich Probleme, die auf die Wasserveschmutzung zur\u00fcck zu f\u00fchren sind, deutlich reduzieren. Alle markt\u00fcblichen professionellen Schaltger\u00e4te haben eingangsseitig ein R\u00fcckschlagventil. Setzt sich ein Schmutzkorn genau zwischen den Dichtfl\u00e4chen ab, funktionieren die Schaltger\u00e4te nicht meht einwandfrei. Die Durchflussw\u00e4chter beinhalten bereits ein R\u00fcckschlagventil, zwischen Pumpe und Durchflussw\u00e4chter darf kein weiteres R\u00fcckschlagventil montiert werden, da dies zu Fehlern und sogar Besch\u00e4digungen an der Pumpe f\u00fchren kann.<\/p>\n<\/div>\n<h3>Molti buoni motivi per acquistare questo prodotto:<\/h3>\n<div class=\"sale_motive\">\n<ul>\n<li>einfache Installation und Konfiguration<\/li>\n<li>Manometer integriert<\/li>\n<li>Einschaltdruck 1,5bar<\/li>\n<li>Schutz der Pumpe und Verl&auml;ngerung der Lebensdauer<\/li>\n<li>durch den integrierten, automatischen Trockenlaufschutz<\/li>\n<li>Automatisierung der Pumpensteuerung<\/li>\n<li>leicht zu handhaben<\/li>\n<li>sch&ouml;nes modernes Design<\/li>\n<\/ul>\n<\/div>","protected":false},"excerpt":{"rendered":"<p>Druck- und durchfluss gesteuertes Schalten von Tauch- und Kreiselpumpen<br \/>\n  integrierter Trockenlaufschutz | intergrierter Manometer<br \/>\n  Einschaltdruck (1,5 bar) | Max. Volumenstrom: 160 l\/Min | max. Betriebsdruck: 7 bar<\/p>","protected":false},"featured_media":32084,"comment_status":"open","ping_status":"closed","template":"","meta":[],"product_brand":[],"product_cat":[295,297,201,203,205],"product_tag":[],"class_list":{"0":"post-30196","1":"product","2":"type-product","3":"status-publish","4":"has-post-thumbnail","6":"product_cat-druckschalter","7":"product_cat-druckschalter-mit-manometer","8":"product_cat-zubehoer-tauchpumpen","9":"product_cat-zubehoer-kreiselpumpe","10":"product_cat-zubehoer-brunnenpumpe","12":"first","13":"instock","14":"taxable","15":"shipping-taxable","16":"purchasable","17":"product-type-simple"},"_links":{"self":[{"href":"https:\/\/testshop.igel.wovodo.de\/it\/wp-json\/wp\/v2\/product\/30196","targetHints":{"allow":["GET"]}}],"collection":[{"href":"https:\/\/testshop.igel.wovodo.de\/it\/wp-json\/wp\/v2\/product"}],"about":[{"href":"https:\/\/testshop.igel.wovodo.de\/it\/wp-json\/wp\/v2\/types\/product"}],"replies":[{"embeddable":true,"href":"https:\/\/testshop.igel.wovodo.de\/it\/wp-json\/wp\/v2\/comments?post=30196"}],"version-history":[{"count":1,"href":"https:\/\/testshop.igel.wovodo.de\/it\/wp-json\/wp\/v2\/product\/30196\/revisions"}],"predecessor-version":[{"id":34812,"href":"https:\/\/testshop.igel.wovodo.de\/it\/wp-json\/wp\/v2\/product\/30196\/revisions\/34812"}],"wp:featuredmedia":[{"embeddable":true,"href":"https:\/\/testshop.igel.wovodo.de\/it\/wp-json\/wp\/v2\/media\/32084"}],"wp:attachment":[{"href":"https:\/\/testshop.igel.wovodo.de\/it\/wp-json\/wp\/v2\/media?parent=30196"}],"wp:term":[{"taxonomy":"product_brand","embeddable":true,"href":"https:\/\/testshop.igel.wovodo.de\/it\/wp-json\/wp\/v2\/product_brand?post=30196"},{"taxonomy":"product_cat","embeddable":true,"href":"https:\/\/testshop.igel.wovodo.de\/it\/wp-json\/wp\/v2\/product_cat?post=30196"},{"taxonomy":"product_tag","embeddable":true,"href":"https:\/\/testshop.igel.wovodo.de\/it\/wp-json\/wp\/v2\/product_tag?post=30196"}],"curies":[{"name":"wp","href":"https:\/\/api.w.org\/{rel}","templated":true}]}}