{"id":30210,"date":"2024-10-31T14:07:13","date_gmt":"2024-10-31T13:07:13","guid":{"rendered":"https:\/\/testshop.igel.wovodo.de\/product\/b-ware-4-tiefbrunnenpumpe-screw-star-1100-schraubenpumpe\/"},"modified":"2025-01-27T12:29:11","modified_gmt":"2025-01-27T11:29:11","slug":"b-ware-4-tiefbrunnenpumpe-screw-star-1100-schraubenpumpe","status":"publish","type":"product","link":"https:\/\/testshop.igel.wovodo.de\/it\/product\/b-ware-4-tiefbrunnenpumpe-screw-star-1100-schraubenpumpe\/","title":{"rendered":"B-Ware 4&#8243; Tiefbrunnenpumpe SCREW-STAR 1100 Schraubenpumpe"},"content":{"rendered":"<div class=\"sale_application\">\n<ul>\n<li>per tutti i pozzi profondi<\/li>\n<li>Per volumi di sabbia medio-leggeri<\/li>\n<li>per l'irrigazione del giardino o l'aspersione<\/li>\n<li>per l'abbassamento delle acque sotterranee<\/li>\n<li>per il riempimento dei contenitori<\/li>\n<\/ul>\n<\/div>\n<div class=\"sale_description\"><font color=\"FF0000\"><b>B-Ware:<\/b><\/p>\n<ul>\n<li>leichte optische Fehler (z.B. kleine Kratzer etc.)<\/li>\n<li>voll funktionsf\u00e4higes Produkt<\/li>\n<li>reduzierte gesetzliche Gew\u00e4hrleistung auf max. 1 Jahr<\/li>\n<\/ul>\n<p><\/font><\/p>\n<p>Die Screw-Star 1100 ist eine <b>robuste, stabile<\/b> e <b>sandresistente<\/b> Tiefbrunnen-Schraubenpumpe aus rostfreiem Edelstahl f\u00fcr extrem tiefe Brunnenbohrungen (bis zu 140m). Mit dieser robusten Tiefbrunnenpumpe ist die F\u00f6rderung von Wasser aus extrem tiefen Bohrungen, Brunnen bzw. Wasserreservoirs kein Problem. Diese 4-Zoll-Brunnenpumpe f\u00f6rdert dies mit hohem Druck weiter an die Abnahmestelle. Sie ist f\u00fcr alle Brunnendurchmesser ab 110mm bestens geeignet.<\/p>\n<p>Die maximale F\u00f6rdermenge dieser 4-Zoll-Brunnenpumpe betr\u00e4gt <b>2,700l\/h<\/b>, die maximale F\u00f6rderh\u00f6he <b>190m<\/b> und der maximale F\u00f6rderdruck <b>19 bar<\/b>. Bitte beachten Sie, dass die F\u00f6rderleistung bei steigender F\u00f6rderh\u00f6he enstprechend abnimmt.<\/p>\n<p>Die B-Ware 4&#8243; Tiefbrunnenpumpe SCREW-STAR 1100 Schraubenpumpe wird mit einem 4-adrigen Kabel und einer verkabelten Schaltbox mit Schukostecker geliefert.<\/p>\n<p>Diese Brunnenpumpe ist eine der wenigen echten Tiefbrunnen-Pumpen, welche auch mit Sandmengen fertig wird, bei denen die \u00fcblichen Laufradpumpen nach kurzer Zeit versagen!  Je h\u00f6her der Sandanteil jedoch ist, umso h\u00f6her die Abnutzung der F\u00f6rderschnecke und der Kupplung. Deswegen empfehlen wir bei Sandanteil, das Ersatzteil-Set zur Tiefbrunnenpumpe als Verschlei\u00dfteil stets mitzubestellen. Zu diesem Zweck kann das Pumpengeh\u00e4use ge\u00f6ffnet und die F\u00f6rderschnecke aus Edelstahl und die Hartgummi-Kupplung problemlos getauscht werden.<\/p>\n<p><b>Wie stellen Sie fest, wie hoch der Sandanteil im Wasser ist?<\/b> Lassen Sie einfach 500-1000L Wasser in einen hohen Beh\u00e4lter laufen, so da\u00df Wasser \u00fcber die Kante l\u00e4uft, aber der Sand sich absetzen kann. Messen Sie dabei die Wassermenge und anschlie\u00dfend das Gewicht des abgelagerten Sandes. Anschlie\u00dfend bilden Sie das Mengenverh\u00e4ltnis.<\/p>\n<p>Ein Drucktank verl\u00e4ngert ma\u00dfgeblich die Lebensdauer von Tauch-, Kreisel-, Brunnenpumpen oder Hauswasserwerken. Typischerweise hat das im Haus ankommendes Trink- und Brauchwasser (z.B. aus Zisternen) eine Temperatur von ca 5-10\u00b0C. Im Hauskeller kann sich das Wasser auf bis zu 30\u00b0C erw\u00e4rmen. Dadurch kann der Leitungsdruck bis auf ca. 10-15bar steigen. Viele Bauteile, wie etwa Wasser-Vorfilter oder die Wasserleitungen selbst, k\u00f6nnen diesem Druck nicht standhalten und bersten infolgedessen. Der Drucktank nimmt die Wasserausdehnung auf, sodass Druckanstieg in den Leitungen und Sch\u00e4den zuverl\u00e4ssig vermieden werden. Beim Ein- und Ausschalten von Pumpen kommt es zu Druckschl\u00e4gen in den Wasserleitungen.<br \/>\nDer Drucktank puffert die Druckschwankungen ab. Druckschl\u00e4ge werden vermieden. Der Drucktank sch\u00fctzt die Pumpe sowie Bauteile und Wasserleitungen.Das Ausdehnungsgef\u00e4\u00df tr\u00e4gt au\u00dferdem zur K\u00fchlung der Pumpe bei und hilft, die Pumpe zu schonen.<\/p>\n<\/div>\n<h3>Molti buoni motivi per acquistare questo prodotto:<\/h3>\n<div class=\"sale_motive\">\n<ul>\n<li>Gute preiswerte, solide Qualit\u00e4ts-Tauchdruck-Schraubenpumpe<\/li>\n<li class=\"high\">energiesparend: gro\u00dfe Leistung<\/li>\n<li>f\u00fcr extrem tiefe Brunnenbohrungen (bis zu 140m)<\/li>\n<li class=\"high\">sandvertr\u00e4glich (bis max. 0,25% Sandanteil)<\/li>\n<li>Affidabile, potente<\/li>\n<li>Lunga durata di vita<\/li>\n<li>Motore a cuscinetti d'olio<\/li>\n<li>hochwertiges Edelstahlgeh\u00e4use mit Messingteilen <\/li>\n<\/ul>\n<\/div>","protected":false},"excerpt":{"rendered":"<p>1100 Watt | 2.700 l\/h | <b>19 bar<\/b><\/p>","protected":false},"featured_media":32129,"comment_status":"open","ping_status":"closed","template":"","meta":[],"product_brand":[],"product_cat":[268,214],"product_tag":[],"class_list":{"0":"post-30210","1":"product","2":"type-product","3":"status-publish","4":"has-post-thumbnail","6":"product_cat-b-ware-sandvertraeglich","7":"product_cat-b-ware-brunnenpumpen","9":"first","10":"instock","11":"sale","12":"taxable","13":"shipping-taxable","14":"purchasable","15":"product-type-simple"},"_links":{"self":[{"href":"https:\/\/testshop.igel.wovodo.de\/it\/wp-json\/wp\/v2\/product\/30210","targetHints":{"allow":["GET"]}}],"collection":[{"href":"https:\/\/testshop.igel.wovodo.de\/it\/wp-json\/wp\/v2\/product"}],"about":[{"href":"https:\/\/testshop.igel.wovodo.de\/it\/wp-json\/wp\/v2\/types\/product"}],"replies":[{"embeddable":true,"href":"https:\/\/testshop.igel.wovodo.de\/it\/wp-json\/wp\/v2\/comments?post=30210"}],"version-history":[{"count":1,"href":"https:\/\/testshop.igel.wovodo.de\/it\/wp-json\/wp\/v2\/product\/30210\/revisions"}],"predecessor-version":[{"id":34826,"href":"https:\/\/testshop.igel.wovodo.de\/it\/wp-json\/wp\/v2\/product\/30210\/revisions\/34826"}],"wp:featuredmedia":[{"embeddable":true,"href":"https:\/\/testshop.igel.wovodo.de\/it\/wp-json\/wp\/v2\/media\/32129"}],"wp:attachment":[{"href":"https:\/\/testshop.igel.wovodo.de\/it\/wp-json\/wp\/v2\/media?parent=30210"}],"wp:term":[{"taxonomy":"product_brand","embeddable":true,"href":"https:\/\/testshop.igel.wovodo.de\/it\/wp-json\/wp\/v2\/product_brand?post=30210"},{"taxonomy":"product_cat","embeddable":true,"href":"https:\/\/testshop.igel.wovodo.de\/it\/wp-json\/wp\/v2\/product_cat?post=30210"},{"taxonomy":"product_tag","embeddable":true,"href":"https:\/\/testshop.igel.wovodo.de\/it\/wp-json\/wp\/v2\/product_tag?post=30210"}],"curies":[{"name":"wp","href":"https:\/\/api.w.org\/{rel}","templated":true}]}}