{"id":30235,"date":"2024-10-31T14:07:30","date_gmt":"2024-10-31T13:07:30","guid":{"rendered":"https:\/\/testshop.igel.wovodo.de\/product\/3-tiefbrunnenpumpe-brunnen-star-550-3-8-230v-bedingt-sandvertraeglich-sperrgut\/"},"modified":"2025-01-27T12:29:16","modified_gmt":"2025-01-27T11:29:16","slug":"3-tiefbrunnenpumpe-brunnen-star-550-3-8-230v-bedingt-sandvertraeglich-sperrgut","status":"publish","type":"product","link":"https:\/\/testshop.igel.wovodo.de\/it\/product\/3-tiefbrunnenpumpe-brunnen-star-550-3-8-230v-bedingt-sandvertraeglich-sperrgut\/","title":{"rendered":"3&#8243;-Tiefbrunnenpumpe Brunnen-Star 550-3-8 230V bedingt sandvertr\u00e4glich (Sperrgut)"},"content":{"rendered":"<div class=\"sale_application\">\n<ul>\n<li>Hochwertige Brunnenpumpe aus europ\u00e4ischer Fertigung<\/li>\n<li>f\u00fcr Hauswasserversorgung, Bew\u00e4sserung, Beregnung, Grundwasserabsenkungen, Anwendungen im Umweltschutz<\/li>\n<\/ul>\n<\/div>\n<div class=\"sale_description\">\n<p>Robuste, stabile Tiefbrunnenpumpe in Handwerker-Qualit\u00e4t aus rostfreiem Edelsstahl f\u00fcr tiefe Brunnenbohrungen.<\/p>\n<p>Diese EU-Brunnen-Pumpen werden f\u00fcr uns von einem innovativen <b>Qualit\u00e4ts-Unternehmen mit langj\u00e4hriger Tradition in der Pumpenfertigung entwickelt und hergestellt.<\/b> Einzelne Fertigungsschritte unterliegen einer strengen Qualit\u00e4tspr\u00fcfung, wobei bei jeder Pumpe noch eine Endkontrolle erfolgt.<\/p>\n<p>Zum Einsatz kommen nur gepr\u00fcfte qualitativ hochwertige Bauteile und Materialien: <b>Rostfreie, robuste Edelstahlgeh\u00e4use, Mehrfach-Dichtungen, Messing-Bauteile und  hochwertiger, \u00f6lgelagerter, gekapselter Motoren sorgen f\u00fcr eine lange Lebensdauer.<\/b><\/p>\n<p>Durch die Konstruktion mit 3-fachen Wellenabdichtungen hat die hochwertige <b>3&#8243;-Tiefbrunnenpumpe Brunnen-Star 550-3-8 230V bedingt sandvertr\u00e4glich (Sperrgut)<\/b> aus europ\u00e4ischer Herstellung eine deutlich h\u00f6here Lebensdauer als Pumpen mit herk\u00f6mmlichen mechanischen Dichtungen. Die Edelstahl-Tiefbrunnenpumpe ist deshalb auch f\u00fcr Extrem-Eins\u00e4tze bestens geeignet.<\/p>\n<p>Trotz der geringen Leistungsaufnahme schafft die bedingt sandvertr\u00e4gliche Tiefbrunnenpumpe eine F\u00f6rdermenge von bis zu <b>3720l\/h<\/b>. Der maximale Druck liegt bei <b>6,8 bar<\/b>, die maximale F\u00f6rderh\u00f6he bei <b>68m<\/b>.<br \/>\n  Bitte beachten Sie, dass der F\u00f6rderdruck bei steigender F\u00f6rderh\u00f6he entsprechend abnimmt.<\/p>\n<p>Unsere EU-Brunnenpumpen sind zudem <b>bedingt sandvertr\u00e4glich<\/b> (max. Partikelgr\u00f6\u00dfe: 0,2mm, max. Sandgehalt: 150g\/m\u00b3).<\/p>\n<p>Noch mehr <b>Energie und Kosten sparen<\/b> Sie, wenn Sie Ihre Pumpe mit einem <b>effizienten<\/b> Pumpen-Inverter erg\u00e4nzen. Unterst\u00fctzen Sie mit intelligenter Technik den <b>Klima- und Umweltschutz, sparen Sie Stromkosten und sorgen teuren Reparaturen und Wartungsarbeiten<\/b> vor. Die Inverter-Steuerung sorgt f\u00fcr besonders schonenden Pumpenbetrieb frei von Druckschl\u00e4gen.<\/p>\n<p>Bitte beachten: F\u00fcr die richtige Funktion der INVERTER-Pumpensteuerung  MUSS ein Druckausdehnungsgef\u00e4\u00df \/Drucktank mit einem Mindestvolumen von 2L in der Druckleitung in unmittelbarer N\u00e4he der Steuerung vorhanden sein. Bei unserer Zubeh\u00f6r-Auswahl k\u00f6nnen Sie f\u00fcr einen kleinen Aufpreis einen hochwertigen Drucktank (2 oder 8L) mitbestellen.<\/p>\n<\/div>\n<h3>Molti buoni motivi per acquistare questo prodotto:<\/h3>\n<div class=\"sale_motive\">\n<ul>\n<li>Perfektion in Edelstahl!<\/li>\n<li>Spitzen-Qualit\u00e4t aus Europ\u00e4ischer Fertigung nach neusten EU-Energie-Richtlinien<\/li>\n<li>sehr lange Lebensdauer durch Mehrfach-Dichtungsystem mit \u00d6lschmierung<\/li>\n<li>f\u00fcr Hauswasserversorgung, Bew\u00e4sserung oder Beregnung<\/li>\n<li>f\u00fcr Anwendungen im Umweltschutz &amp; Grundwasserabsenkung<\/li>\n<li>keine Ansaugung von Bodensediment durch seitliche Ansaugung<\/li>\n<li>hochwertiger gekapselter Elektromotor<\/li>\n<\/ul>\n<\/div>","protected":false},"excerpt":{"rendered":"<p>3 Zoll Tiefbrunnenpumpe<br \/>\n230 Volt | 550 Watt<br \/>\nHmax 68m | Qmax 3720L\/h | Pmax 6,8 bar<\/p>\n<p><b>Hochwertige EU-Fertigung!<\/b><\/p>","protected":false},"featured_media":32739,"comment_status":"open","ping_status":"closed","template":"","meta":[],"product_brand":[],"product_cat":[225,227,224,223],"product_tag":[],"class_list":{"0":"post-30235","1":"product","2":"type-product","3":"status-publish","4":"has-post-thumbnail","6":"product_cat-3-zoll-230v","7":"product_cat-3-brunnenpumpen-brunnenpumpen-mit-druckschalter-inverter","8":"product_cat-3-brunnenpumpen","9":"product_cat-eu-produktion","11":"first","12":"instock","13":"taxable","14":"shipping-taxable","15":"purchasable","16":"product-type-simple"},"_links":{"self":[{"href":"https:\/\/testshop.igel.wovodo.de\/it\/wp-json\/wp\/v2\/product\/30235","targetHints":{"allow":["GET"]}}],"collection":[{"href":"https:\/\/testshop.igel.wovodo.de\/it\/wp-json\/wp\/v2\/product"}],"about":[{"href":"https:\/\/testshop.igel.wovodo.de\/it\/wp-json\/wp\/v2\/types\/product"}],"replies":[{"embeddable":true,"href":"https:\/\/testshop.igel.wovodo.de\/it\/wp-json\/wp\/v2\/comments?post=30235"}],"version-history":[{"count":1,"href":"https:\/\/testshop.igel.wovodo.de\/it\/wp-json\/wp\/v2\/product\/30235\/revisions"}],"predecessor-version":[{"id":34851,"href":"https:\/\/testshop.igel.wovodo.de\/it\/wp-json\/wp\/v2\/product\/30235\/revisions\/34851"}],"wp:featuredmedia":[{"embeddable":true,"href":"https:\/\/testshop.igel.wovodo.de\/it\/wp-json\/wp\/v2\/media\/32739"}],"wp:attachment":[{"href":"https:\/\/testshop.igel.wovodo.de\/it\/wp-json\/wp\/v2\/media?parent=30235"}],"wp:term":[{"taxonomy":"product_brand","embeddable":true,"href":"https:\/\/testshop.igel.wovodo.de\/it\/wp-json\/wp\/v2\/product_brand?post=30235"},{"taxonomy":"product_cat","embeddable":true,"href":"https:\/\/testshop.igel.wovodo.de\/it\/wp-json\/wp\/v2\/product_cat?post=30235"},{"taxonomy":"product_tag","embeddable":true,"href":"https:\/\/testshop.igel.wovodo.de\/it\/wp-json\/wp\/v2\/product_tag?post=30235"}],"curies":[{"name":"wp","href":"https:\/\/api.w.org\/{rel}","templated":true}]}}