{"id":30259,"date":"2024-10-31T14:07:45","date_gmt":"2024-10-31T13:07:45","guid":{"rendered":"https:\/\/testshop.igel.wovodo.de\/product\/airbrushpistole-profi-airbrush-gravity-single-action-gun-2000g1-d-08-mit-druckluftschlauch\/"},"modified":"2025-01-27T12:29:25","modified_gmt":"2025-01-27T11:29:25","slug":"airbrushpistole-profi-airbrush-gravity-single-action-gun-2000g1-d-08-mit-druckluftschlauch","status":"publish","type":"product","link":"https:\/\/testshop.igel.wovodo.de\/it\/product\/airbrushpistole-profi-airbrush-gravity-single-action-gun-2000g1-d-08-mit-druckluftschlauch\/","title":{"rendered":"Airbrushpistole Profi-AirBrush Gravity Single-Action-Gun 2000G1 D 0,8 mit Druckluftschlauch"},"content":{"rendered":"<div class=\"sale_application\">\n<b><\/p>\n<p>Ideale per la cosmesi e la bellezza (aerografo per unghie, trucco, colorazione dei capelli, cura dei capelli, abbronzatura spray), la body art (body painting, tatuaggio, disegno di maschere), l'hobbistica (fiori\/ composizioni floreali, modellismo, ceramica\/ ceramica, tessuti), il design di piccole auto (tappi di benzina\/ caschi), le illustrazioni tecniche\/ ritocchi fotografici e la decorazione di cibi (torte\/ cupcake). Le possibilit\u00e0 di aerografia sono praticamente illimitate.<\/p>\n<p><\/b> <\/div>\n<div class=\"sale_description\">\n<p>Die nebelreduzierte <b>Profi Lackierpistole &#8220;Gravity Single-Action-Gun 2000G1 D 0,8&#8221;<\/b> zeichnet sich durch eine hohe \u00dcbertragungsrate, geringer Spritznebel, niedriger Luftverbrauch und gute Zerst\u00e4ubung aus. Durch die HVLP Technik (High Volume Low Pressure- Hohes Volumen, niedriger Druck) sparen sie ca. 30% an Lackmaterialein.<\/p>\n<\/div>\n<h3>Molti buoni motivi per acquistare questo prodotto:<\/h3>\n<div class=\"sale_motive\">\n<ul>\n<li>solide Verarbeitung<\/li>\n<li>Maneggevolezza<\/li>\n<\/ul>\n<\/div>","protected":false},"excerpt":{"rendered":"<p>Ideal f\u00fcr Kosmetik &#038; Beauty (Airbrush Nail-Art, Makeup, Haart\u00f6nung, Haarpflege, Spray Tanning), K\u00f6rper-Kunst (Body-Painting, Tattoo, Maskengestaltung), Hobby (Blumen\/ Gestecke, Modellbau,<\/p>","protected":false},"featured_media":32261,"comment_status":"open","ping_status":"closed","template":"","meta":[],"product_brand":[],"product_cat":[209,210],"product_tag":[],"class_list":{"0":"post-30259","1":"product","2":"type-product","3":"status-publish","4":"has-post-thumbnail","6":"product_cat-airbrush-pistolen-set","7":"product_cat-airbrushpistolen-set","9":"first","10":"instock","11":"taxable","12":"shipping-taxable","13":"purchasable","14":"product-type-simple"},"_links":{"self":[{"href":"https:\/\/testshop.igel.wovodo.de\/it\/wp-json\/wp\/v2\/product\/30259","targetHints":{"allow":["GET"]}}],"collection":[{"href":"https:\/\/testshop.igel.wovodo.de\/it\/wp-json\/wp\/v2\/product"}],"about":[{"href":"https:\/\/testshop.igel.wovodo.de\/it\/wp-json\/wp\/v2\/types\/product"}],"replies":[{"embeddable":true,"href":"https:\/\/testshop.igel.wovodo.de\/it\/wp-json\/wp\/v2\/comments?post=30259"}],"version-history":[{"count":1,"href":"https:\/\/testshop.igel.wovodo.de\/it\/wp-json\/wp\/v2\/product\/30259\/revisions"}],"predecessor-version":[{"id":34875,"href":"https:\/\/testshop.igel.wovodo.de\/it\/wp-json\/wp\/v2\/product\/30259\/revisions\/34875"}],"wp:featuredmedia":[{"embeddable":true,"href":"https:\/\/testshop.igel.wovodo.de\/it\/wp-json\/wp\/v2\/media\/32261"}],"wp:attachment":[{"href":"https:\/\/testshop.igel.wovodo.de\/it\/wp-json\/wp\/v2\/media?parent=30259"}],"wp:term":[{"taxonomy":"product_brand","embeddable":true,"href":"https:\/\/testshop.igel.wovodo.de\/it\/wp-json\/wp\/v2\/product_brand?post=30259"},{"taxonomy":"product_cat","embeddable":true,"href":"https:\/\/testshop.igel.wovodo.de\/it\/wp-json\/wp\/v2\/product_cat?post=30259"},{"taxonomy":"product_tag","embeddable":true,"href":"https:\/\/testshop.igel.wovodo.de\/it\/wp-json\/wp\/v2\/product_tag?post=30259"}],"curies":[{"name":"wp","href":"https:\/\/api.w.org\/{rel}","templated":true}]}}