{"id":30262,"date":"2024-10-31T14:07:47","date_gmt":"2024-10-31T13:07:47","guid":{"rendered":"https:\/\/testshop.igel.wovodo.de\/product\/profi-airbrush-kompressor-set-universal-basis\/"},"modified":"2025-01-27T12:29:27","modified_gmt":"2025-01-27T11:29:27","slug":"profi-airbrush-kompressor-set-universal-basis","status":"publish","type":"product","link":"https:\/\/testshop.igel.wovodo.de\/it\/product\/profi-airbrush-kompressor-set-universal-basis\/","title":{"rendered":"Profi-AirBrush Kompressor Set Universal BASIS"},"content":{"rendered":"<div class=\"sale_application\">\n<b><\/p>\n<p>Ideale per la cosmesi e la bellezza (aerografo per unghie, trucco, colorazione dei capelli, cura dei capelli, abbronzatura spray), la body art (body painting, tatuaggio, disegno di maschere), l'hobbistica (fiori\/ composizioni floreali, modellismo, ceramica\/ ceramica, tessuti), il design di piccole auto (tappi di benzina\/ caschi), le illustrazioni tecniche\/ ritocchi fotografici e la decorazione di cibi (torte\/ cupcake). Le possibilit\u00e0 di aerografia sono praticamente illimitate.<\/p>\n<p><\/b> <\/div>\n<div class=\"sale_description\">\n<p><strong>Il nostro consiglio:<\/strong><\/p>\n<p>Qui ordinate SEMPRE il compressore con gli accessori BASE (tubo flessibile, set di adattatori da 10 pezzi, spazzole per la pulizia, attacco rapido) e avete la possibilit\u00e0 di scegliere altri accessori (pistole, vernici, altri accessori) a prezzi preferenziali. Ci\u00f2 significa che si risparmia pi\u00f9 volte.<\/p>\n<ul>\n<li>1. attraverso prezzi fissi vantaggiosi!<\/li>\n<li>2. attraverso accessori a prezzo ridotto!<\/li>\n<li>3. sostenendo solo costi di trasporto una tantum!<\/li>\n<\/ul>\n<p>Questo sistema, privo di olio e di manutenzione <b>Compressore per aerografo<\/b> ist f\u00fcr Arbeiten mit allen handels\u00fcblichen Airbrushfarben geeignet. Mit nur 47dB erm\u00f6glicht er angenehmes Arbeiten auch in kleineren, geschlossenen R\u00e4umen. Sein kompaktes Design und der integrierte Tragegriff erleichtern den mobilen Einsatz.<\/p>\n<p>Die Abschaltautomatik erm\u00f6glicht einen stromsparenden Betrieb.<\/p>\n<p>Der gewebeummantelte Gummischlauch verbindet die AirBrush-Pistole mit dem Kompressor. Durch die textile Ummantelung ist der Schlauch sehr haltbar und strapazierf\u00e4hig. Die L\u00e4nge von 1,8m gibt ausreichend Bewegungsfreiheit.<\/p>\n<p>Mit dem Airbrush-<strong>Adattatore 10s<\/strong> Siete attrezzati per qualsiasi connessione!<br \/>\n  Con aerografo<strong>Accoppiamento rapido<\/strong>in modo da poter cambiare le armi pi\u00f9 velocemente e lavorare in fretta!<br \/>\n  Il <strong>5 diverse spazzole per la pulizia<\/strong> sono indispensabili per la pulizia accurata delle pistole per aerografo.<\/p>\n<\/div>\n<h3>Molti buoni motivi per acquistare questo prodotto:<\/h3>\n<div class=\"sale_motive\">\n<ul>\n<li><strong>alles Zubeh\u00f6r gleich dabei, was Sie woanders teuer bezahlen<\/strong><\/li>\n<li><strong>energieeffizienter Einzel-Zylinder Kolbenkompressor<\/strong><\/li>\n<li><strong>vielf\u00e4ltige Einsatzgebiete<\/strong><\/li>\n<li>Trasportabile e rapidamente pronto all'uso<\/li>\n<li>Ideal f\u00fcr Pistolen mit geringem Luftdurchlass<\/li>\n<li>kompaktes und sch\u00f6nes Design<\/li>\n<li><strong>Autostop Automatik (4bar-Stop | 3bar-Start)<\/strong><\/li>\n<li>Senza olio e senza manutenzione<\/li>\n<li>Lavoro perfetto grazie alla pressione di lavoro costante<\/li>\n<li>Connessione: filettatura da 0,3 cm (1\/8\u2033) per tutte le comuni pistole per aerografo<\/li>\n<li>Ideale per l'uso mobile<\/li>\n<li>Protetto termicamente<\/li>\n<li><strong>integrierter Durchfluss- und Druckregler, Manometer, Wasserabscheider<\/strong><\/li>\n<li>integrierter Luft-Tank mit Druckluftreserve 3L<\/li>\n<li>Sicherheitsventil<\/li>\n<li><strong>fl\u00fcsterleiser Betrieb ca. 47dB<\/strong> (Zum Vergleich: ein normales Gespr\u00e4che in 1 m Abstand = 60dB)<\/li>\n<\/ul>\n<\/div>","protected":false},"excerpt":{"rendered":"<p>Robuster Airbrushkompressor mit Druckkessel \/ max. Druck: 6bar \/ max. Luftabgabemenge: 20-25l\/min \/ 150 Watt<\/p>\n<p>Universell einsetzbar, auch in der Airbrush Technik!<\/p>","protected":false},"featured_media":32270,"comment_status":"open","ping_status":"closed","template":"","meta":[],"product_brand":[],"product_cat":[217,270],"product_tag":[],"class_list":{"0":"post-30262","1":"product","2":"type-product","3":"status-publish","4":"has-post-thumbnail","6":"product_cat-profi-set-mit-kompressor","7":"product_cat-airbrushkompressor","9":"first","10":"instock","11":"taxable","12":"shipping-taxable","13":"purchasable","14":"product-type-simple"},"_links":{"self":[{"href":"https:\/\/testshop.igel.wovodo.de\/it\/wp-json\/wp\/v2\/product\/30262","targetHints":{"allow":["GET"]}}],"collection":[{"href":"https:\/\/testshop.igel.wovodo.de\/it\/wp-json\/wp\/v2\/product"}],"about":[{"href":"https:\/\/testshop.igel.wovodo.de\/it\/wp-json\/wp\/v2\/types\/product"}],"replies":[{"embeddable":true,"href":"https:\/\/testshop.igel.wovodo.de\/it\/wp-json\/wp\/v2\/comments?post=30262"}],"version-history":[{"count":1,"href":"https:\/\/testshop.igel.wovodo.de\/it\/wp-json\/wp\/v2\/product\/30262\/revisions"}],"predecessor-version":[{"id":34878,"href":"https:\/\/testshop.igel.wovodo.de\/it\/wp-json\/wp\/v2\/product\/30262\/revisions\/34878"}],"wp:featuredmedia":[{"embeddable":true,"href":"https:\/\/testshop.igel.wovodo.de\/it\/wp-json\/wp\/v2\/media\/32270"}],"wp:attachment":[{"href":"https:\/\/testshop.igel.wovodo.de\/it\/wp-json\/wp\/v2\/media?parent=30262"}],"wp:term":[{"taxonomy":"product_brand","embeddable":true,"href":"https:\/\/testshop.igel.wovodo.de\/it\/wp-json\/wp\/v2\/product_brand?post=30262"},{"taxonomy":"product_cat","embeddable":true,"href":"https:\/\/testshop.igel.wovodo.de\/it\/wp-json\/wp\/v2\/product_cat?post=30262"},{"taxonomy":"product_tag","embeddable":true,"href":"https:\/\/testshop.igel.wovodo.de\/it\/wp-json\/wp\/v2\/product_tag?post=30262"}],"curies":[{"name":"wp","href":"https:\/\/api.w.org\/{rel}","templated":true}]}}