{"id":30356,"date":"2024-10-31T14:08:42","date_gmt":"2024-10-31T13:08:42","guid":{"rendered":"https:\/\/testshop.igel.wovodo.de\/product\/2-stck-set-pumpen-feder-halterung-fuer-tauchpumpen-pumpenfuesse\/"},"modified":"2025-01-27T12:29:57","modified_gmt":"2025-01-27T11:29:57","slug":"2-stck-set-pumpen-feder-halterung-fuer-tauchpumpen-pumpenfuesse","status":"publish","type":"product","link":"https:\/\/testshop.igel.wovodo.de\/it\/product\/2-stck-set-pumpen-feder-halterung-fuer-tauchpumpen-pumpenfuesse\/","title":{"rendered":"Set di 2 pezzi di staffe a molla per pompe sommerse (piedi della pompa)"},"content":{"rendered":"<div class=\"sale_description\">\n<p>Diese Universal-Pumpenf\u00fc\u00dfe aus rostfreiem Edelstahl sorgen f\u00fcr einen optimalen Betrieb und sicheren Stand der Tauchdruckpumpe auf dem Zisternenboden. Durch die Verwendung eines <b>hochwertigen Feder-Edelstahls <\/b>wird die Tauchpumpe dynamisch gelagert, sowie Vibrationen, Ger\u00e4uschentwicklung und Druckst\u00f6\u00dfe erheblich reduziert.<\/p>\n<p>Diese Halterung eignet sich f\u00fcr Tauchdruckpumpen mit Durchmessern von ca. 11 &#8211; 16cm, die f\u00fcr den horizontalen Einbau bestimmt sind. Der horizontale Einbau von Tauchdruckpumpen in der Regenwassernutzung bzw. in den Tanks weist erhebliche Vorteile gegen\u00fcber der vertikalen Verwendung: Das nutzbare Zisternenvolumen kann bis zu 30-50% erh\u00f6ht werden!<\/p>\n<p>Die Halterung ist zum Befestigen eines Schwimmerschalters als Trockenlaufschutz oder Trinkwasser-Nachspeisung vorgesehen. Die Edelstahl-Pumpenf\u00fc\u00dfe werden mit einem flexiblen Gummi-O-Ring an der Tauchpumpe fixiert, wodurch Pumpen mit unterschiedlichen Durchmessern verwendet werden k\u00f6nnen.<\/p>\n<\/div>\n<h3>Molti buoni motivi per acquistare questo prodotto:<\/h3>\n<div class=\"sale_motive\">\n<ul>\n<li>Optimaler Pumpenschutz durch Federd\u00e4mpfung<\/li>\n<li>Sicherer Pumpenstand<\/li>\n<li>mehr Nutzvolumen im Tank<\/li>\n<li>Reduzierung von Betriebs-Ger\u00e4uschen<\/li>\n<li>Bessere Tankentleerung<\/li>\n<li>bessere K\u00fchlung des Pumpenmotors<\/li>\n<li>optimales Ansaugverhalten der Pumpe<\/li>\n<\/ul>\n<\/div>","protected":false},"excerpt":{"rendered":"<p>Diese Universal-Pumpenf\u00fc\u00dfe aus rostfreiem Edelstahl sorgen f\u00fcr einen optimalen Betrieb und sicheren Stand der Tauchdruckpumpe auf dem Zisternenboden. Durch die<\/p>","protected":false},"featured_media":39925,"comment_status":"open","ping_status":"closed","template":"","meta":[],"product_brand":[],"product_cat":[439,201,205],"product_tag":[],"class_list":{"0":"post-30356","1":"product","2":"type-product","3":"status-publish","4":"has-post-thumbnail","6":"product_cat-halterungen","7":"product_cat-zubehoer-tauchpumpen","8":"product_cat-zubehoer-brunnenpumpe","10":"first","11":"instock","12":"taxable","13":"shipping-taxable","14":"purchasable","15":"product-type-simple"},"_links":{"self":[{"href":"https:\/\/testshop.igel.wovodo.de\/it\/wp-json\/wp\/v2\/product\/30356","targetHints":{"allow":["GET"]}}],"collection":[{"href":"https:\/\/testshop.igel.wovodo.de\/it\/wp-json\/wp\/v2\/product"}],"about":[{"href":"https:\/\/testshop.igel.wovodo.de\/it\/wp-json\/wp\/v2\/types\/product"}],"replies":[{"embeddable":true,"href":"https:\/\/testshop.igel.wovodo.de\/it\/wp-json\/wp\/v2\/comments?post=30356"}],"version-history":[{"count":1,"href":"https:\/\/testshop.igel.wovodo.de\/it\/wp-json\/wp\/v2\/product\/30356\/revisions"}],"predecessor-version":[{"id":34971,"href":"https:\/\/testshop.igel.wovodo.de\/it\/wp-json\/wp\/v2\/product\/30356\/revisions\/34971"}],"wp:featuredmedia":[{"embeddable":true,"href":"https:\/\/testshop.igel.wovodo.de\/it\/wp-json\/wp\/v2\/media\/39925"}],"wp:attachment":[{"href":"https:\/\/testshop.igel.wovodo.de\/it\/wp-json\/wp\/v2\/media?parent=30356"}],"wp:term":[{"taxonomy":"product_brand","embeddable":true,"href":"https:\/\/testshop.igel.wovodo.de\/it\/wp-json\/wp\/v2\/product_brand?post=30356"},{"taxonomy":"product_cat","embeddable":true,"href":"https:\/\/testshop.igel.wovodo.de\/it\/wp-json\/wp\/v2\/product_cat?post=30356"},{"taxonomy":"product_tag","embeddable":true,"href":"https:\/\/testshop.igel.wovodo.de\/it\/wp-json\/wp\/v2\/product_tag?post=30356"}],"curies":[{"name":"wp","href":"https:\/\/api.w.org\/{rel}","templated":true}]}}