{"id":30403,"date":"2024-10-31T14:09:08","date_gmt":"2024-10-31T13:09:08","guid":{"rendered":"https:\/\/testshop.igel.wovodo.de\/product\/4-tiefbrunnenpumpe-brunnen-star-110-4-3-8-230v-bedingt-sandvertraeglich\/"},"modified":"2025-01-27T12:30:18","modified_gmt":"2025-01-27T11:30:18","slug":"4-tiefbrunnenpumpe-brunnen-star-110-4-3-8-230v-bedingt-sandvertraeglich","status":"publish","type":"product","link":"https:\/\/testshop.igel.wovodo.de\/it\/product\/4-tiefbrunnenpumpe-brunnen-star-110-4-3-8-230v-bedingt-sandvertraeglich\/","title":{"rendered":"4&#8243;-Tiefbrunnenpumpe Brunnen-Star 110-4.3-8 230V bedingt sandvertr\u00e4glich"},"content":{"rendered":"<div class=\"sale_description\">\n<p>Robuste, stabile Tiefbrunnenpumpe in Handwerker-Qualit\u00e4t aus rostfreiem Edelsstahl f\u00fcr tiefe Brunnenbohrungen.<\/p>\n<p>Diese EU-Brunnen-Pumpen werden f\u00fcr uns von einem innovativen <b>Qualit\u00e4ts-Unternehmen mit langj\u00e4hriger Tradition in der Pumpenfertigung entwickelt und hergestellt.<\/b> Einzelne Fertigungsschritte unterliegen einer strengen Qualit\u00e4tspr\u00fcfung, wobei bei jeder Pumpe noch eine Endkontrolle erfolgt.<\/p>\n<p>Zum Einsatz kommen nur gepr\u00fcfte qualitativ hochwertige Bauteile und Materialien: <b>Rostfreie, robuste Edelstahlgeh\u00e4use, Mehrfach-Dichtungen, Messing-Bauteile und  hochwertiger, \u00f6lgelagerter, gekapselter Motoren sorgen f\u00fcr eine lange Lebensdauer.<\/b><\/p>\n<p>Durch die Konstruktion mit 3-fachen Wellenabdichtungen hat die hochwertige <b>4&#8243;-Tiefbrunnenpumpe Brunnen-Star 110-4.3-8 230V bedingt sandvertr\u00e4glich<\/b> aus europ\u00e4ischer Herstellung eine deutlich h\u00f6here Lebensdauer als Pumpen mit herk\u00f6mmlichen mechanischen Dichtungen. Die Edelstahl-Tiefbrunnenpumpe ist deshalb auch f\u00fcr Extrem-Eins\u00e4tze bestens geeignet.<\/p>\n<p>Trotz der geringen Leistungsaufnahme schafft die bedingt sandvertr\u00e4gliche Tiefbrunnenpumpe eine F\u00f6rdermenge von bis zu <b>9.000L\/h<\/b>. Der maximale Druck liegt bei <b>6,5bar<\/b>, die maximale F\u00f6rderh\u00f6he bei <b>65m<\/b>.<br \/>\n  Bitte beachten Sie, dass der F\u00f6rderdruck bei steigender F\u00f6rderh\u00f6he entsprechend abnimmt.<\/p>\n<p>Unsere EU-Brunnenpumpen sind zudem <b>bedingt sandvertr\u00e4glich<\/b> (max. Partikelgr\u00f6\u00dfe: 0,2mm, max. Sandgehalt: 150g\/m\u00b3).<\/p>\n<\/div>\n<h3>Molti buoni motivi per acquistare questo prodotto:<\/h3>\n<div class=\"sale_motive\">\n<ul>\n<li>hochwertige, leistungsstarke &amp; bedingt sandvertr\u00e4gliche Brunnenpumpe<\/li>\n<li>Robusto alloggiamento in acciaio inox<\/li>\n<li>Spitzen-Qualit\u00e4t aus Europ\u00e4ischer Fertigung nach neusten EU-Energie-Richtlinien<\/li>\n<li>Dank der besonderen Technik ist dies eine der effektivsten und energiesparsamsten Pumpen auf dem Markt<\/li>\n<li>gekapselter Qualit\u00e4ts-Elektromotor<\/li>\n<li>Profi-Qualit\u00e4t f\u00fcr Dauerbetrieb<\/li>\n<li>sehr lange Lebensdauer durch Mehrfach-Dichtungsystem mit \u00d6lschmierung<\/li>\n<li>keine Ansaugung von Bodensediment durch seitliche Ansaugung<\/li>\n<li>F\u00f6rdermenge von 9.000L\/h bei einer nominalen Leistungsaufnahme von 1100 Watt<\/li>\n<li>Qmax 9.000L\/h | Pmax 6,5bar | Hmax 65m<\/li>\n<li>Optimaler Wirkungsgrad 49% (maximaler Wirkungsgrad 65%) bei 46,5m (6bar \/ 100l\/min) Brunnentiefe<\/li>\n<li>anschlussfertig<\/li>\n<\/ul>\n<\/div>","protected":false},"excerpt":{"rendered":"<p>Edelstahl-Brunnenpumpe mit 1100 Watt<\/p>\n<p>Qmax 9.000L\/h | Pmax 6,5bar | Hmax 65m<br \/>\nOptimaler Wirkungsgrad 49% (maximaler Wirkungsgrad 65%) bei 46,5m (6bar \/ 100l\/min) Brunnentiefe<\/p>\n<p><b>Perfektion in Edelstahl &#8211; Hochwertige EU-Fertigung<\/b><\/p>","protected":false},"featured_media":32739,"comment_status":"open","ping_status":"closed","template":"","meta":[],"product_brand":[],"product_cat":[344,215,223],"product_tag":[],"class_list":{"0":"post-30403","1":"product","2":"type-product","3":"status-publish","4":"has-post-thumbnail","6":"product_cat-4-zoll-230v","7":"product_cat-4-brunnenpumpen","8":"product_cat-eu-produktion","10":"first","11":"instock","12":"taxable","13":"shipping-taxable","14":"purchasable","15":"product-type-simple"},"_links":{"self":[{"href":"https:\/\/testshop.igel.wovodo.de\/it\/wp-json\/wp\/v2\/product\/30403","targetHints":{"allow":["GET"]}}],"collection":[{"href":"https:\/\/testshop.igel.wovodo.de\/it\/wp-json\/wp\/v2\/product"}],"about":[{"href":"https:\/\/testshop.igel.wovodo.de\/it\/wp-json\/wp\/v2\/types\/product"}],"replies":[{"embeddable":true,"href":"https:\/\/testshop.igel.wovodo.de\/it\/wp-json\/wp\/v2\/comments?post=30403"}],"version-history":[{"count":1,"href":"https:\/\/testshop.igel.wovodo.de\/it\/wp-json\/wp\/v2\/product\/30403\/revisions"}],"predecessor-version":[{"id":35018,"href":"https:\/\/testshop.igel.wovodo.de\/it\/wp-json\/wp\/v2\/product\/30403\/revisions\/35018"}],"wp:featuredmedia":[{"embeddable":true,"href":"https:\/\/testshop.igel.wovodo.de\/it\/wp-json\/wp\/v2\/media\/32739"}],"wp:attachment":[{"href":"https:\/\/testshop.igel.wovodo.de\/it\/wp-json\/wp\/v2\/media?parent=30403"}],"wp:term":[{"taxonomy":"product_brand","embeddable":true,"href":"https:\/\/testshop.igel.wovodo.de\/it\/wp-json\/wp\/v2\/product_brand?post=30403"},{"taxonomy":"product_cat","embeddable":true,"href":"https:\/\/testshop.igel.wovodo.de\/it\/wp-json\/wp\/v2\/product_cat?post=30403"},{"taxonomy":"product_tag","embeddable":true,"href":"https:\/\/testshop.igel.wovodo.de\/it\/wp-json\/wp\/v2\/product_tag?post=30403"}],"curies":[{"name":"wp","href":"https:\/\/api.w.org\/{rel}","templated":true}]}}