{"id":30425,"date":"2024-10-31T14:09:24","date_gmt":"2024-10-31T13:09:24","guid":{"rendered":"https:\/\/testshop.igel.wovodo.de\/product\/3-tiefbrunnenpumpe-brunnen-star-750-2\/"},"modified":"2025-01-27T12:30:24","modified_gmt":"2025-01-27T11:30:24","slug":"3-tiefbrunnenpumpe-brunnen-star-750-2","status":"publish","type":"product","link":"https:\/\/testshop.igel.wovodo.de\/it\/product\/3-tiefbrunnenpumpe-brunnen-star-750-2\/","title":{"rendered":"3\u2033 Pompa per pozzi profondi Well-Star-750-2"},"content":{"rendered":"<div class=\"sale_application\">\n<ul>\n<li>f\u00fcr Tiefbrunnenbohrungen bis ca. 70m Tiefe und ab ca. 80mm Durchmesser<\/li>\n<li>zur Hauswasserversorgung<\/li>\n<li>zur Bew\u00e4sserung<\/li>\n<li>zur Beregnung<\/li>\n<li>f\u00fcr Anwendungen im Umweltschutz<\/li>\n<li>bei Grundwasserabsenkung<\/li>\n<li>per il riempimento dei contenitori<\/li>\n<\/ul>\n<\/div>\n<div class=\"sale_description\">\n<p>Die robuste, leistungsstarke und&nbsp;stabile Tiefbrunnenpumpe aus <strong>rostfreiem Edelsstahl<\/strong> ist ideal f\u00fcr tiefe Brunnenbohrungen (bis ca 70m). Mit dieser robusten Tiefbrunnenpumpe ist die F\u00f6rderung von Wasser aus extrem tiefen Bohrungen, Brunnen bzw. Wasserreservoirs kein Problem.<\/p>\n<p>Die 3-Zoll-Brunnenpumpe ist mit einem mit <strong>hochwertigem, gekapseltem Motor <\/strong>ausgestattet. Durch die seitliche Ansaugung wird eine Ansaugung von Bodensediment verhindert.&nbsp;Mit einem Durchmesser von nur 76mm ist die Klarwasserpumpe optimal f\u00fcr enge Sch\u00e4chte. <\/p>\n<p>Die Brunnenpumpe f\u00f6rdert dies mit hohem Druck weiter an die Abnahmestelle. Bei gleicher elektrischen Leistung f\u00f6dert diese Pumpe dank <strong>besonderen Bauweise<\/strong> wesentlich mehr Wasser als andere Pumpen mit vergleichbarem Energie-Verbrauch. Trotz geringer elektrischer Energieaufnahme von nur 750 W wird eine eine hohe hydraulische Leistung erbracht. Hier wird <b class=\"fett1\">AUF DAUER<\/b> elektrischer Strom und somit bares <b class=\"fett1\">GELD GESPART!<\/b><strong><\/p>\n<p>Der Kondensator der Brunnenpumpe ist in der im Lieferumfang enthaltenen Schalterbox. Auf diese Weise ist der Kondensator leicht zug\u00e4nglich und kann bei Bedarf leicht ausgetauscht werden. Sehr praktisch!<\/p>\n<p><\/strong>Die Brunnenpumpe hat eine maximale F\u00f6rdermenge von 3.700l\/h. Die maximale F\u00f6rderh\u00f6he betr\u00e4gt 81m und der maximale F\u00f6rderdruck liegt bei 8,1bar. Bitte beachten Sie, dass die F\u00f6rderleistung bei steigender F\u00f6rderh\u00f6he entsprechend abnimmt.&nbsp;<\/p>\n<p>Die Kabell\u00e4nge betr\u00e4gt insgesamt 15m (ca 2m Flachkabel \u00fcbergehend auf ca 13m Rundkabel). Rundkabel setzen wir ein, weil dieses einen gr\u00f6\u00dferen Querschnitt hat, als das Flachkabel und damit eine bessere Gesamtleistung der Pumpe erreicht wird (kleinerer Kabelwiderstand = bessere Pumpenleistung!).<\/p>\n<p>Bitte beachten: F\u00fcr die richtige Funktion der INVERTER-Pumpensteuerung 2-1,1KW 1*230V, verkabelt (IPC-2-VK) MUSS ein Druckausdehnungsgef\u00e4\u00df \/Drucktank mit einem Mindestvolumen von 2L in der Druckleitung in unmittelbarer N\u00e4he der Steuerung vorhanden sein. Bei unserer Zubeh\u00f6r-Auswahl k\u00f6nnen Sie f\u00fcr einen kleinen Aufpreis einen hochwertigen Drucktank (2 oder 8L) mitbestellen.<\/p>\n<p>Noch mehr <b>Energie und Kosten sparen<\/b> Sie, wenn Sie Ihre Pumpe mit einem <b>effizienten<\/b> Pumpen-Inverter erg\u00e4nzen. Unterst\u00fctzen Sie mit intelligenter Technik den <b>Klima- und Umweltschutz, sparen Sie Stromkosten und sorgen teuren Reparaturen und Wartungsarbeiten<\/b> vor. Die Inverter-Steuerung sorgt f\u00fcr besonders schonenden Pumpenbetrieb frei von Druckschl\u00e4gen.<\/p>\n<\/p><\/div>\n<h3>Molti buoni motivi per acquistare questo prodotto:<\/h3>\n<div class=\"sale_motive\">\n<ul>\n<li>durch wartungs- und leckfreie mechanische Dichtung hat die Pumpe viel h\u00f6here Lebensdauer als herk\u00f6mmliche Pumpen<\/li>\n<li>leistungsstarke, solide Qualit\u00e4ts-Tiefbrunnenpumpe mit max 8,1bar und max 3700\/h<\/li>\n<li>f\u00fcr tiefe Brunnenbohrungen bis ca. 70m<\/li>\n<li>Durchmesser: 76mm (mit Kabelabdeckung ca. 80mm)<\/li>\n<li>ausgezeichnetes Preis- \/ Leistungsverh\u00e4ltnis!<\/li>\n<li>solide, kompakt und zuverl\u00e4ssig<\/li>\n<li>robustes rostfreies Edelstahlgeh\u00e4use mit Messingteilen<\/li>\n<li>Handwerker-Qualit\u00e4t<\/li>\n<li>keine Ansaugung von Bodensediment durch seitliche Ansaugung<\/li>\n<li>hochwertiger gekapselter Elektromotor<\/li>\n<\/ul>\n<\/div>","protected":false},"excerpt":{"rendered":"<p>Leistungsstarke, mehrstufige Brunnenpumpe mit 750Watt<br \/>\nmax. Druck: 8,1bar | Qmax. 3.700l\/h | Hmax. 81m<br \/>\n  15m Kabel<\/p>\n<p><b>Mit Anschluss-Box!<\/b><\/p>","protected":false},"featured_media":32819,"comment_status":"open","ping_status":"closed","template":"","meta":[],"product_brand":[],"product_cat":[227,224,300,299],"product_tag":[],"class_list":{"0":"post-30425","1":"product","2":"type-product","3":"status-publish","4":"has-post-thumbnail","6":"product_cat-3-brunnenpumpen-brunnenpumpen-mit-druckschalter-inverter","7":"product_cat-3-brunnenpumpen","8":"product_cat-3-zoll-brunnenpumpen","9":"product_cat-klarwasserpumpe","11":"first","12":"instock","13":"taxable","14":"shipping-taxable","15":"purchasable","16":"product-type-simple"},"_links":{"self":[{"href":"https:\/\/testshop.igel.wovodo.de\/it\/wp-json\/wp\/v2\/product\/30425","targetHints":{"allow":["GET"]}}],"collection":[{"href":"https:\/\/testshop.igel.wovodo.de\/it\/wp-json\/wp\/v2\/product"}],"about":[{"href":"https:\/\/testshop.igel.wovodo.de\/it\/wp-json\/wp\/v2\/types\/product"}],"replies":[{"embeddable":true,"href":"https:\/\/testshop.igel.wovodo.de\/it\/wp-json\/wp\/v2\/comments?post=30425"}],"version-history":[{"count":3,"href":"https:\/\/testshop.igel.wovodo.de\/it\/wp-json\/wp\/v2\/product\/30425\/revisions"}],"predecessor-version":[{"id":39505,"href":"https:\/\/testshop.igel.wovodo.de\/it\/wp-json\/wp\/v2\/product\/30425\/revisions\/39505"}],"wp:featuredmedia":[{"embeddable":true,"href":"https:\/\/testshop.igel.wovodo.de\/it\/wp-json\/wp\/v2\/media\/32819"}],"wp:attachment":[{"href":"https:\/\/testshop.igel.wovodo.de\/it\/wp-json\/wp\/v2\/media?parent=30425"}],"wp:term":[{"taxonomy":"product_brand","embeddable":true,"href":"https:\/\/testshop.igel.wovodo.de\/it\/wp-json\/wp\/v2\/product_brand?post=30425"},{"taxonomy":"product_cat","embeddable":true,"href":"https:\/\/testshop.igel.wovodo.de\/it\/wp-json\/wp\/v2\/product_cat?post=30425"},{"taxonomy":"product_tag","embeddable":true,"href":"https:\/\/testshop.igel.wovodo.de\/it\/wp-json\/wp\/v2\/product_tag?post=30425"}],"curies":[{"name":"wp","href":"https:\/\/api.w.org\/{rel}","templated":true}]}}