{"id":30444,"date":"2024-10-31T14:09:36","date_gmt":"2024-10-31T13:09:36","guid":{"rendered":"https:\/\/testshop.igel.wovodo.de\/product\/ersatzsieb-t-33-01mm-maschenweite\/"},"modified":"2025-01-27T12:30:30","modified_gmt":"2025-01-27T11:30:30","slug":"ersatzsieb-t-33-01mm-maschenweite","status":"publish","type":"product","link":"https:\/\/testshop.igel.wovodo.de\/it\/product\/ersatzsieb-t-33-01mm-maschenweite\/","title":{"rendered":"Ersatzsieb T 33 0,1mm Maschenweite"},"content":{"rendered":"<div class=\"sale_description\">\n<p>Dieser Sieb-Einsatz ist f\u00fcr den Fallrohrfilter T33 gedacht. Er verf\u00fcgt \u00fcber ein engmaschiges und rostfreies Edelstahl-Gewebe, wodurch der sehr hohe Wirkungsgrad des T33 erreicht wird.<\/p>\n<p>Mit 15-j\u00e4hriger Beschaffungs-Garantie auf alle Sieb-Eins\u00e4tze!<\/p>\n<p>Au\u00dferdem verf\u00fcgt der Filter \u00fcber eine \u201eF\u00fcll-Stopp-Automatik\u201c. In der entsprechenden H\u00f6he in das Fallrohr eingebaut (Montageanleitung beachten) sorgt der Filter automatisch daf\u00fcr, dass der Regenspeicher nicht \u00fcberl\u00e4uft.<\/p><\/div>\n<h3>Molti buoni motivi per acquistare questo prodotto:<\/h3>\n<div class=\"sale_motive\">\n<ul>\n<li>Ersatzsieb f\u00fcr Fallrohrfilter T33\n<li>rostfreies Edelstahl-Gewebe\n<li>wartungsfrei\n<li>Wirkungsgrad \u00fcber 90 %<\/div>","protected":false},"excerpt":{"rendered":"<p>Aus rostfreiem Edelstahl-Gewebe, langlebig.<\/p>","protected":false},"featured_media":31954,"comment_status":"open","ping_status":"closed","template":"","meta":[],"product_brand":[],"product_cat":[286,450,232],"product_tag":[],"class_list":{"0":"post-30444","1":"product","2":"type-product","3":"status-publish","4":"has-post-thumbnail","6":"product_cat-einzelteile-fallrohr-filter","7":"product_cat-einzelteile-fallrohr-filter-regenfilter-regentonne24","8":"product_cat-ersatzteile","10":"first","11":"instock","12":"taxable","13":"shipping-taxable","14":"purchasable","15":"product-type-simple"},"_links":{"self":[{"href":"https:\/\/testshop.igel.wovodo.de\/it\/wp-json\/wp\/v2\/product\/30444","targetHints":{"allow":["GET"]}}],"collection":[{"href":"https:\/\/testshop.igel.wovodo.de\/it\/wp-json\/wp\/v2\/product"}],"about":[{"href":"https:\/\/testshop.igel.wovodo.de\/it\/wp-json\/wp\/v2\/types\/product"}],"replies":[{"embeddable":true,"href":"https:\/\/testshop.igel.wovodo.de\/it\/wp-json\/wp\/v2\/comments?post=30444"}],"version-history":[{"count":1,"href":"https:\/\/testshop.igel.wovodo.de\/it\/wp-json\/wp\/v2\/product\/30444\/revisions"}],"predecessor-version":[{"id":35059,"href":"https:\/\/testshop.igel.wovodo.de\/it\/wp-json\/wp\/v2\/product\/30444\/revisions\/35059"}],"wp:featuredmedia":[{"embeddable":true,"href":"https:\/\/testshop.igel.wovodo.de\/it\/wp-json\/wp\/v2\/media\/31954"}],"wp:attachment":[{"href":"https:\/\/testshop.igel.wovodo.de\/it\/wp-json\/wp\/v2\/media?parent=30444"}],"wp:term":[{"taxonomy":"product_brand","embeddable":true,"href":"https:\/\/testshop.igel.wovodo.de\/it\/wp-json\/wp\/v2\/product_brand?post=30444"},{"taxonomy":"product_cat","embeddable":true,"href":"https:\/\/testshop.igel.wovodo.de\/it\/wp-json\/wp\/v2\/product_cat?post=30444"},{"taxonomy":"product_tag","embeddable":true,"href":"https:\/\/testshop.igel.wovodo.de\/it\/wp-json\/wp\/v2\/product_tag?post=30444"}],"curies":[{"name":"wp","href":"https:\/\/api.w.org\/{rel}","templated":true}]}}