{"id":30446,"date":"2024-10-31T14:09:37","date_gmt":"2024-10-31T13:09:37","guid":{"rendered":"https:\/\/testshop.igel.wovodo.de\/product\/diesel-star-160-4-230v-pumpe-ohne-zubehoer-mit-2stk-tuellen-2stk-schellen\/"},"modified":"2025-01-27T12:30:31","modified_gmt":"2025-01-27T11:30:31","slug":"diesel-star-160-4-230v-pumpe-ohne-zubehoer-mit-2stk-tuellen-2stk-schellen","status":"publish","type":"product","link":"https:\/\/testshop.igel.wovodo.de\/it\/product\/diesel-star-160-4-230v-pumpe-ohne-zubehoer-mit-2stk-tuellen-2stk-schellen\/","title":{"rendered":"Diesel Star 160-4 - Pompa da 230V senza accessori, con 2 ugelli, 2 morsetti"},"content":{"rendered":"<div class=\"sale_application\">\n<ul>\n<li>230-Volt-Dieselpumpe zum Entleeren, Bef\u00fcllen und Umf\u00fcllen von Diesel- und Heiz\u00f6ltanks<\/li>\n<\/ul>\n<\/div>\n<div class=\"sale_description\">\n<p>Ob unterwegs, ob beim Camping, ob im Heizungskeller, ob in der Garage oder vor der Haust\u00fcr &#8211; \u00fcberall wird Ihnen diese Dieselpumpe beste Dienste leisten! Die Einsatzgebiete sind absolut vielf\u00e4ltig.<br \/>\nDie DIESEL STAR 160 ist eine selbstansaugende Dieselpumpe. Mit den beiliegenden Schlaucht\u00fcllen ist die Pumpe Ruck-Zuck angeschlossen. So macht das Umtanken Spa\u00df und bleibt eine saubere Sache!<\/p>\n<p>Die maximale F\u00f6rderleistung dieser 230-Volt-Dieselpumpe betr\u00e4gt 2400 l\/ h, die maximale F\u00f6rderh\u00f6he 10 m. Bitte beachten Sie, dass die F\u00f6rderleistung bei steigender F\u00f6rderh\u00f6he entsprechend abnimmt.<\/p>\n<p>Alle Pumpen sind EINZELST\u00dcCK-gepr\u00fcft auf Ihre Funktion. Daher k\u00f6nnen Reste der Pr\u00fcffl\u00fcssigkeit in der Pumpe \/ Verpackung vorhanden sein.<\/p>\n<p>Die Dieselpumpe und die Saugleitung sind bei der Inbetriebnahme blasenfrei mit Diesel zu bef\u00fcllen. Ein R\u00fcckschlagventil muss unbedingt am Ende der Saugleitung montiert und dicht sein.<\/p>\n<\/div>\n<h3>Molti buoni motivi per acquistare questo prodotto:<\/h3>\n<div class=\"sale_motive\">\n<ul>\n<li>Autoadescamento dopo il riempimento o lo sfiato iniziale<\/li>\n<li>maximale F\u00f6rdermenge: 2400 l\/ h<\/li>\n<li>maximale F\u00f6rderh\u00f6he: 10 m<\/li>\n<li>Qualit\u00e0 pesante, robusta e affidabile<\/li>\n<li>mit Filterkorb und Anschluss-T\u00fcllen aus Messing<\/li>\n<li>Interruttore \"On\" e \"Off\" con dispositivo di sicurezza<\/li>\n<\/ul>\n<\/div>","protected":false},"excerpt":{"rendered":"<p>230-Volt-Dieselpumpe mit 2 T\u00fcllen<br \/>\n  max. F\u00f6rdermenge 2400 l\/ h | max. F\u00f6rderh\u00f6he 10 m | max. Druck 2,4 bar<\/p>\n<p><b>Inkl. 2 hochwertigen T\u00fcllen aus Messing!<\/b><\/p>","protected":false},"featured_media":32905,"comment_status":"open","ping_status":"closed","template":"","meta":[],"product_brand":[],"product_cat":[229,287],"product_tag":[],"class_list":{"0":"post-30446","1":"product","2":"type-product","3":"status-publish","4":"has-post-thumbnail","6":"product_cat-230v-pumpen","7":"product_cat-diesel-pumpen","9":"first","10":"instock","11":"taxable","12":"shipping-taxable","13":"purchasable","14":"product-type-simple"},"_links":{"self":[{"href":"https:\/\/testshop.igel.wovodo.de\/it\/wp-json\/wp\/v2\/product\/30446","targetHints":{"allow":["GET"]}}],"collection":[{"href":"https:\/\/testshop.igel.wovodo.de\/it\/wp-json\/wp\/v2\/product"}],"about":[{"href":"https:\/\/testshop.igel.wovodo.de\/it\/wp-json\/wp\/v2\/types\/product"}],"replies":[{"embeddable":true,"href":"https:\/\/testshop.igel.wovodo.de\/it\/wp-json\/wp\/v2\/comments?post=30446"}],"version-history":[{"count":1,"href":"https:\/\/testshop.igel.wovodo.de\/it\/wp-json\/wp\/v2\/product\/30446\/revisions"}],"predecessor-version":[{"id":35061,"href":"https:\/\/testshop.igel.wovodo.de\/it\/wp-json\/wp\/v2\/product\/30446\/revisions\/35061"}],"wp:featuredmedia":[{"embeddable":true,"href":"https:\/\/testshop.igel.wovodo.de\/it\/wp-json\/wp\/v2\/media\/32905"}],"wp:attachment":[{"href":"https:\/\/testshop.igel.wovodo.de\/it\/wp-json\/wp\/v2\/media?parent=30446"}],"wp:term":[{"taxonomy":"product_brand","embeddable":true,"href":"https:\/\/testshop.igel.wovodo.de\/it\/wp-json\/wp\/v2\/product_brand?post=30446"},{"taxonomy":"product_cat","embeddable":true,"href":"https:\/\/testshop.igel.wovodo.de\/it\/wp-json\/wp\/v2\/product_cat?post=30446"},{"taxonomy":"product_tag","embeddable":true,"href":"https:\/\/testshop.igel.wovodo.de\/it\/wp-json\/wp\/v2\/product_tag?post=30446"}],"curies":[{"name":"wp","href":"https:\/\/api.w.org\/{rel}","templated":true}]}}