{"id":30489,"date":"2024-10-31T14:10:05","date_gmt":"2024-10-31T13:10:05","guid":{"rendered":"https:\/\/testshop.igel.wovodo.de\/product\/solar-gartenbrunnen-wasserspiel-feng-shui-mit-li-ion-akku\/"},"modified":"2025-01-27T12:30:44","modified_gmt":"2025-01-27T11:30:44","slug":"solar-gartenbrunnen-wasserspiel-feng-shui-mit-li-ion-akku","status":"publish","type":"product","link":"https:\/\/testshop.igel.wovodo.de\/it\/product\/solar-gartenbrunnen-wasserspiel-feng-shui-mit-li-ion-akku\/","title":{"rendered":"Solar &#8211; Gartenbrunnen &amp; Wasserspiel &#8220;FENG-SHUI&#8221; mit Li-Ion-Akku"},"content":{"rendered":"<div class=\"sale_application\">\n<p>Solarbetriebener Garten-Brunnen mit Li-Ion Akku und LED-Lichter<\/p>\n<\/p><\/div>\n<div class=\"sale_description\">\n<p>Il <b>&#8220;FENG-SHUI&#8221;<\/b> Gartenbrunnen bringt eine ganz besondere Atmosph\u00e4re in Ihren heimischen Garten. Die Kraft der Sonne bringt das Wasser in Bewegung, sobald das Sonnenlicht auf die Solarfl\u00e4che trifft. Ein intensives Wasserspiel wird durch eine hohe Sonneneinstrahlung erreicht. Das beruhigende Pl\u00e4tschern des Wassers l\u00e4sst ein neues Wohlgef\u00fchl bei Ihnen entstehen. Dazu ist das funkelnde Wasser im Sonnenlicht der perfekte Blickfang in Ihrem Garten, auf dem Balkon oder der Terrasse. An hei\u00dfen Sommertagen kann sogar ein angenehmes Mikroklima entstehen.<\/p>\n<p>Dieser <b>&#8220;FENG-SHUI&#8221;<\/b> Gartenbrunnen kann am Tag aber auch in der Nacht betrieben werden. Da ein leistungsstarker Li-Ion Akku verbaut ist, kann die Pumpe und das LED-Licht auch nach dem Sonnenuntergang oder bei schlechten Lichtverh\u00e4ltnissen arbeiten. In der Nacht wird das LED-Licht noch intensiver und erm\u00f6glicht das Sie den Gartenbrunnen nochmal in einem anderen Licht betrachten. Am n\u00e4chsten Tag schaltet die Pumpe automatisch in den Solarmodus um, wenn genug Sonnenlicht vorhanden ist. Die Akku-Funktion kann auch ausgeschaltet werden damit der Gartenbrunnen bei Nacht nicht betrieben wird.<\/p>\n<p><strong>Individuelle Platzierung<\/strong><\/p>\n<p>Diesen Gartenbrunnen k\u00f6nnen Sie an jeder Stelle in Ihrem Garten platzieren. Sie sind an keine Steckdose gebunden und das l\u00e4stige Verlegen des 230V-Kabels entf\u00e4llt. Au\u00dferdem k\u00f6nnen Sie das Solarsystem nach Ihrem Geschmack effektvoll Positionieren. Eine sichere Nutzung ist durch den Anschluss an das Solarpanel gegeben (gegen\u00fcber der 230V Steckdose). Sparen Sie sich den \u00c4rger mit den durch Nagetiere besch\u00e4digten Kabeln und dadurch verursachten Stromausf\u00e4llen. Bitte bedenken Sie, dass das Solarpanel stets im vollen Sonnenlicht zu platzieren und auszurichten ist, da sonst keine Pumpenfunktion garantiert werden kann.<\/p>\n<p><strong>Produkt-Info zum Li-Ion-Akku:<\/strong><\/p>\n<p>Die innovativen Li-Ion-Akkus haben keinen Memory-Effekt. Das ist besonders bei h\u00e4ufigen Auf- und Entladevorg\u00e4ngen wie bei Solarteichpumpen enorm wichtig, um langfristig die <strong>optimale Akku-Kapazit\u00e4t<\/strong> zu erreichen. Die Li-Ion-Akkus sind wesentlich besser bez\u00fcglich Temperaturschwankungen als herk\u00f6mmliche Akkus. Es erwartet Sie ein l\u00e4nger andauerndes und lebendigeres Wasserspiel. Die Funktion des Solar-Brunnens startet bereits bei minimaler Aufladung &#8211; automatisch! Als <strong>Schutz vor Tiefentladung<\/strong> erfolgt eine automatische Abschaltung bei Erreichen des Mindest-Endladezustands. <strong>Kein Akku-Wechsel erforderlich!<\/strong> <b><font color=\"#048610\">Insgesamt haben die Li-Ion-Akkus im Vergleich zu herk\u00f6mmlichen Akkus eine 3 mal l\u00e4ngere Laufzeit und eine bis zu 10-FACHE Lebensdauer beim Betrieb mit Solarteichpumpen!<br \/><\/font><\/b><\/p>\n<p><b>Akku im Solarpanel nicht gen\u00fcgend aufgeladen ist, da dieses bei Auslieferung nur bis zu 30% Kapazit\u00e4t hat.<br \/>\nBitte lassen Sie das Solarpanel erst einmal 2 Tage aufladen, bevor Sie es benutzen.<\/b><\/p>\n<p style=\"font-size:11px;\"><b>Avviso legale:<\/b> I nostri prodotti sono colorati singolarmente a mano, pertanto non \u00e8 possibile evitare deviazioni di colore. Inoltre, a causa delle condizioni di illuminazione durante la fotografia del prodotto e delle diverse impostazioni dello schermo, il colore del prodotto potrebbe non essere riprodotto in modo autentico e non \u00e8 quindi motivo di reclamo.<\/p>\n<p><p><b>Nota:<\/b> Frost kann zu Sch\u00e4den am Gartenbrunnen und der Pumpe f\u00fchren. Bei Frostgefahr muss der <b>Gartenbrunnen und die Pumpe entleert werden<\/b>, mit klarem Wasser gesp\u00fclt und trocken eingelagert werden. Dann haben Sie sehr lange Freude daran!<\/p>\n<\/p>\n<\/div>\n<h3>Molti buoni motivi per acquistare questo prodotto:<\/h3>\n<div class=\"sale_motive\">\n<ul>\n<li>2 Jahre Garantie, Lebensdauer \u00fcber 60.000 Betriebsstunden* <b>(Hinweis weiter unten)<\/b><\/li>\n<li>sehr sch\u00f6ne und dekorative Nachbildung einer Brunnen-Kaskade aus Polyresin, &#8211; ein echter Hingucker im <b>Garten<\/b>, auf dem <b>Balkon<\/b> oder der <b>Terrasse<\/b><\/li>\n<li><b>80cm<\/b> F\u00f6rderh\u00f6he<\/li>\n<li>max. F\u00f6rdermenge 180L\/h<\/li>\n<li>verbessertes Modell mit Pumpen-Instant-Start-Funktion<\/li>\n<li>steckfertiges Solarpumpensystem &#8211; sofort einsatzbereit<\/li>\n<li>hochwertiges Solarpanel im <b>stabilen Kunststoff-Rahmen<\/b> mit einer Leistung von 2,8 Watt<\/li>\n<li>integrierter Filter sch\u00fctzt die Pumpe (l\u00e4sst sich leicht reinigen)<\/li>\n<li>einstellbarer Winkel des Solarmoduls und 3 Meter Anschlusskabel machen eine optimale Platzierung des Panels im sonnigen Bereich m\u00f6glich<\/li>\n<\/ul>\n<p>*Garantie gilt nur f\u00fcr Teichpumpe, nicht Solarpanel oder Kabel.<\/p>\n<\/div>","protected":false},"excerpt":{"rendered":"<p>Hochwertiges, solarbetriebenes Pumpensystem f\u00fcr den Au\u00dfenbereich &#8211; mit LED-Beleuchtung.<br \/>\nF\u00fcr eine besondere Atmosph\u00e4re in Ihrem Garten!<br \/>\nTag- und Nachtbetrieb!<\/p>","protected":false},"featured_media":39464,"comment_status":"open","ping_status":"closed","template":"","meta":[],"product_brand":[],"product_cat":[278],"product_tag":[],"class_list":{"0":"post-30489","1":"product","2":"type-product","3":"status-publish","4":"has-post-thumbnail","6":"product_cat-brunnen-mit-solar-betrieb","8":"first","9":"instock","10":"sale","11":"taxable","12":"shipping-taxable","13":"purchasable","14":"product-type-simple"},"_links":{"self":[{"href":"https:\/\/testshop.igel.wovodo.de\/it\/wp-json\/wp\/v2\/product\/30489","targetHints":{"allow":["GET"]}}],"collection":[{"href":"https:\/\/testshop.igel.wovodo.de\/it\/wp-json\/wp\/v2\/product"}],"about":[{"href":"https:\/\/testshop.igel.wovodo.de\/it\/wp-json\/wp\/v2\/types\/product"}],"replies":[{"embeddable":true,"href":"https:\/\/testshop.igel.wovodo.de\/it\/wp-json\/wp\/v2\/comments?post=30489"}],"version-history":[{"count":2,"href":"https:\/\/testshop.igel.wovodo.de\/it\/wp-json\/wp\/v2\/product\/30489\/revisions"}],"predecessor-version":[{"id":38732,"href":"https:\/\/testshop.igel.wovodo.de\/it\/wp-json\/wp\/v2\/product\/30489\/revisions\/38732"}],"wp:featuredmedia":[{"embeddable":true,"href":"https:\/\/testshop.igel.wovodo.de\/it\/wp-json\/wp\/v2\/media\/39464"}],"wp:attachment":[{"href":"https:\/\/testshop.igel.wovodo.de\/it\/wp-json\/wp\/v2\/media?parent=30489"}],"wp:term":[{"taxonomy":"product_brand","embeddable":true,"href":"https:\/\/testshop.igel.wovodo.de\/it\/wp-json\/wp\/v2\/product_brand?post=30489"},{"taxonomy":"product_cat","embeddable":true,"href":"https:\/\/testshop.igel.wovodo.de\/it\/wp-json\/wp\/v2\/product_cat?post=30489"},{"taxonomy":"product_tag","embeddable":true,"href":"https:\/\/testshop.igel.wovodo.de\/it\/wp-json\/wp\/v2\/product_tag?post=30489"}],"curies":[{"name":"wp","href":"https:\/\/api.w.org\/{rel}","templated":true}]}}