{"id":30558,"date":"2024-10-31T14:10:46","date_gmt":"2024-10-31T13:10:46","guid":{"rendered":"https:\/\/testshop.igel.wovodo.de\/product\/diesel-standard-4-2-automatic-230v-550w\/"},"modified":"2025-01-27T12:31:04","modified_gmt":"2025-01-27T11:31:04","slug":"diesel-standard-4-2-automatic-230v-550w","status":"publish","type":"product","link":"https:\/\/testshop.igel.wovodo.de\/it\/product\/diesel-standard-4-2-automatic-230v-550w\/","title":{"rendered":"Diesel STANDARD-4.2 Automatico 230V \/ 550W"},"content":{"rendered":"<div class=\"sale_application\">\n<ul>\n<li>Riempimento, pompaggio, decantazione, svuotamento di serbatoi di gasolio e olio da riscaldamento<\/li>\n<\/ul>\n<\/div>\n<div class=\"sale_description\">\n<p>Erogazione potente di gasolio con la nostra pompa elettrica diesel <b>Diesel STANDARD-4.2 Automatico\"<\/b>! Questo <b>Pompa autoadescante da 230 volt<\/b> \u00e8 indispensabile per ogni parco veicoli, per le officine, per l'agricoltura, per il riciclaggio delle auto, ecc! Chi ha molte macchine edili da rifornire sar\u00e0 entusiasta della nostra pompa diesel! \u00c8 possibile utilizzarla per rifornire tutti i tipi di veicoli e macchine con facilit\u00e0. Per questa pompa diesel <b>con START\/STOP automatico<\/b> anche il travaso dei serbatoi di gasolio per riscaldamento non \u00e8 un problema. Grazie al <b>potente motore da 550 W<\/b> e autoadescante, il tutto avviene rapidamente. La potenza del motore di 550 W consente una <b>Portata di 3600l\/h <\/b>con un <b>altezza massima della pompa di 10 m.<\/b>\n<\/p>\n<p><iframe width=\"560\" height=\"315\" src=\"https:\/\/www.youtube-nocookie.com\/embed\/GWYXOCFyL80?si=1zynfNXkrf56zSx1&#038;rel=0\" title=\"Lettore video di YouTube\" frameborder=\"0\" allow=\"accelerometer; autoplay; clipboard-write; encrypted-media; gyroscope; picture-in-picture; web-share\" allowfullscreen=\"\"><\/iframe><\/p>\n<p>Questa pompa automatica si accende automaticamente quando l'ugello viene attivato e si spegne quando l'ugello viene chiuso. Questo non solo \u00e8 comodo, ma protegge anche le pompe da un'inutile usura. Quindi la pompa dura pi\u00f9 a lungo!<\/p>\n<p>Questa pompa diesel ha 2 connessioni sul lato pressione: una orizzontale e una verticale. Ci\u00f2 significa che questa pompa pu\u00f2 essere comodamente collegata a qualsiasi sistema di installazione.\n<\/p>\n<p><b>Tutte le pompe diesel sono testate singolarmente<\/b>. Nella pompa\/imballaggio possono quindi essere presenti residui del liquido di prova.<\/p>\n<p>Durante la messa in funzione, la pompa del gasolio e il condotto di aspirazione devono essere riempiti di gasolio senza bolle. La valvola di non ritorno deve essere montata all'estremit\u00e0 del condotto di aspirazione e deve essere a tenuta.<\/p>\n<\/div>\n<h3>Molti buoni motivi per acquistare questo prodotto:<\/h3>\n<div class=\"sale_motive\">\n<ul>\n<li><b><font color=\"#ff0000\">Con funzione START\/STOP automatica per una gestione ottimale e la protezione della pompa<\/font><\/b><\/li>\n<li><b>Aspirazione potente, autoadescante e conveniente<\/b><br \/>Autoadescamento dopo il riempimento o lo sfiato iniziale<\/li>\n<li>Valvola di non ritorno con cestello filtrante<\/li>\n<li><b>Qualit\u00e0 pesante, robusta e affidabile<\/b><\/li>\n<li>Interruttore \"On\" e \"Off\" con dispositivo di sicurezza<\/li>\n<li>con una gamma completa di accessori di alta qualit\u00e0<\/li>\n<li>con 3 gommini da 1\u2033AG per il collegamento del tubo flessibile da 25 mm<\/li>\n<\/ul>\n<\/div>","protected":false},"excerpt":{"rendered":"<p>Pompa diesel autoadescante da 230 volt con 3 ugelli e prefiltro<br \/>\nportata massima 3600 l\/h | testa di aspirazione massima 10 m<\/p>\n<p>Con un'ulteriore selezione di accessori! <b>Prezzo massimo!<\/b><\/p>","protected":false},"featured_media":39847,"comment_status":"open","ping_status":"closed","template":"","meta":[],"product_brand":[],"product_cat":[229,287,436],"product_tag":[],"class_list":{"0":"post-30558","1":"product","2":"type-product","3":"status-publish","4":"has-post-thumbnail","6":"product_cat-230v-pumpen","7":"product_cat-diesel-pumpen","8":"product_cat-automatic-pumpen","10":"first","11":"instock","12":"taxable","13":"shipping-taxable","14":"purchasable","15":"product-type-simple"},"_links":{"self":[{"href":"https:\/\/testshop.igel.wovodo.de\/it\/wp-json\/wp\/v2\/product\/30558","targetHints":{"allow":["GET"]}}],"collection":[{"href":"https:\/\/testshop.igel.wovodo.de\/it\/wp-json\/wp\/v2\/product"}],"about":[{"href":"https:\/\/testshop.igel.wovodo.de\/it\/wp-json\/wp\/v2\/types\/product"}],"replies":[{"embeddable":true,"href":"https:\/\/testshop.igel.wovodo.de\/it\/wp-json\/wp\/v2\/comments?post=30558"}],"version-history":[{"count":6,"href":"https:\/\/testshop.igel.wovodo.de\/it\/wp-json\/wp\/v2\/product\/30558\/revisions"}],"predecessor-version":[{"id":38424,"href":"https:\/\/testshop.igel.wovodo.de\/it\/wp-json\/wp\/v2\/product\/30558\/revisions\/38424"}],"wp:featuredmedia":[{"embeddable":true,"href":"https:\/\/testshop.igel.wovodo.de\/it\/wp-json\/wp\/v2\/media\/39847"}],"wp:attachment":[{"href":"https:\/\/testshop.igel.wovodo.de\/it\/wp-json\/wp\/v2\/media?parent=30558"}],"wp:term":[{"taxonomy":"product_brand","embeddable":true,"href":"https:\/\/testshop.igel.wovodo.de\/it\/wp-json\/wp\/v2\/product_brand?post=30558"},{"taxonomy":"product_cat","embeddable":true,"href":"https:\/\/testshop.igel.wovodo.de\/it\/wp-json\/wp\/v2\/product_cat?post=30558"},{"taxonomy":"product_tag","embeddable":true,"href":"https:\/\/testshop.igel.wovodo.de\/it\/wp-json\/wp\/v2\/product_tag?post=30558"}],"curies":[{"name":"wp","href":"https:\/\/api.w.org\/{rel}","templated":true}]}}