{"id":30563,"date":"2024-10-31T14:10:48","date_gmt":"2024-10-31T13:10:48","guid":{"rendered":"https:\/\/testshop.igel.wovodo.de\/product\/set-5-wege-adapter-2\/"},"modified":"2025-01-27T12:31:05","modified_gmt":"2025-01-27T11:31:05","slug":"set-5-wege-adapter-2","status":"publish","type":"product","link":"https:\/\/testshop.igel.wovodo.de\/it\/product\/set-5-wege-adapter-2\/","title":{"rendered":"Set 5 Wege Adapter 2&#8243;"},"content":{"rendered":"<div class=\"sale_application\">5 Wege Adapter \/ Verteiler mit integriertem R\u00fcckschlagventil und Manometer<\/div>\n<div class=\"sale_description\">\n<p><b>5 Wege Adapter<\/b> \/ Mehrwegverteiler erm\u00f6glicht den Anschlu\u00df mehrerer funktioneller und unterschiedlicher Verbindungen platzsparend an einer Stelle. Er ist f\u00fcr die Aufnahme g\u00e4ngiger <b>Manometer mit 1\/4 Zoll<\/b> Gewinde sowie Drucksensoren mit 1\/4 Zoll Gewinde, wie dies bei der Installation von Pumpen-Steuerungen insbesondere Inverter-Kontrollern ben\u00f6tigt wird, geeignet.<\/p>\n<p>Der 5 Wege-Verteiler kann z. B. (1) eine Wasserpumpe, (2) eine Pumpensteuerung \/ Invertersteuerung mit Drucksensor, (3) einen Druckbeh\u00e4lter, (4) ein Druckmesser \/ Manometer zur \u00dcberwachung des Druckpegels und (5) einen Abnehmer \/ Wasserhahn in das System aufnehmen.<\/p>\n<p>Der 5 Wege-Adapter \/ Mehrwegverteiler besitzt ein intergriertes <b>R\u00fcckschlagventil<\/b> und verhindert so den R\u00fcckfluss von Wasser zur Pumpe und das Entstehen von Luft in der Leitung. Der 5 Wege-Adapter ist somit f\u00fcr <b>einfache und problemlose Fach-Installation<\/b> auch unter eingeengten Einbaubedingungen optimal geeignet.<\/p>\n<p>Das Verbindungsst\u00fcck mit 5 Anschl\u00fcssen und <b>integriertem R\u00fcckschlagventil<\/b> ist langlebig und hochwertig produziert und wird mit einem korrosionsbest\u00e4ndigen <b>Edelstahl Manometer<\/b> (Druckanzeiger) geliefert.<br \/>\nDie Anzahl von notwendigen Bauteilen wird auf ein Minimum reduziert und somit auch die Anzahl von Verbindungen mit m\u00f6glichen Undichtigkeiten. <\/p>\n<\/div>\n<h3>Molti buoni motivi per acquistare questo prodotto:<\/h3>\n<div class=\"sale_motive\">\n<ul>\n<li><b>Einfaches Verbinden unterschiedlicher Komponenten<\/b><\/li>\n<li>Ausgestattet mit einem Eingangsgewinde, zwei Ausgangsgewinden und zwei gewindeanschl\u00fcssen f\u00fcr Steuer- und Messinstrumente<\/li>\n<li>Mit hochwertigem R\u00fcckschlagventil\n  <\/li>\n<li>Inkl. Edelstahl Manometer<\/li>\n<li>Langlebig und korrosionsbest\u00e4ndig<\/li>\n<\/ul>\n<\/div>","protected":false},"excerpt":{"rendered":"<p>5 Wege Adapter \/ Mehrwegverteiler 2&#8243; mit integriertem R\u00fcckschlagventil und Manometer.<\/p>","protected":false},"featured_media":33314,"comment_status":"open","ping_status":"closed","template":"","meta":[],"product_brand":[],"product_cat":[433,207,291],"product_tag":[],"class_list":{"0":"post-30563","1":"product","2":"type-product","3":"status-publish","4":"has-post-thumbnail","6":"product_cat-verbindungen-aus-messing","7":"product_cat-anschlussteile","8":"product_cat-zubehoer-pumpensteuerung","10":"first","11":"instock","12":"taxable","13":"shipping-taxable","14":"purchasable","15":"product-type-simple"},"_links":{"self":[{"href":"https:\/\/testshop.igel.wovodo.de\/it\/wp-json\/wp\/v2\/product\/30563","targetHints":{"allow":["GET"]}}],"collection":[{"href":"https:\/\/testshop.igel.wovodo.de\/it\/wp-json\/wp\/v2\/product"}],"about":[{"href":"https:\/\/testshop.igel.wovodo.de\/it\/wp-json\/wp\/v2\/types\/product"}],"replies":[{"embeddable":true,"href":"https:\/\/testshop.igel.wovodo.de\/it\/wp-json\/wp\/v2\/comments?post=30563"}],"version-history":[{"count":1,"href":"https:\/\/testshop.igel.wovodo.de\/it\/wp-json\/wp\/v2\/product\/30563\/revisions"}],"predecessor-version":[{"id":35174,"href":"https:\/\/testshop.igel.wovodo.de\/it\/wp-json\/wp\/v2\/product\/30563\/revisions\/35174"}],"wp:featuredmedia":[{"embeddable":true,"href":"https:\/\/testshop.igel.wovodo.de\/it\/wp-json\/wp\/v2\/media\/33314"}],"wp:attachment":[{"href":"https:\/\/testshop.igel.wovodo.de\/it\/wp-json\/wp\/v2\/media?parent=30563"}],"wp:term":[{"taxonomy":"product_brand","embeddable":true,"href":"https:\/\/testshop.igel.wovodo.de\/it\/wp-json\/wp\/v2\/product_brand?post=30563"},{"taxonomy":"product_cat","embeddable":true,"href":"https:\/\/testshop.igel.wovodo.de\/it\/wp-json\/wp\/v2\/product_cat?post=30563"},{"taxonomy":"product_tag","embeddable":true,"href":"https:\/\/testshop.igel.wovodo.de\/it\/wp-json\/wp\/v2\/product_tag?post=30563"}],"curies":[{"name":"wp","href":"https:\/\/api.w.org\/{rel}","templated":true}]}}