{"id":30594,"date":"2024-10-31T14:11:08","date_gmt":"2024-10-31T13:11:08","guid":{"rendered":"https:\/\/testshop.igel.wovodo.de\/product\/tauchdruckpumpe-drain-top-2-370-flachsauger\/"},"modified":"2025-01-27T12:31:13","modified_gmt":"2025-01-27T11:31:13","slug":"tauchdruckpumpe-drain-top-2-370-flachsauger","status":"publish","type":"product","link":"https:\/\/testshop.igel.wovodo.de\/it\/product\/tauchdruckpumpe-drain-top-2-370-flachsauger\/","title":{"rendered":"Tauchdruckpumpe DRAIN-TOP-2-370 Flachsauger"},"content":{"rendered":"<div class=\"sale_application\">\n<ul>\n<li>Flachabsaugende Klarwasser- und Schmutzwasser-Tauchpumpe (Partikelgr\u00f6\u00dfe bis ca. 2 mm)\n<\/li>\n<li>per l'abbassamento delle acque sotterranee\n<\/li>\n<li>f\u00fcr klares F\u00e4kalien-Abwasser\n<\/li>\n<li>Beh\u00e4lter-Umf\u00fcllung\n<\/li>\n<li>zur Regenwasser-Nutzung\n<\/li>\n<li>im Teich, Bach oder Flusslauf <\/li>\n<\/ul><\/div>\n<div class=\"sale_description\">\n<p>Die DRAIN-TOP-2-370 ist in ihrer Bauart eine sehr zuverl\u00e4ssige und solide PROFI-Tauchpumpe f\u00fcr den industriellen Einsatz. Diese Pumpen werden von einem marktf\u00fchrenden Qualit\u00e4ts-Unternehmen mit \u00fcber 40-j\u00e4hrigen Tradition in der Pumpenfertigung entwickelt und hergestellt. Der qualit\u00e4ts\u00fcberwachte  Fertigungsprozess ist mehrfach zertifiziert. Die innovative und zukunftsweisende Bauart ist durch diverse Schutzrechte best\u00e4tigt. Durch die Konstruktion mit 3-facher Wellenabdichtungen hat sie eine deutlich h\u00f6here Lebensdauer als Pumpen mit herk\u00f6mmlichen mechanischen Dichtungen und ist auch f\u00fcr Extrem-Eins\u00e4tze bestens geeignet. Die Tauchpumpe ist ein &#8220;Flachsauger&#8221; und kann das Restwasser bis auf ca 2-3mm abf\u00fchren. Trotz ihrer geringen Leistungsaufnahme schafft sie eine F\u00f6rdermenge von bis zu 9.600l\/h. Durch ihr geringes Gewicht und den integrierten Tragegriff ist sie mobil und schnell einsatzbereit.<\/p>\n<p><b>Nota:<\/b> Bei Einsatz bei Schmutzwasser regelm\u00e4\u00dfig die Ansaugschlitze auf freie \u00d6ffnungen kontrollieren und ggf reinigen.<\/p>\n<p>Diese flachsaugende Schmutzwasserpumpe hat keinen Schwimmerschalter. Um ein Trockenlaufen der Pumpe zu verhindern, empfehlen wir einen LEVEL-SENSOR zur pr\u00e4zisen Erfassung niedriger F\u00fcllstandh\u00f6hen.<br \/>Klicken Sie daf\u00fcr hier! Art.Nr:&nbsp;<a class=\"headerNavigation\" href=\"http:\/\/http:\/\/www.profi-pumpe.de\/product_info.php\/info\/p731_Level-Sensor-Control-I-mit-15m-Sensor-Kabel.html\" \"\"=\"\"><\/a><a href=\"\/it\/advanced_search_result.php\/?keywords=Z-SS-LS-15&amp;x=0&amp;y=0\" target=\"_blank\">Z-SS-LS-15 <\/a><\/p>\n<\/div>\n<h3>Molti buoni motivi per acquistare questo prodotto:<\/h3>\n<div class=\"sale_motive\">\n<ul>\n<li>Spitzen-Qualit\u00e4t aus Europ\u00e4ischen Fertigung\n<\/li>\n<li>Dank der besonderen Technik ist dies eine der effektivsten und energiesparsamsten Pumpen auf dem Markt!\n<\/li>\n<li>F\u00f6rdermenge von 9.600l\/h bei einer Leistungsaufnahme von 370W\n<\/li>\n<li>sehr lange Lebensdauer durch 3-faches Dichtungsystem mit \u00d6lkammer\n<\/li>\n<li>flach absaugende, solide und zuverl\u00e4ssige Schmutzwasserpumpe\n<\/li>\n<li>1 1\/4-Anschluss auf der Druckseite\n<\/li>\n<li>Trasportabile e rapidamente pronto all'uso <\/li>\n<\/ul>\n<\/div>","protected":false},"excerpt":{"rendered":"<p>Energieefiziente, flach absaugende Schmutzwasserpumpe<br \/>\n  370 Watt \/ 9.600 l\/h | ohne Schwimmerschalter<\/p>\n<p><b>Besonders effektiv &amp; energiesparsam!<br \/>\n Aus hochwertiger EU-Produktion!<\/b><\/p>","protected":false},"featured_media":33422,"comment_status":"open","ping_status":"closed","template":"","meta":[],"product_brand":[],"product_cat":[279,366],"product_tag":[],"class_list":{"0":"post-30594","1":"product","2":"type-product","3":"status-publish","4":"has-post-thumbnail","6":"product_cat-schmutzwasserpumpe","7":"product_cat-eu-produktion-tauchpumpen","9":"first","10":"instock","11":"taxable","12":"shipping-taxable","13":"purchasable","14":"product-type-simple"},"_links":{"self":[{"href":"https:\/\/testshop.igel.wovodo.de\/it\/wp-json\/wp\/v2\/product\/30594","targetHints":{"allow":["GET"]}}],"collection":[{"href":"https:\/\/testshop.igel.wovodo.de\/it\/wp-json\/wp\/v2\/product"}],"about":[{"href":"https:\/\/testshop.igel.wovodo.de\/it\/wp-json\/wp\/v2\/types\/product"}],"replies":[{"embeddable":true,"href":"https:\/\/testshop.igel.wovodo.de\/it\/wp-json\/wp\/v2\/comments?post=30594"}],"version-history":[{"count":1,"href":"https:\/\/testshop.igel.wovodo.de\/it\/wp-json\/wp\/v2\/product\/30594\/revisions"}],"predecessor-version":[{"id":35204,"href":"https:\/\/testshop.igel.wovodo.de\/it\/wp-json\/wp\/v2\/product\/30594\/revisions\/35204"}],"wp:featuredmedia":[{"embeddable":true,"href":"https:\/\/testshop.igel.wovodo.de\/it\/wp-json\/wp\/v2\/media\/33422"}],"wp:attachment":[{"href":"https:\/\/testshop.igel.wovodo.de\/it\/wp-json\/wp\/v2\/media?parent=30594"}],"wp:term":[{"taxonomy":"product_brand","embeddable":true,"href":"https:\/\/testshop.igel.wovodo.de\/it\/wp-json\/wp\/v2\/product_brand?post=30594"},{"taxonomy":"product_cat","embeddable":true,"href":"https:\/\/testshop.igel.wovodo.de\/it\/wp-json\/wp\/v2\/product_cat?post=30594"},{"taxonomy":"product_tag","embeddable":true,"href":"https:\/\/testshop.igel.wovodo.de\/it\/wp-json\/wp\/v2\/product_tag?post=30594"}],"curies":[{"name":"wp","href":"https:\/\/api.w.org\/{rel}","templated":true}]}}