{"id":30672,"date":"2024-10-31T14:11:55","date_gmt":"2024-10-31T13:11:55","guid":{"rendered":"https:\/\/testshop.igel.wovodo.de\/product\/b-ware-gartenbrunnen-baumwurzel-stein-kaskade-mit-led-licht\/"},"modified":"2025-01-27T12:31:36","modified_gmt":"2025-01-27T11:31:36","slug":"b-ware-gartenbrunnen-baumwurzel-stein-kaskade-mit-led-licht","status":"publish","type":"product","link":"https:\/\/testshop.igel.wovodo.de\/it\/product\/b-ware-gartenbrunnen-baumwurzel-stein-kaskade-mit-led-licht\/","title":{"rendered":"B-Ware Gartenbrunnen BAUMWURZEL &amp; STEIN-KASKADE\n mit LED-Licht"},"content":{"rendered":"<div class=\"sale_application\">\n<h2>Anwendungsbereiche<\/h2>\n<ul>\n<li>LED-Gartenbrunnen f\u00fcr den Innen- und Au\u00dfenbereich mit 230\/12V-Netzadapter<\/li>\n<\/ul><\/div>\n<div class=\"sale_description\"> <font color=\"FF0000\"><b>B-Ware:<\/b><\/p>\n<ul>\n<li>leichte optische Fehler (z.B. kleine Kratzer etc.)<\/li>\n<li>voll funktionsf\u00e4higes Produkt<\/li>\n<li>reduzierte gesetzliche Gew\u00e4hrleistung auf max. 1 Jahr<\/li>\n<\/ul>\n<p><\/font><\/p>\n<div>\n<p><strong>Decorativo e benefico<\/strong><\/p>\n<p>Der Garten- und Zimmerbrunnen <b>&#8220;BAUMWURZEL &amp; STEIN-KASKADE<br \/>\n&#8221; mit der LED-Beleuchtung<\/b> ist f\u00fcr den Innen- und Au\u00dfenbereich geeignet. Der sorgt  f\u00fcr eine tolle Atmosph\u00e4re und Entspannung, wertet jede Umgebung und belebt Wohnzimmer, Esszimmer, Flure und Eingangsbereiche, Winterg\u00e4rten oder Balkone, Terrassen und G\u00e4rten im privaten wie gewerblichen Umfeld. Flie\u00dfendes Wasser wirkt sich positiv auf die Stimmung aus und liefert ein angenehmes Mikroklima an hei\u00dfen Sommertagen. Die naturgetreue Optik und die wei\u00dfe LED-Beleuchtung machen den Brunnen Tag und Nacht zum perfekten Blickfang.<\/p>\n<p><strong>Werthaltig, best\u00e4ndig &amp; betriebssicher<\/strong><\/p>\n<p>Der rustikale Zierbrunnen <b>&#8220;BAUMWURZEL &amp; STEIN-KASKADE<br \/>\n&#8220;<\/b> ist f\u00fcr den 230-Volt-Betrieb vorgesehen. Die Pumpe und die LEDs werden mit sicherer 12V-Niederspannung betrieben (Adapter im Lieferumfang enthalten). Alle Kabelverbindungen sind verpolungssicher und wasserdicht. Der Aufbau geht einfach und schnell.<\/p>\n<p>S\u00e4mtliche Komponenten sind absolut funktionssicher, langlebig und dank praktischer Steckverbindungen jederzeit austauschbar. So k\u00f6nnen Sie den Wasserbrunnen <b>&#8220;BAUMWURZEL &amp; STEIN-KASKADE<br \/>\n&#8220;<\/b> und das flie\u00dfende Wasser jahrelang genie\u00dfen!<\/p>\n<\/div>\n<\/div>\n<h3>Molti buoni motivi per acquistare questo prodotto:<\/h3>\n<div class=\"sale_motive\">\n<ul>\n<li>Steckfertiger, sofort einsatzbereiter Indoor- und Outdoor-Gartenbrunnen<\/li>\n<li>wirkt belebend auf die Sinne &amp; verbessert die Luftqualit\u00e4t<\/li>\n<li>zeitloses Design<\/li>\n<li>naturgetreue Optik<\/li>\n<li>Decorativo e utile<\/li>\n<li>optimal auch f\u00fcr kleine Fl\u00e4chen<\/li>\n<li>Tag- und Nachtbetrieb<\/li>\n<li>Mit 230V\/12V-Anschluss, 7 Watt Pumpe und LED-Ringe in warmem Wei\u00df<\/li>\n<\/ul>\n<\/div>","protected":false},"excerpt":{"rendered":"<p>Gartenbrunnen BAUMWURZEL &amp; STEIN-KASKADE<br \/>\n mit LED-Licht, in naturgetreuer, moosdekorierter Rinde- und Stein-Nachbildung<\/p>","protected":false},"featured_media":38587,"comment_status":"open","ping_status":"closed","template":"","meta":[],"product_brand":[],"product_cat":[183,177,179],"product_tag":[],"class_list":{"0":"post-30672","1":"product","2":"type-product","3":"status-publish","4":"has-post-thumbnail","6":"product_cat-230v","7":"product_cat-b-ware-gartenbrunnen","8":"product_cat-b-ware-garten-u-zimmer-brunnen","10":"first","11":"instock","12":"sale","13":"taxable","14":"shipping-taxable","15":"purchasable","16":"product-type-simple"},"_links":{"self":[{"href":"https:\/\/testshop.igel.wovodo.de\/it\/wp-json\/wp\/v2\/product\/30672","targetHints":{"allow":["GET"]}}],"collection":[{"href":"https:\/\/testshop.igel.wovodo.de\/it\/wp-json\/wp\/v2\/product"}],"about":[{"href":"https:\/\/testshop.igel.wovodo.de\/it\/wp-json\/wp\/v2\/types\/product"}],"replies":[{"embeddable":true,"href":"https:\/\/testshop.igel.wovodo.de\/it\/wp-json\/wp\/v2\/comments?post=30672"}],"version-history":[{"count":1,"href":"https:\/\/testshop.igel.wovodo.de\/it\/wp-json\/wp\/v2\/product\/30672\/revisions"}],"predecessor-version":[{"id":35282,"href":"https:\/\/testshop.igel.wovodo.de\/it\/wp-json\/wp\/v2\/product\/30672\/revisions\/35282"}],"wp:featuredmedia":[{"embeddable":true,"href":"https:\/\/testshop.igel.wovodo.de\/it\/wp-json\/wp\/v2\/media\/38587"}],"wp:attachment":[{"href":"https:\/\/testshop.igel.wovodo.de\/it\/wp-json\/wp\/v2\/media?parent=30672"}],"wp:term":[{"taxonomy":"product_brand","embeddable":true,"href":"https:\/\/testshop.igel.wovodo.de\/it\/wp-json\/wp\/v2\/product_brand?post=30672"},{"taxonomy":"product_cat","embeddable":true,"href":"https:\/\/testshop.igel.wovodo.de\/it\/wp-json\/wp\/v2\/product_cat?post=30672"},{"taxonomy":"product_tag","embeddable":true,"href":"https:\/\/testshop.igel.wovodo.de\/it\/wp-json\/wp\/v2\/product_tag?post=30672"}],"curies":[{"name":"wp","href":"https:\/\/api.w.org\/{rel}","templated":true}]}}