{"id":30716,"date":"2024-10-31T14:12:23","date_gmt":"2024-10-31T13:12:23","guid":{"rendered":"https:\/\/testshop.igel.wovodo.de\/product\/solar-gartenbrunnen-wasserspiel-zhen-ruhe-quelle-mit-li-ion-akku\/"},"modified":"2025-01-27T12:31:48","modified_gmt":"2025-01-27T11:31:48","slug":"solar-gartenbrunnen-wasserspiel-zhen-ruhe-quelle-mit-li-ion-akku","status":"publish","type":"product","link":"https:\/\/testshop.igel.wovodo.de\/it\/product\/solar-gartenbrunnen-wasserspiel-zhen-ruhe-quelle-mit-li-ion-akku\/","title":{"rendered":"Solar &#8211; Gartenbrunnen &amp; Wasserspiel &#8220;ZHEN RUHE-QUELLE&#8221; mit Li-Ion-Akku"},"content":{"rendered":"<div class=\"sale_application\">\n<p>Solarbetriebener Garten-Brunnen mit Li-Ion Akku und LED-Lichter<\/p>\n<\/p><\/div>\n<div class=\"sale_description\"> <iframe width=\"560\" height=\"315\" src=\"https:\/\/www.youtube-nocookie.com\/embed\/aL47AaHoV10?si=IXPsqs2boGcQI8Kt&#038;rel=0\" title=\"Lettore video di YouTube\" frameborder=\"0\" allow=\"accelerometer; autoplay; clipboard-write; encrypted-media; gyroscope; picture-in-picture; web-share\" referrerpolicy=\"strict-origin-when-cross-origin\" allowfullscreen><\/iframe><\/p>\n<p>Il <b>&#8220;ZHEN RUHE-QUELLE&#8221;<\/b> l\u00e4sst eine Wohlf\u00fchlatmosph\u00e4re in Ihrem Garten entstehen. Durch die Kraft der Sonne, die auf das Solarpanel trifft, wird das Wasser in Bewegung gebracht. Je st\u00e4rker das Sonnenlicht ist, desto intensiver wird das Wasserspiel! Das beruhigende Rauschen und das funkelnde Wasser zusammen mit dem Solarbrunnen ist stets der perfekte Blickfang in Ihrem Garten, auf dem Balkon oder der Terrasse. An hei\u00dfen Sommertagen sorgt der Gartenbrunnen f\u00fcr ein angenehmes Mikroklima.<\/p>\n<p><strong>Tag- und Nachtbetrieb<\/strong><\/p>\n<p>Dieser Solarbrunnen kann, wie herk\u00f6mmliche, am Tag betrieben werden. Das Besondere an dieser Solarpumpe ist der eingebaute Akku im Solarpanel. Der Akku l\u00e4dt sich durch das Sonnenlicht, das auf das Solarpanel trifft, auf. Durch die gespeicherte Energie kann die Pumpe und das LED-Licht auch bei schlechten Lichtverh\u00e4ltnissen oder in der Nacht arbeiten. Die maximale F\u00f6rderleistung wird bei optimalen Bedingungen erreicht. In der Nacht entfaltet das LED-Licht erst seine komplette Pracht zusammen mit dem flie\u00dfenden Wasser. Am n\u00e4chsten Tag schaltet die Pumpe automatisch zur\u00fcck in den Solarmodus, wenn ausreichend Sonnenlicht vorhanden ist. Die Akku-Funktion kann auch ausgeschaltet werden.<\/p>\n<p><strong>Individuelle Platzierung<\/strong><\/p>\n<p>Platzieren Sie diesen Solarbrunnen einfach an einer beliebigen Stelle in Ihrem Garten. Durch das einfache Steckprinzip und dem Solarpanel ist er schnell aufgebaut. Ein weiterer Vorteil ist das Sie an keine Steckdose gebunden sind und das l\u00e4stige Verlegen des 230V-Kabels entf\u00e4llt. Au\u00dferdem k\u00f6nnen Sie das Solarsystem nach Ihrem Geschmack effektvoll positionieren. Der Gebrauch des Solarpanels ist auch die sichere Alternative zu der 230V Steckdose. Zudem sparen Sie sich den \u00c4rger mit durch Nagetiere besch\u00e4digte Kabel und dadurch verursachten Stromausf\u00e4llen. Bitte bedenken Sie, dass das Solarpanel stets im vollen Sonnenlicht zu platzieren und auszurichten ist, da sonst keine Pumpenfunktion garantiert werden kann.<\/p>\n<p><strong>Produkt-Info zum Li-Ion-Akku:<\/strong><\/p>\n<p>Die innovativen Li-Ion-Akkus haben keinen Memory-Effekt. Das ist besonders bei h\u00e4ufigen Auf- und Entladevorg\u00e4ngen wie bei Solarteichpumpen enorm wichtig, um langfristig die <strong>optimale Akku-Kapazit\u00e4t<\/strong> zu erreichen. Die Li-Ion-Akkus sind wesentlich besser bez\u00fcglich Temperaturschwankungen als herk\u00f6mmliche Akkus. Es erwartet Sie ein l\u00e4nger andauerndes und lebendigeres Wasserspiel. Die Funktion des Solar-Brunnens startet bereits bei minimaler Aufladung &#8211; automatisch! Als <strong>Schutz vor Tiefentladung<\/strong> erfolgt eine automatische Abschaltung bei Erreichen des Mindest-Endladezustands. <strong>Kein Akku-Wechsel erforderlich!<\/strong> <b><font color=\"#048610\">Insgesamt haben die Li-Ion-Akkus im Vergleich zu herk\u00f6mmlichen Akkus eine 3 mal l\u00e4ngere Laufzeit und eine bis zu 10-FACHE Lebensdauer beim Betrieb mit Solarteichpumpen!<\/font><\/b><\/p>\n<p style=\"font-size:11px;\"><b>Avviso legale:<\/b> I nostri prodotti sono colorati singolarmente a mano, pertanto non \u00e8 possibile evitare deviazioni di colore. Inoltre, a causa delle condizioni di illuminazione durante la fotografia del prodotto e delle diverse impostazioni dello schermo, il colore del prodotto potrebbe non essere riprodotto in modo autentico e non \u00e8 quindi motivo di reclamo.<\/p>\n<p>\n<b>Akku im Solarpanel nicht gen\u00fcgend aufgeladen ist, da dieses bei Auslieferung nur bis zu 30% Kapazit\u00e4t hat.<br \/>\nBitte lassen Sie das Solarpanel erst einmal 2 Tage aufladen, bevor Sie es benutzen.<\/b><\/div>\n<h3>Molti buoni motivi per acquistare questo prodotto:<\/h3>\n<div class=\"sale_motive\">\n<ul>\n<li>2 Jahre Garantie, Lebensdauer \u00fcber 60.000 Betriebsstunden* <b>(Hinweis weiter unten)<\/b><\/li>\n<li>sehr sch\u00f6ne und dekorative Nachbildung einer Brunnen-Kaskade aus Polyresin, &#8211; ein echter Hingucker im <b>Garten<\/b>, auf dem <b>Balkon<\/b> oder der <b>Terrasse<\/b><\/li>\n<li><b>80cm<\/b> F\u00f6rderh\u00f6he<\/li>\n<li>max. F\u00f6rdermenge 210L\/h<\/li>\n<li>verbessertes Modell mit Pumpen-Instant-Start-Funktion<\/li>\n<li>steckfertiges Solarpumpensystem &#8211; sofort einsatzbereit<\/li>\n<li>hochwertiges Solarpanel im <b>stabilen Kunststoff-Rahmen<\/b> mit einer Leistung von 3 Watt<\/li>\n<li>integrierter Filter sch\u00fctzt die Pumpe (l\u00e4sst sich leicht reinigen)<\/li>\n<li>einstellbarer Winkel des Solarmoduls und 3 Meter Anschlusskabel machen eine optimale Platzierung des Panels im sonnigen Bereich m\u00f6glich<\/li>\n<\/ul>\n<p>*Garantie gilt nur f\u00fcr Teichpumpe, nicht Solarpanel oder Kabel.<\/p>\n<\/div>","protected":false},"excerpt":{"rendered":"<p>Hochwertiges, solarbetriebenes Pumpensystem f\u00fcr den Au\u00dfenbereich &#8211; mit LED-Beleuchtung.<br \/>\nF\u00fcr Ihre Wohlf\u00fchlatmosph\u00e4re im Garten!<br \/>\nTag- und Nachtbetrieb!<\/p>","protected":false},"featured_media":37727,"comment_status":"open","ping_status":"closed","template":"","meta":[],"product_brand":[],"product_cat":[278],"product_tag":[],"class_list":{"0":"post-30716","1":"product","2":"type-product","3":"status-publish","4":"has-post-thumbnail","6":"product_cat-brunnen-mit-solar-betrieb","8":"first","9":"instock","10":"sale","11":"taxable","12":"shipping-taxable","13":"purchasable","14":"product-type-simple"},"_links":{"self":[{"href":"https:\/\/testshop.igel.wovodo.de\/it\/wp-json\/wp\/v2\/product\/30716","targetHints":{"allow":["GET"]}}],"collection":[{"href":"https:\/\/testshop.igel.wovodo.de\/it\/wp-json\/wp\/v2\/product"}],"about":[{"href":"https:\/\/testshop.igel.wovodo.de\/it\/wp-json\/wp\/v2\/types\/product"}],"replies":[{"embeddable":true,"href":"https:\/\/testshop.igel.wovodo.de\/it\/wp-json\/wp\/v2\/comments?post=30716"}],"version-history":[{"count":3,"href":"https:\/\/testshop.igel.wovodo.de\/it\/wp-json\/wp\/v2\/product\/30716\/revisions"}],"predecessor-version":[{"id":38453,"href":"https:\/\/testshop.igel.wovodo.de\/it\/wp-json\/wp\/v2\/product\/30716\/revisions\/38453"}],"wp:featuredmedia":[{"embeddable":true,"href":"https:\/\/testshop.igel.wovodo.de\/it\/wp-json\/wp\/v2\/media\/37727"}],"wp:attachment":[{"href":"https:\/\/testshop.igel.wovodo.de\/it\/wp-json\/wp\/v2\/media?parent=30716"}],"wp:term":[{"taxonomy":"product_brand","embeddable":true,"href":"https:\/\/testshop.igel.wovodo.de\/it\/wp-json\/wp\/v2\/product_brand?post=30716"},{"taxonomy":"product_cat","embeddable":true,"href":"https:\/\/testshop.igel.wovodo.de\/it\/wp-json\/wp\/v2\/product_cat?post=30716"},{"taxonomy":"product_tag","embeddable":true,"href":"https:\/\/testshop.igel.wovodo.de\/it\/wp-json\/wp\/v2\/product_tag?post=30716"}],"curies":[{"name":"wp","href":"https:\/\/api.w.org\/{rel}","templated":true}]}}