{"id":30747,"date":"2024-10-31T14:12:41","date_gmt":"2024-10-31T13:12:41","guid":{"rendered":"https:\/\/testshop.igel.wovodo.de\/product\/tauchpumpe-regen-star-regentonne-400-mit-schwimmerschalter-10m-kabel\/"},"modified":"2025-01-27T12:31:58","modified_gmt":"2025-01-27T11:31:58","slug":"tauchpumpe-regen-star-regentonne-400-mit-schwimmerschalter-10m-kabel","status":"publish","type":"product","link":"https:\/\/testshop.igel.wovodo.de\/it\/product\/tauchpumpe-regen-star-regentonne-400-mit-schwimmerschalter-10m-kabel\/","title":{"rendered":"Tauchpumpe Regen-Star Regentonne 400 mit Schwimmerschalter, 10m Kabel"},"content":{"rendered":"<div class=\"sale_application\">\n<ul>\n<li><b>passt f\u00fcr IBC Container<\/b>\n<\/li>\n<li>Klarwasser-Regentonnenpumpe\n<\/li>\n<li>Bachlauf-Umw\u00e4lzung\n<\/li>\n<li>Beh\u00e4lter-Umf\u00fcllung\n<\/li>\n<li>zur Kellerentw\u00e4sserung\n<\/li>\n<li>im Bach- oder Flusslauf<\/li>\n<li>auch im Teich einsetzbar <\/li>\n<\/ul><\/div>\n<div class=\"sale_description\">\n<p>Die Regen-Star &#8220;Regentonne&#8221; 400 ist in ihrer Bauart eine sehr zuverl\u00e4ssige und solide Tauchpumpe. Durch ihr leichtes Gewicht und den integrierten Tragegriff ist sie mobil und schnell einsatzbereit. Sie bietet eine h\u00f6here Lebensdauer als herk\u00f6mmliche Pumpen durch die mechanischen Dichtungen.<\/p>\n<\/div>\n<h3>Molti buoni motivi per acquistare questo prodotto:<\/h3>\n<div class=\"sale_motive\">\n<ul>\n<li>Regentonnen-Tauchpumpe mit 0,7bar und 5800l\/h bei einer Leistungsaufnahme von 400W.\n<\/li>\n<li>flach absaugend (ca. 25mm) macht die Regentonne fast leer\n<\/li>\n<li>integriertes leicht zu reinigendes Filtersieb verl\u00e4ngert die Lebensdauer\n<\/li>\n<li>solide und zuverl\u00e4ssig\n<\/li>\n<li>hochwertiges Kunststoffgeh\u00e4use\n<\/li>\n<li>inklusive Schwimmerschalter\n<\/li>\n<li>Trasportabile e rapidamente pronto all'uso <\/li>\n<\/ul>\n<\/div>","protected":false},"excerpt":{"rendered":"<p>passt f\u00fcr IBC Container Klarwasser-Regentonnenpumpe Bachlauf-Umw\u00e4lzung Beh\u00e4lter-Umf\u00fcllung zur Kellerentw\u00e4sserung im Bach- oder Flusslauf auch im Teich einsetzbar Die Regen-Star &#8220;Regentonne&#8221;<\/p>","protected":false},"featured_media":33832,"comment_status":"open","ping_status":"closed","template":"","meta":[],"product_brand":[],"product_cat":[335,382,282,329,469,466,388,390,421,219],"product_tag":[],"class_list":{"0":"post-30747","1":"product","2":"type-product","3":"status-publish","4":"has-post-thumbnail","6":"product_cat-regentonne-saeule","7":"product_cat-regentonne-amphore-maja","8":"product_cat-zubehoer-regentonnen","9":"product_cat-regentonne-brunnen","10":"product_cat-regentonnenpumpe","11":"product_cat-regentonne-exklusiv","12":"product_cat-regentonne-baum","13":"product_cat-regentonne-nizza","14":"product_cat-regentonne-fels","15":"product_cat-regentonne-eichenfass","17":"first","18":"instock","19":"taxable","20":"shipping-taxable","21":"purchasable","22":"product-type-simple"},"_links":{"self":[{"href":"https:\/\/testshop.igel.wovodo.de\/it\/wp-json\/wp\/v2\/product\/30747","targetHints":{"allow":["GET"]}}],"collection":[{"href":"https:\/\/testshop.igel.wovodo.de\/it\/wp-json\/wp\/v2\/product"}],"about":[{"href":"https:\/\/testshop.igel.wovodo.de\/it\/wp-json\/wp\/v2\/types\/product"}],"replies":[{"embeddable":true,"href":"https:\/\/testshop.igel.wovodo.de\/it\/wp-json\/wp\/v2\/comments?post=30747"}],"version-history":[{"count":1,"href":"https:\/\/testshop.igel.wovodo.de\/it\/wp-json\/wp\/v2\/product\/30747\/revisions"}],"predecessor-version":[{"id":35357,"href":"https:\/\/testshop.igel.wovodo.de\/it\/wp-json\/wp\/v2\/product\/30747\/revisions\/35357"}],"wp:featuredmedia":[{"embeddable":true,"href":"https:\/\/testshop.igel.wovodo.de\/it\/wp-json\/wp\/v2\/media\/33832"}],"wp:attachment":[{"href":"https:\/\/testshop.igel.wovodo.de\/it\/wp-json\/wp\/v2\/media?parent=30747"}],"wp:term":[{"taxonomy":"product_brand","embeddable":true,"href":"https:\/\/testshop.igel.wovodo.de\/it\/wp-json\/wp\/v2\/product_brand?post=30747"},{"taxonomy":"product_cat","embeddable":true,"href":"https:\/\/testshop.igel.wovodo.de\/it\/wp-json\/wp\/v2\/product_cat?post=30747"},{"taxonomy":"product_tag","embeddable":true,"href":"https:\/\/testshop.igel.wovodo.de\/it\/wp-json\/wp\/v2\/product_tag?post=30747"}],"curies":[{"name":"wp","href":"https:\/\/api.w.org\/{rel}","templated":true}]}}