{"id":30750,"date":"2024-10-31T14:12:43","date_gmt":"2024-10-31T13:12:43","guid":{"rendered":"https:\/\/testshop.igel.wovodo.de\/product\/fallrohrfilter-t50-grau-inkl-dn50-anschluss-set-grau\/"},"modified":"2025-01-27T12:31:59","modified_gmt":"2025-01-27T11:31:59","slug":"fallrohrfilter-t50-grau-inkl-dn50-anschluss-set-grau","status":"publish","type":"product","link":"https:\/\/testshop.igel.wovodo.de\/it\/product\/fallrohrfilter-t50-grau-inkl-dn50-anschluss-set-grau\/","title":{"rendered":"Fallrohrfilter T50 grau inkl. DN50 Anschluss-Set grau"},"content":{"rendered":"<div class=\"sale_application\">\n<ul>\n<li>Effiziente Filterung des Regenwassers<\/li>\n<li>Verbesserte Version (gedichtete Sichtklappe)<\/li>\n<li>Komplettes Verbindungs-Set f\u00fcr den Anschlu\u00df eines T50 Filters an eine Regentonne (Schlauchl\u00e4nge ca. 55cm)<\/li>\n<li>inkl. Wanddurchf\u00fchrungen<\/li>\n<li>inkl. Reduzierung DN50<\/li>\n<\/ul><\/div>\n<div class=\"sale_description\">\n<p>Der Regenfilter wird in das Fallrohr der Regenrinne eingebaut. Dort filtert er Bl\u00e4tter, Insekten, Sandk\u00f6rner und andere Partikel aus dem Regenwasser. So wird die Regentonne stets mit sauberem Wasser bef\u00fcllt.<\/p>\n<p>Der Filter ist mit einer <strong>&#8220;F\u00fcll-Stopp-Automatik&#8221;<\/strong> ausgestattet. In der entsprechenden H\u00f6he in das Fallrohr eingebaut (Montageanleitung beachten) sorgt der Filter automatisch daf\u00fcr, dass die Regentonne nicht \u00fcberl\u00e4uft. Dadurch werden teuere Wassersch\u00e4den an Haus und Kellerwand zuverl\u00e4ssig vermieden.<\/p>\n<p>Der Filtersieb sollte ca. 2-3mal im Jahr kontrolliert und ggf. im Wasserstrahl mit B\u00fcrste gereinigt werden. Im Winterbetrieb wird der mitgelieferte Stopfen von INNEN eingesetzt, damit kein Wasser in die Tonne flie\u00dft. Das Regenfass sollte vor dem Winter entleert werden, so k\u00f6nnen Filter und Regentonne angeschlossen bis zum Fr\u00fchjahr \u00fcberwintern. Nach Ende der Frostperiode den Stopfen wieder entnehmen. Der Filter verf\u00fcgt \u00fcber <strong>sehr gute Selbstreinigungs-Eigenschaften<\/strong>. Der <strong>Wirkungsgrad ist mit \u00fcber 90%<\/strong> sehr hoch und vergleichbar mit einer Fallrohrklappe. Das l\u00e4stige Bedienen der Fallrohrklappe entf\u00e4llt jedoch komplett!<\/p>\n<p><b>*Hinweis: <\/b>Dieses Produkt wird zuk\u00fcnftig mit einer witterungsbest\u00e4ndigen Wartungsklappe in der Farbe des Filters geliefert.<\/p>\n<p class=\"high1\">Unsere Filter haben sich vielfach bew\u00e4hrt und geh\u00f6ren nach unabh\u00e4ngigen Untersuchungen zu den Besten.<\/p>\n<\/div>\n<h3>Molti buoni motivi per acquistare questo prodotto:<\/h3>\n<div class=\"sale_motive\">\n<ul>\n<li>Selbstreinigende Bauart &#8211; Wirkungsgrad \u00fcber 90%<\/li>\n<li>Edelstahlsieb, unkaputtbar &#8211; Filterfeinheit \/ Maschenweite 100\u00b5m (0,1mm)<\/li>\n<li>Universal-Anschluss f\u00fcr Fallrohre mit RG 75-110mm Au\u00dfendurchmesser<\/li>\n<li>F\u00fcr Dachfl\u00e4chen von bis zu 100m\u00b2<\/li>\n<li>Anschluss zum Regenspeicher: Stutzen HT 50 zum Anschluss an eine Zisterne<br \/>\nalternativ Anschluss-Set (Sonder-Zubeh\u00f6r) zum Anschluss an die Regentonne <\/li>\n<li>F\u00fcll-Stopp-Automatik &#8212; kein \u00dcberlaufen der Regentonne<\/li>\n<li>Mit praktischer Wartungsklappe<\/li>\n<\/ul>\n<\/div>","protected":false},"excerpt":{"rendered":"<p>Effiziente Filterung des Regenwassers Verbesserte Version (gedichtete Sichtklappe) Komplettes Verbindungs-Set f\u00fcr den Anschlu\u00df eines T50 Filters an eine Regentonne (Schlauchl\u00e4nge<\/p>","protected":false},"featured_media":37737,"comment_status":"open","ping_status":"closed","template":"","meta":[],"product_brand":[],"product_cat":[285,282],"product_tag":[],"class_list":{"0":"post-30750","1":"product","2":"type-product","3":"status-publish","4":"has-post-thumbnail","6":"product_cat-fallrohr-filter","7":"product_cat-zubehoer-regentonnen","9":"first","10":"instock","11":"taxable","12":"shipping-taxable","13":"purchasable","14":"product-type-simple"},"_links":{"self":[{"href":"https:\/\/testshop.igel.wovodo.de\/it\/wp-json\/wp\/v2\/product\/30750","targetHints":{"allow":["GET"]}}],"collection":[{"href":"https:\/\/testshop.igel.wovodo.de\/it\/wp-json\/wp\/v2\/product"}],"about":[{"href":"https:\/\/testshop.igel.wovodo.de\/it\/wp-json\/wp\/v2\/types\/product"}],"replies":[{"embeddable":true,"href":"https:\/\/testshop.igel.wovodo.de\/it\/wp-json\/wp\/v2\/comments?post=30750"}],"version-history":[{"count":1,"href":"https:\/\/testshop.igel.wovodo.de\/it\/wp-json\/wp\/v2\/product\/30750\/revisions"}],"predecessor-version":[{"id":35360,"href":"https:\/\/testshop.igel.wovodo.de\/it\/wp-json\/wp\/v2\/product\/30750\/revisions\/35360"}],"wp:featuredmedia":[{"embeddable":true,"href":"https:\/\/testshop.igel.wovodo.de\/it\/wp-json\/wp\/v2\/media\/37737"}],"wp:attachment":[{"href":"https:\/\/testshop.igel.wovodo.de\/it\/wp-json\/wp\/v2\/media?parent=30750"}],"wp:term":[{"taxonomy":"product_brand","embeddable":true,"href":"https:\/\/testshop.igel.wovodo.de\/it\/wp-json\/wp\/v2\/product_brand?post=30750"},{"taxonomy":"product_cat","embeddable":true,"href":"https:\/\/testshop.igel.wovodo.de\/it\/wp-json\/wp\/v2\/product_cat?post=30750"},{"taxonomy":"product_tag","embeddable":true,"href":"https:\/\/testshop.igel.wovodo.de\/it\/wp-json\/wp\/v2\/product_tag?post=30750"}],"curies":[{"name":"wp","href":"https:\/\/api.w.org\/{rel}","templated":true}]}}