{"id":30763,"date":"2024-10-31T14:12:52","date_gmt":"2024-10-31T13:12:52","guid":{"rendered":"https:\/\/testshop.igel.wovodo.de\/product\/airbrush-farben-4er-set-fuer-tattoo-auf-alkoholbasis\/"},"modified":"2025-01-27T12:32:05","modified_gmt":"2025-01-27T11:32:05","slug":"airbrush-farben-4er-set-fuer-tattoo-auf-alkoholbasis","status":"publish","type":"product","link":"https:\/\/testshop.igel.wovodo.de\/it\/product\/airbrush-farben-4er-set-fuer-tattoo-auf-alkoholbasis\/","title":{"rendered":"Airbrush Farben 4er Set f\u00fcr Tattoo, auf Alkoholbasis"},"content":{"rendered":"<div class=\"sale_application\"><strong>Ideal f\u00fcr Airbrush Tattoos, Body Painting, K\u00f6rperbemalung etc.<\/strong> <\/div>\n<div class=\"sale_description\">\n<p>Mit dem &#8220;4er Set Airbrush Universalfarben&#8221; erhalten Sie 4 Airbrush-Grundfarben f\u00fcr die Erstellung von z.B. professionellen Airbrush-Tattoos &#8211; lassen Sie Ihrer Kreativit\u00e4t freien Lauf!<\/p>\n<p>Vor dem Einsatz von selbst angemischten Farben in Airbrush-Pistolen bitte pr\u00fcfen, ob die Farben miteinader mischbar sind. Sind unerw\u00fcnschte Reaktionen (z.B Verklumpung) feststellbar, ist vom Einsatz in Airbrush abzusehen.<\/p>\n<p>\n<b>Anmerkung zur Produkthaltbarkeit:<\/b> Die Angabe eines Mindesthaltbarkeitsdatums ist gesetzlich vorgeschrieben. Die Haltbarkeit unserer Airbrush-Farben betr\u00e4gt mindestens zehn Jahre. Wir versichern Ihnen, dass die Verwendung der Farben &#8211; auch nach Ablauf des Mindesthaltbarkeitsdatums &#8211; f\u00fcr den jeweils empfohlenen Einsatzzweck noch jahrelang v\u00f6llig unbedenklich ist. Die \u00e4lteste bei uns f\u00fcr Testzwecke zur Haltbarkeit aufbewahrte und vollkommen intakte Farbe ist etwa 5Jahre alt.<\/p>\n<\/div>\n<h3>Molti buoni motivi per acquistare questo prodotto:<\/h3>\n<div class=\"sale_motive\">\n<ul>\n<li>einfach und sicher in der Anwendung<\/li>\n<li><strong>ergiebige, leuchtstarke Farben<\/strong><\/li>\n<li>auch f\u00fcr Einsteiger geeignet, dank der mitgelieferten Schablonen<\/li>\n<li>Airbrush-Tattoofarbe auf Alkoholbasis<\/li>\n<\/ul>\n<\/div>","protected":false},"excerpt":{"rendered":"<p>Ideal f\u00fcr Airbrush Tattoos, Body Painting, K\u00f6rperbemalung etc. Mit dem &#8220;4er Set Airbrush Universalfarben&#8221; erhalten Sie 4 Airbrush-Grundfarben f\u00fcr die<\/p>","protected":false},"featured_media":33883,"comment_status":"open","ping_status":"closed","template":"","meta":[],"product_brand":[],"product_cat":[235,237,197],"product_tag":[],"class_list":{"0":"post-30763","1":"product","2":"type-product","3":"status-publish","4":"has-post-thumbnail","6":"product_cat-airbrush-farben","7":"product_cat-airbrush-farben-set","8":"product_cat-tattoo","10":"first","11":"instock","12":"taxable","13":"shipping-taxable","14":"purchasable","15":"product-type-simple"},"_links":{"self":[{"href":"https:\/\/testshop.igel.wovodo.de\/it\/wp-json\/wp\/v2\/product\/30763","targetHints":{"allow":["GET"]}}],"collection":[{"href":"https:\/\/testshop.igel.wovodo.de\/it\/wp-json\/wp\/v2\/product"}],"about":[{"href":"https:\/\/testshop.igel.wovodo.de\/it\/wp-json\/wp\/v2\/types\/product"}],"replies":[{"embeddable":true,"href":"https:\/\/testshop.igel.wovodo.de\/it\/wp-json\/wp\/v2\/comments?post=30763"}],"version-history":[{"count":1,"href":"https:\/\/testshop.igel.wovodo.de\/it\/wp-json\/wp\/v2\/product\/30763\/revisions"}],"predecessor-version":[{"id":35373,"href":"https:\/\/testshop.igel.wovodo.de\/it\/wp-json\/wp\/v2\/product\/30763\/revisions\/35373"}],"wp:featuredmedia":[{"embeddable":true,"href":"https:\/\/testshop.igel.wovodo.de\/it\/wp-json\/wp\/v2\/media\/33883"}],"wp:attachment":[{"href":"https:\/\/testshop.igel.wovodo.de\/it\/wp-json\/wp\/v2\/media?parent=30763"}],"wp:term":[{"taxonomy":"product_brand","embeddable":true,"href":"https:\/\/testshop.igel.wovodo.de\/it\/wp-json\/wp\/v2\/product_brand?post=30763"},{"taxonomy":"product_cat","embeddable":true,"href":"https:\/\/testshop.igel.wovodo.de\/it\/wp-json\/wp\/v2\/product_cat?post=30763"},{"taxonomy":"product_tag","embeddable":true,"href":"https:\/\/testshop.igel.wovodo.de\/it\/wp-json\/wp\/v2\/product_tag?post=30763"}],"curies":[{"name":"wp","href":"https:\/\/api.w.org\/{rel}","templated":true}]}}