{"id":30795,"date":"2024-10-31T14:13:12","date_gmt":"2024-10-31T13:13:12","guid":{"rendered":"https:\/\/testshop.igel.wovodo.de\/product\/airbrushpistole-profi-airbrush-gravity-double-action-gun-128-d-035\/"},"modified":"2025-01-27T12:32:16","modified_gmt":"2025-01-27T11:32:16","slug":"airbrushpistole-profi-airbrush-gravity-double-action-gun-128-d-035","status":"publish","type":"product","link":"https:\/\/testshop.igel.wovodo.de\/it\/product\/airbrushpistole-profi-airbrush-gravity-double-action-gun-128-d-035\/","title":{"rendered":"Airbrushpistole Profi-AirBrush Gravity Double-Action-Gun 128 D 0,35"},"content":{"rendered":"<div class=\"sale_application\">\n<b><\/p>\n<p>Ideale per la cosmesi e la bellezza (aerografo per unghie, trucco, colorazione dei capelli, cura dei capelli, abbronzatura spray), la body art (body painting, tatuaggio, disegno di maschere), l'hobbistica (fiori\/ composizioni floreali, modellismo, ceramica\/ ceramica, tessuti), il design di piccole auto (tappi di benzina\/ caschi), le illustrazioni tecniche\/ ritocchi fotografici e la decorazione di cibi (torte\/ cupcake). Le possibilit\u00e0 di aerografia sono praticamente illimitate.<\/p>\n<p><\/b> <\/div>\n<div class=\"sale_description\">\n<p>Die Airbrush-Pistole <strong>&#8220;Gravity Double-Action-Gun 128 D 0,35&#8221;<\/strong> ist ein Zweistoff-Zerst\u00e4uber, der nach dem Prinzip einer Strahlpumpe arbeitet, wobei Druckluft als Treibmittel verwendet wird.<br \/>\n  In Abh\u00e4ngigkeit von der St\u00e4rke des Luftstroms und der Menge der Farbe, kann man mit einer Airbushpistole feinste Linien, aber auch gro\u00dfe Fl\u00e4chen malen. Man kann Farbe deckend aufspr\u00fchen, aber auch einen transparenten Farbfilm airbrushen.<\/p>\n<p>Bei einer Double-Action Airbrush werden Luft und Farbmenge mit einem Hebel gesteuert. Durch das Herunterdr\u00fccken des Hebels wird die Luftzufuhr reguliert, durch das gleichzeitige Zur\u00fcckziehen des Hebels wird die Farbmenge variiert. Die maximale Farbmenge kann hinten an der R\u00e4ndelschraube (Farbmengen-Regulierschraube) eingestellt werden.<\/p>\n<p>Die Spr\u00fchpistole bringt 1 Metall- und 2 Glasfarbmischer mit, was einen schnellen Farbwechsel gew\u00e4hrleistet. F\u00fcr den Einsatz wird ein Adapter ben\u00f6tigt, um die g\u00e4ngigen 1\/4 Zoll Kompressoranschl\u00fcsse auf den kleinern Schlauchdurchmesser zu reduzieren.<\/p>\n<\/div>\n<h3>Molti buoni motivi per acquistare questo prodotto:<\/h3>\n<div class=\"sale_motive\">\n<ul>\n<li>Vasta gamma di accessori <\/li>\n<li class=\"high\">brillantes Spritzbild<\/li>\n<li>1,5m Luftdruckschlauch sichert eine gute Beweglichkeit<\/li>\n<li>solide Verarbeitung<\/li>\n<li>verchromter Farbbeh\u00e4lter mit 7ml und 2 Glasfarbbeh\u00e4lter mit 20ml und Deckel erm\u00f6glichen einen schnellen Farbwechsel <\/li>\n<li>zukunftsorientierte Bauweise <\/li>\n<li>formsch\u00f6nes Design <\/li>\n<li>Maneggevolezza<\/li>\n<\/ul>\n<\/div>","protected":false},"excerpt":{"rendered":"<p>Spr\u00fchpistole mit umfangreichem Zubeh\u00f6r \/ 0,35mm D\u00fcse und Nadel \/ Double-Action \/ 5ml verchromter und 2 x 20ml Glas-Farbbeh\u00e4lter \/ 1,5m Schlauch \/ Arbeitsdruck: 1 &#8211; 3,5 bar<\/p>","protected":false},"featured_media":33957,"comment_status":"open","ping_status":"closed","template":"","meta":[],"product_brand":[],"product_cat":[397,445,196],"product_tag":[],"class_list":{"0":"post-30795","1":"product","2":"type-product","3":"status-publish","4":"has-post-thumbnail","6":"product_cat-airbrushpistolen","7":"product_cat-double-action","8":"product_cat-modellbau","10":"first","11":"instock","12":"taxable","13":"shipping-taxable","14":"purchasable","15":"product-type-simple"},"_links":{"self":[{"href":"https:\/\/testshop.igel.wovodo.de\/it\/wp-json\/wp\/v2\/product\/30795","targetHints":{"allow":["GET"]}}],"collection":[{"href":"https:\/\/testshop.igel.wovodo.de\/it\/wp-json\/wp\/v2\/product"}],"about":[{"href":"https:\/\/testshop.igel.wovodo.de\/it\/wp-json\/wp\/v2\/types\/product"}],"replies":[{"embeddable":true,"href":"https:\/\/testshop.igel.wovodo.de\/it\/wp-json\/wp\/v2\/comments?post=30795"}],"version-history":[{"count":1,"href":"https:\/\/testshop.igel.wovodo.de\/it\/wp-json\/wp\/v2\/product\/30795\/revisions"}],"predecessor-version":[{"id":35405,"href":"https:\/\/testshop.igel.wovodo.de\/it\/wp-json\/wp\/v2\/product\/30795\/revisions\/35405"}],"wp:featuredmedia":[{"embeddable":true,"href":"https:\/\/testshop.igel.wovodo.de\/it\/wp-json\/wp\/v2\/media\/33957"}],"wp:attachment":[{"href":"https:\/\/testshop.igel.wovodo.de\/it\/wp-json\/wp\/v2\/media?parent=30795"}],"wp:term":[{"taxonomy":"product_brand","embeddable":true,"href":"https:\/\/testshop.igel.wovodo.de\/it\/wp-json\/wp\/v2\/product_brand?post=30795"},{"taxonomy":"product_cat","embeddable":true,"href":"https:\/\/testshop.igel.wovodo.de\/it\/wp-json\/wp\/v2\/product_cat?post=30795"},{"taxonomy":"product_tag","embeddable":true,"href":"https:\/\/testshop.igel.wovodo.de\/it\/wp-json\/wp\/v2\/product_tag?post=30795"}],"curies":[{"name":"wp","href":"https:\/\/api.w.org\/{rel}","templated":true}]}}