{"id":30805,"date":"2024-10-31T14:13:18","date_gmt":"2024-10-31T13:13:18","guid":{"rendered":"https:\/\/testshop.igel.wovodo.de\/product\/solar-teichpumpen-set-lotus-blume-weiss\/"},"modified":"2025-01-27T12:32:21","modified_gmt":"2025-01-27T11:32:21","slug":"solar-teichpumpen-set-lotus-blume-weiss","status":"publish","type":"product","link":"https:\/\/testshop.igel.wovodo.de\/it\/product\/solar-teichpumpen-set-lotus-blume-weiss\/","title":{"rendered":"Set di pompe solari per laghetti \"Fior di loto\" - Bianco"},"content":{"rendered":"<div class=\"sale_description\">\n<p>Der perfekte Blickfang im Garten: Holen Sie sich eine Lotus-Blume, deren Name &#8220;gesch\u00e4tzte Pflanze&#8221; bedeutet und die Symbol f\u00fcr Vollkommenheit, Kostbarkeit und vieles mehr ist, in Ihren Garten &#8211; als <b>schwimmende Solar-Teichpumpen-Font\u00e4ne.<\/b><\/p>\n<div class=\"embed-responsive embed-responsive-16by9\">\n<iframe width=\"560\" height=\"315\" src=\"https:\/\/www.youtube-nocookie.com\/embed\/1siKGOstPRU?si=F4Vx-re6lYv8xx2K&#038;rel=0\" title=\"Lettore video di YouTube\" frameborder=\"0\" allow=\"accelerometer; autoplay; clipboard-write; encrypted-media; gyroscope; picture-in-picture; web-share\" allowfullscreen><\/iframe>\n<\/div>\n<p>Das <b>steckfertige Solar-Teichpumpen-Set<\/b> ist<b> sofort einsetzbereit <\/b>und \u2013 sobald das leicht optimal auszurichtende Solar-Panel direkte Sonneneinstrahlung erh\u00e4lt \u2013 <b>sofort betriebsbereit<\/b>. Es besteht aus einem Lotus-Blatt mit Bl\u00fcte (in wei\u00df oder orange erh\u00e4ltlich), zwei verschiedenen D\u00fcsen (12-Loch-D\u00fcse, 7-Loch-D\u00fcse), einem Font\u00e4nen-Adapter, einem Pumpenauslass-Adapter, einem Durchflussregler und einem Solarpanel nebst Zubeh\u00f6r.<\/p>\n<p>Das Solar-Komplett-System ist mit einer <b>Puls-Timing-Funktion<\/b> ausgestattet. Das Produkt ist so ausgelegt, dass es im Puls-Timing-Modus ca. 2 Sekunden an &#8211; und 5 Sekunden ausgeschaltet ist, solange die Pumpe an das Solarpanel angeschlossen ist. <b>Die Pumpe wird bei Beginn der D\u00e4mmerung heruntergefahren und startet bei Sonnenaufgang automatisch<\/b>. Die Leistung der Pumpe h\u00e4ngt von der Ausrichtung des Solarpanels zur Sonne und deren Intensit\u00e4t ab. Die maximale Leistung wird bei optimalen Bedingungen im Sommer und teilweise im Herbst und Fr\u00fchjahr erreicht.<\/p>\n<p>Um den Lotus-Brunnen in der gew\u00fcnschten Position im Teich zu halten, sind im Lieferumfang ein Netzbeutel und Draht enthalten. F\u00fcllen Sie einfach den Netzbeutel mit kleinen Kieseln und k\u00fcrzen Sie den Draht entsprechend der Tiefe Ihres Teiches: Auf diese Weise agiert die gef\u00fcllte Netztasche als eine Art Anker, um Ihren Lotusbrunnen in Position zu halten.<\/p>\n<p>Mit der schwimmenden Solar-Teich-Lotus-Blume kaufen Sie ein <b>hochwertiges Font\u00e4nen-Pumpensystem<\/b>. Das Solar-Teichpumpen-Set &#8220;Lotus-Blume&#8221; bereitet mit ihrem beruhigenden Wasserspiel nicht nur Freude, sondern auch ein angenehmes Mikroklima in Ihrem Garten und eine verbesserte Wasserqualit\u00e4t in Ihrem Teich.<\/p>\n<\/div>\n<h3>Molti buoni motivi per acquistare questo prodotto:<\/h3>\n<div class=\"sale_motive\">\n<ul>\n<li>1 Jahre Garantie, Lebensdauer \u00fcber 60.000 Betriebsstunden*(Hinweis weiter unten)<\/li>\n<li>Steckfertiges Komplett-Set <b>mit Akku<\/b> und allem Zubeh\u00f6r<\/li>\n<li>Schaltet sich bei D\u00e4mmerung automatisch ab<\/li>\n<li>Startet bei Sonnenaufgang automatisch<\/li>\n<li>komplett ohne externe Kabel<\/li>\n<li>hochwertiges Font\u00e4nen-Pumpensystem<\/li>\n<li>hochwertiges Solar-Panel<\/li>\n<li>mit Puls-Time-Funktion<\/li>\n<li>Verbesserung der Wasserqualit\u00e4t in Ihrem Teich<\/li>\n<li>Verbesserung des Mikroklimas in Ihrem Garten<\/li>\n<\/ul>\n<\/div>","protected":false},"excerpt":{"rendered":"<p>Steckfertiges Solar-Teichpumpen-Set: Schwimmende Lotus-Blume<br \/> &#8211;  Leistung max. 0,8 Watt \/ Max. F\u00f6rderh\u00f6he 35cm<\/p>","protected":false},"featured_media":39958,"comment_status":"open","ping_status":"closed","template":"","meta":[],"product_brand":[],"product_cat":[363,472,278,430],"product_tag":[],"class_list":{"0":"post-30805","1":"product","2":"type-product","3":"status-publish","4":"has-post-thumbnail","6":"product_cat-solar-teichpumpen","7":"product_cat-solarteichdekoration","8":"product_cat-brunnen-mit-solar-betrieb","9":"product_cat-solar-teichdekoration","11":"first","12":"instock","13":"taxable","14":"shipping-taxable","15":"purchasable","16":"product-type-simple"},"_links":{"self":[{"href":"https:\/\/testshop.igel.wovodo.de\/it\/wp-json\/wp\/v2\/product\/30805","targetHints":{"allow":["GET"]}}],"collection":[{"href":"https:\/\/testshop.igel.wovodo.de\/it\/wp-json\/wp\/v2\/product"}],"about":[{"href":"https:\/\/testshop.igel.wovodo.de\/it\/wp-json\/wp\/v2\/types\/product"}],"replies":[{"embeddable":true,"href":"https:\/\/testshop.igel.wovodo.de\/it\/wp-json\/wp\/v2\/comments?post=30805"}],"version-history":[{"count":7,"href":"https:\/\/testshop.igel.wovodo.de\/it\/wp-json\/wp\/v2\/product\/30805\/revisions"}],"predecessor-version":[{"id":39959,"href":"https:\/\/testshop.igel.wovodo.de\/it\/wp-json\/wp\/v2\/product\/30805\/revisions\/39959"}],"wp:featuredmedia":[{"embeddable":true,"href":"https:\/\/testshop.igel.wovodo.de\/it\/wp-json\/wp\/v2\/media\/39958"}],"wp:attachment":[{"href":"https:\/\/testshop.igel.wovodo.de\/it\/wp-json\/wp\/v2\/media?parent=30805"}],"wp:term":[{"taxonomy":"product_brand","embeddable":true,"href":"https:\/\/testshop.igel.wovodo.de\/it\/wp-json\/wp\/v2\/product_brand?post=30805"},{"taxonomy":"product_cat","embeddable":true,"href":"https:\/\/testshop.igel.wovodo.de\/it\/wp-json\/wp\/v2\/product_cat?post=30805"},{"taxonomy":"product_tag","embeddable":true,"href":"https:\/\/testshop.igel.wovodo.de\/it\/wp-json\/wp\/v2\/product_tag?post=30805"}],"curies":[{"name":"wp","href":"https:\/\/api.w.org\/{rel}","templated":true}]}}