{"id":30816,"date":"2024-10-31T14:13:25","date_gmt":"2024-10-31T13:13:25","guid":{"rendered":"https:\/\/testshop.igel.wovodo.de\/product\/teichpumpe-solar-set-maerchen-frosch-fuer-garten-teich-terrasse\/"},"modified":"2025-01-27T12:32:23","modified_gmt":"2025-01-27T11:32:23","slug":"teichpumpe-solar-set-maerchen-frosch-fuer-garten-teich-terrasse","status":"publish","type":"product","link":"https:\/\/testshop.igel.wovodo.de\/it\/product\/teichpumpe-solar-set-maerchen-frosch-fuer-garten-teich-terrasse\/","title":{"rendered":"TEICHPUMPE SOLAR SET &#8220;M\u00c4RCHEN-FROSCH&#8221; f\u00fcr GARTEN, TEICH, TERRASSE"},"content":{"rendered":"<div class=\"sale_description\">\n<p>Il <b>M\u00c4RCHEN-FROSCH<\/b> besticht durch seine formsch\u00f6ne Nachbildung und Oberfl\u00e4che, die den Eindruck einer Kupferfigur mit leichtem Gr\u00fcnspan Ansatz entstehen l\u00e4sst. Die Solar betriebene Pumpe f\u00f6rdert das Wasser aus dem Mund des &#8220;M\u00c4RCHEN-FROSCH&#8221; in weitem Bogen wieder in das Gew\u00e4sser zur\u00fcck. Dieses Wasserspiel sieht nicht nur gut aus, es sorgt auch f\u00fcr eine gute Sauerstoffversorgung in Ihrem Teich.<\/p>\n<p>Das Solar Teichpumpen-Set <b>M\u00c4RCHEN-FROSCH<\/b> setzt die Kraft der Sonne in flie\u00dfendes Wasser um. Hochwertige Komponenten bringen das Wasser in Bewegung, sobald das Sonnenlicht die Solarfl\u00e4che erreicht. Je st\u00e4rker die Sonne, umso intensiver wird das Wasserspiel! Das beruhigende Rauschen des Wassers gibt jedem Teich eine besondere Note und das im Sonnenlicht funkelnde Wasser ist stets der perfekte Blickfang. Flie\u00dfendes Wasser sorgt f\u00fcr noch mehr Wohlgef\u00fchl in Ihrem Garten und sorgt f\u00fcr ein angenehmes Mikroklima an hei\u00dfen Sommertagen.<\/p>\n<p><b>Solar-Set M\u00c4RCHEN-FROSCH &#8211; Das Lebensgef\u00fchl f\u00fcr Ihre Sonnen-Oase!<\/b><\/p>\n<div class=\"embed-responsive embed-responsive-16by9\">\n<iframe width=\"560\" height=\"315\" src=\"https:\/\/www.youtube-nocookie.com\/embed\/hTkFygXY8KQ?rel=0\" title=\"Lettore video di YouTube\" frameborder=\"0\" allow=\"accelerometer; autoplay; clipboard-write; encrypted-media; gyroscope; picture-in-picture\" allowfullscreen><\/iframe><\/div>\n<p>Das innovative Solar-Pumpensystem garantiert Ihnen jahrelange Freude. Es hat eine Lebensdauer \u00fcber 60.000 Stunden, in denen Sie die sch\u00f6nen Wasserl\u00e4ufe bewundern k\u00f6nnen, ohne an die stetig wachsenden Strompreise denken zu m\u00fcssen.<\/p>\n<p><b>Das solarbetriebene System k\u00f6nnen Sie an jeder Stelle im Garten einsetzen und sind nicht an die 230V-Steckdose gebunden. Das l\u00e4stige Verlegen der 230V-Kabel entf\u00e4llt. Sie k\u00f6nnen das Solarsystem optimal platzieren sowie effektvoll und sicher nutzen. Kein \u00c4rger mehr mit den durch Nagetiere besch\u00e4digten Kabeln und dadurch verursachten Stromausf\u00e4llen.<\/b><\/p>\n<p>*Garantie gilt nur f\u00fcr Teichpumpe, nicht Solarpanel oder Kabel.\n<\/p>\n<p style=\"font-size:11px;\"><b>Avviso legale:<\/b> I nostri prodotti sono colorati singolarmente a mano, pertanto non \u00e8 possibile evitare deviazioni di colore. Inoltre, a causa delle condizioni di illuminazione durante la fotografia del prodotto e delle diverse impostazioni dello schermo, il colore del prodotto potrebbe non essere riprodotto in modo autentico e non \u00e8 quindi motivo di reclamo.<\/p>\n<\/div>\n<h3>Molti buoni motivi per acquistare questo prodotto:<\/h3>\n<div class=\"sale_motive\">\n<ul>\n<li>2 Jahre Garantie, Lebensdauer \u00fcber 60.000 Betriebsstunden *(Hinweis weiter unten)<\/li>\n<li>formsch\u00f6ne Kupfer- und Patina-Nachbildung (Material: Polyresin-Kunststoff) &#8211; ist ein echter Hingucker!<\/li>\n<li>max. F\u00f6rdermenge 180l\/h; max. F\u00f6rderh\u00f6he 50 cm<\/li>\n<li>steckfertiges Solarpumpensystem &#8211; sofort einsatzbereit<\/li>\n<li>hochwertiges Solarpanel im <b>stabilen bruchfesten ALU-RAHMEN<\/b> mit einer Leistung von <b>1,3 Watt<\/b><\/li>\n<li>integrierter Filter sch\u00fctzt die Pumpe (l\u00e4sst sich leicht reinigen)<\/li>\n<li>einstellbarer Winkel des Solarmoduls und 5 Meter Anschlusskabel machen eine optimale Platzierung des Panels im sonnigen Bereich m\u00f6glich<\/li>\n<\/ul>\n<p>*Garantie gilt nur f\u00fcr Teichpumpe, nicht Solarpanel oder Kabel.<\/p>\n<\/div>","protected":false},"excerpt":{"rendered":"<p>Solarbetriebener Springbrunnen in Form eines M\u00e4rchenfroschs auf einem Stein<br \/>1,3W Solarpanel, max. 180l\/h<\/p>","protected":false},"featured_media":39626,"comment_status":"open","ping_status":"closed","template":"","meta":[],"product_brand":[],"product_cat":[363,278,430,178],"product_tag":[],"class_list":{"0":"post-30816","1":"product","2":"type-product","3":"status-publish","4":"has-post-thumbnail","6":"product_cat-solar-teichpumpen","7":"product_cat-brunnen-mit-solar-betrieb","8":"product_cat-solar-teichdekoration","9":"product_cat-garten-u-zimmer-brunnen","11":"first","12":"instock","13":"taxable","14":"shipping-taxable","15":"purchasable","16":"product-type-simple"},"_links":{"self":[{"href":"https:\/\/testshop.igel.wovodo.de\/it\/wp-json\/wp\/v2\/product\/30816","targetHints":{"allow":["GET"]}}],"collection":[{"href":"https:\/\/testshop.igel.wovodo.de\/it\/wp-json\/wp\/v2\/product"}],"about":[{"href":"https:\/\/testshop.igel.wovodo.de\/it\/wp-json\/wp\/v2\/types\/product"}],"replies":[{"embeddable":true,"href":"https:\/\/testshop.igel.wovodo.de\/it\/wp-json\/wp\/v2\/comments?post=30816"}],"version-history":[{"count":5,"href":"https:\/\/testshop.igel.wovodo.de\/it\/wp-json\/wp\/v2\/product\/30816\/revisions"}],"predecessor-version":[{"id":39548,"href":"https:\/\/testshop.igel.wovodo.de\/it\/wp-json\/wp\/v2\/product\/30816\/revisions\/39548"}],"wp:featuredmedia":[{"embeddable":true,"href":"https:\/\/testshop.igel.wovodo.de\/it\/wp-json\/wp\/v2\/media\/39626"}],"wp:attachment":[{"href":"https:\/\/testshop.igel.wovodo.de\/it\/wp-json\/wp\/v2\/media?parent=30816"}],"wp:term":[{"taxonomy":"product_brand","embeddable":true,"href":"https:\/\/testshop.igel.wovodo.de\/it\/wp-json\/wp\/v2\/product_brand?post=30816"},{"taxonomy":"product_cat","embeddable":true,"href":"https:\/\/testshop.igel.wovodo.de\/it\/wp-json\/wp\/v2\/product_cat?post=30816"},{"taxonomy":"product_tag","embeddable":true,"href":"https:\/\/testshop.igel.wovodo.de\/it\/wp-json\/wp\/v2\/product_tag?post=30816"}],"curies":[{"name":"wp","href":"https:\/\/api.w.org\/{rel}","templated":true}]}}