{"id":30847,"date":"2024-10-31T14:13:45","date_gmt":"2024-10-31T13:13:45","guid":{"rendered":"https:\/\/testshop.igel.wovodo.de\/product\/dieselpumpen-zubehoer-set-automatik-zapfpistole-fuer-dieselpumpen-und-wasserpumpen-gummi-schlauch-rueckschlagventil-tuellen-und-schlauch-schellen\/"},"modified":"2025-01-27T12:32:34","modified_gmt":"2025-01-27T11:32:34","slug":"dieselpumpen-zubehoer-set-automatik-zapfpistole-fuer-dieselpumpen-und-wasserpumpen-gummi-schlauch-rueckschlagventil-tuellen-und-schlauch-schellen","status":"publish","type":"product","link":"https:\/\/testshop.igel.wovodo.de\/it\/product\/dieselpumpen-zubehoer-set-automatik-zapfpistole-fuer-dieselpumpen-und-wasserpumpen-gummi-schlauch-rueckschlagventil-tuellen-und-schlauch-schellen\/","title":{"rendered":"Dieselpumpen-Zubeh\u00f6r-Set:  Automatik-Zapfpistole f\u00fcr Dieselpumpen und Wasserpumpen, Gummi-Schlauch, R\u00fcckschlagventil, T\u00fcllen und Schlauch-Schellen"},"content":{"rendered":"<div class=\"sale_application\">\n<ul>\n<li>Komplettes Zubeh\u00f6r-Set f\u00fcr Dieselpumpen\/ Heiz\u00f6lpumpen\/ Kraftstoffpumpen sowie Wasserpumpen<\/li>\n<\/ul><\/div>\n<div class=\"sale_description\">\n<p>Umfangreiches Zubeh\u00f6r-Set f\u00fcr Dieselpumpen in bew\u00e4hrter Qualit\u00e4t: Diesel-Zapfpistole mit Schlauch, R\u00fcckschlagventil sowie Anschlusszubeh\u00f6r. Die hochwertige Diesel-Zapfpistole verf\u00fcgt \u00fcber eine Abschalt-Automatik und eine Durchfluss-Verrastung. Der Gummi-Schlauch hat eine L\u00e4nge von 6 Metern. Er kann problemlos selbst auf die passende L\u00e4nge zugeschnitten werden.<\/p>\n<p>Das Diesel-Zubeh\u00f6r Paket 2 mit Gummi-Schlauch und Automatik-Zapfpistole ist geeignet f\u00fcr den Einsatz mit Dieselpumpen\/ Heiz\u00f6lpumpen\/ Kraftstoffpumpen, aber auch alle Arten von Wasserpumpen (Tauchpumpen, Brunnenpumpen, Kreiselpumpen, Jetpumpen uvm.)<\/p>\n<\/div>\n<h3>Molti buoni motivi per acquistare questo prodotto:<\/h3>\n<div class=\"sale_motive\">\n<ul>\n<li>Komplett-Set Dieselpumpen-Zubeh\u00f6r<\/li>\n<li>NICHT NUR f\u00fcr Dieselpumpen, sondern AUCH f\u00fcr Wasserpumpen geeignet<\/li>\n<li>Hochwertige Automatik-Zapfpistole mit Durchfluss-Verrastung <\/li>\n<li>inkl. Gummi-Schlauch (6 Meter\/ 1 Zoll) <\/li>\n<li>Anschlusszubeh\u00f6r<\/li>\n<\/ul>\n<\/div>","protected":false},"excerpt":{"rendered":"<p>Komplettes Zubeh\u00f6r-Set f\u00fcr Dieselpumpen\/ Heiz\u00f6lpumpen\/ Kraftstoffpumpen sowie Wasserpumpen Umfangreiches Zubeh\u00f6r-Set f\u00fcr Dieselpumpen in bew\u00e4hrter Qualit\u00e4t: Diesel-Zapfpistole mit Schlauch, R\u00fcckschlagventil sowie<\/p>","protected":false},"featured_media":37759,"comment_status":"open","ping_status":"closed","template":"","meta":[],"product_brand":[],"product_cat":[195],"product_tag":[],"class_list":{"0":"post-30847","1":"product","2":"type-product","3":"status-publish","4":"has-post-thumbnail","6":"product_cat-diesel-zubehoer","8":"first","9":"instock","10":"taxable","11":"shipping-taxable","12":"purchasable","13":"product-type-simple"},"_links":{"self":[{"href":"https:\/\/testshop.igel.wovodo.de\/it\/wp-json\/wp\/v2\/product\/30847","targetHints":{"allow":["GET"]}}],"collection":[{"href":"https:\/\/testshop.igel.wovodo.de\/it\/wp-json\/wp\/v2\/product"}],"about":[{"href":"https:\/\/testshop.igel.wovodo.de\/it\/wp-json\/wp\/v2\/types\/product"}],"replies":[{"embeddable":true,"href":"https:\/\/testshop.igel.wovodo.de\/it\/wp-json\/wp\/v2\/comments?post=30847"}],"version-history":[{"count":1,"href":"https:\/\/testshop.igel.wovodo.de\/it\/wp-json\/wp\/v2\/product\/30847\/revisions"}],"predecessor-version":[{"id":35453,"href":"https:\/\/testshop.igel.wovodo.de\/it\/wp-json\/wp\/v2\/product\/30847\/revisions\/35453"}],"wp:featuredmedia":[{"embeddable":true,"href":"https:\/\/testshop.igel.wovodo.de\/it\/wp-json\/wp\/v2\/media\/37759"}],"wp:attachment":[{"href":"https:\/\/testshop.igel.wovodo.de\/it\/wp-json\/wp\/v2\/media?parent=30847"}],"wp:term":[{"taxonomy":"product_brand","embeddable":true,"href":"https:\/\/testshop.igel.wovodo.de\/it\/wp-json\/wp\/v2\/product_brand?post=30847"},{"taxonomy":"product_cat","embeddable":true,"href":"https:\/\/testshop.igel.wovodo.de\/it\/wp-json\/wp\/v2\/product_cat?post=30847"},{"taxonomy":"product_tag","embeddable":true,"href":"https:\/\/testshop.igel.wovodo.de\/it\/wp-json\/wp\/v2\/product_tag?post=30847"}],"curies":[{"name":"wp","href":"https:\/\/api.w.org\/{rel}","templated":true}]}}