{"id":30867,"date":"2024-10-31T14:13:58","date_gmt":"2024-10-31T13:13:58","guid":{"rendered":"https:\/\/testshop.igel.wovodo.de\/product\/profi-airbrush-absauganlage-fuer-farbnebel-hobby-2-mit-led\/"},"modified":"2025-01-27T12:32:46","modified_gmt":"2025-01-27T11:32:46","slug":"profi-airbrush-absauganlage-fuer-farbnebel-hobby-2-mit-led","status":"publish","type":"product","link":"https:\/\/testshop.igel.wovodo.de\/it\/product\/profi-airbrush-absauganlage-fuer-farbnebel-hobby-2-mit-led\/","title":{"rendered":"Sistema di aspirazione Profi-AirBrush per nebbia di vernice HOBBY 2, con LED"},"content":{"rendered":"<div class=\"sale_application\">\n<ul>\n<li>Sistema di aspirazione per nebbia di vernice con filtro sostituibile<\/li>\n<\/ul>\n<\/div>\n<div class=\"sale_description\">\n<p>Diese kompakte Airbrush-Absauganlage bzw. Spritzkabine verf\u00fcgt \u00fcber einen 3-lagigen hochwertigen Glasfaserfilter.<br \/>\nDer flexible Entl\u00fcftungsschlauch l\u00e4sst sich bis zu 5ft \/ 60&#8243; \/ 1,52m ausdehnen. Der frei rotierbare Drehteller erm\u00f6glicht ein leichtes Anspr\u00fchen des Objekts von allen Seiten und besitzt 12 kleine L\u00f6cher zum Befestigen der mitgelieferten Klemmen.<\/p>\n<p>Die Absauganlage filtert den Farbdampf, Staub und andere Partikel in der Luft aus dem Arbeitsbereich und h\u00e4lt ihn sauber. Der Integrierte Ventilator sorgt dabe f\u00fcr einen Abluftstrom von bis zu 180 CFM \/ 5,1m\u00b3\/min. Die L\u00fcftergeschwindigkeit kann von 0 bis 5,1m\u00b3\/min eingestellt werden.<\/p>\n<p>Das LED-Licht verwendet eine COB-Lichtquelle, daher bleiben die  nat\u00fcrlichen Farben erhalten und es gibt bei gleichm\u00e4ssiger Ausleuchtug kein Flimmern oder Blendung. (COB steht f\u00fcr &#8220;Chip on Board&#8221;, eine hocheffiziente Fl\u00e4chenlichtquellentechnologie, bei der die LED-Chips direkt auf einem verspiegelten Metallsubstrat mit hohem Reflexionsverm\u00f6gen angebracht sind.)<\/p>\n<p>Der 3-Schicht-Filter mit Aktivkohle kann den Nebel und die Partikel besser absorbieren die w\u00e4hrend des Spr\u00fchprozesses entstehen.<\/p>\n<p>Die Airbrush Absauganlage kommt mit der Spritzkabine, Filter, dem Abluftschlauch, einem 7,5-Zoll-Drehtisch, 8 Krokodilklemmen, 8 roten Clips sowie Netzstecker.<\/p>\n<p>Die Kompakte L\u00f6sung zur Tischaufstellung f\u00fcr alle Arten von Spray-Arbeiten. Besonders gut geeignet f\u00fcr Airbrush und Farbauftrag aus Spr\u00fchdosen. Preiswerte und gute L\u00f6sung f\u00fcr Ihr Hobby. Optimal zum Bemalen von kleinen Teilen: Modellautos, Zinnsoldaten, Keramiken usw. Leicht transportabel.<\/p>\n<p>Der Spr\u00fchnebel wird angesaugt, \u00fcber einen Filter gereinigt und die Abluft ins Freie abgef\u00fchrt. Nicht einsetzbar f\u00fcr das Absaugen von gef\u00e4hrlichen, explosiven oder entflammbaren Substanzen.<\/p>\n<p><b>Die Profi-AirBrush Absauganlage HOBBY 2 hat viele wertvolle Vorteile<\/b><\/p>\n<p>Durch das hervorragende Absaugen und Filtern von Staub und Farbe aus der Luft, minimiert die Absauganlage HOBBY 2 das potenzielle Gesundheitsrisiko durch das Einatmen von D\u00e4mpfen, Farbnebel und somit daraus resultierende Benommenheit oder auch Kopfschmerzen<br \/>\nDar\u00fcber hinaus verhindert die Anlage unsch\u00f6ne Verschmutzungen des Kunstwerks sowie der Arbeitsumgebung und sorgt so f\u00fcr eine bessere Luftqualit\u00e4t und ein angenehmeres Arbeitsklima zu einem unschlagbaren Preis-Leistungs-Verh\u00e4ltnis.<br \/>\nDie Absauganlage HOBBY 2 liefert eine solide Leistung ab und entfernt Partikel aus der Luft zuverl\u00e4ssig. Ersparen Sie sich das unangenehme Arbeiten mit Mundmaske, Atmen und Arbeiten Sie frei!\n<\/p>\n<p><\/p>\n<div class=\"embed-responsive embed-responsive-16by9\" &gt;=\"\">\n<iframe width=\"560\" height=\"315\" src=\"https:\/\/www.youtube-nocookie.com\/embed\/aVQ2QGLb4Hw?rel=0\" title=\"Lettore video di YouTube\" frameborder=\"0\" allow=\"accelerometer; autoplay; clipboard-write; encrypted-media; gyroscope; picture-in-picture\" allowfullscreen=\"\"><\/iframe><\/div>\n<\/div>\n<h3>Molti buoni motivi per acquistare questo prodotto:<\/h3>\n<div class=\"sale_motive\">\n<ul>\n<li><b>Filtert Staub und Farbe und minimiert das potenzielle Gesundheitsrisiko durch Einatmen<\/b><\/li>\n<li>H\u00e4lt Ihre Kunstwerke und die Arbeitsumgebung von Nebelablagerungen sauber<\/li>\n<li>Kompakte Absauganlage zur Tischaufstellung f\u00fcr alle Arten von Spray-Arbeiten<\/li>\n<li>Besonders gut geeignet f\u00fcr Airbrush und Farbauftrag aus Spr\u00fchdosen. Preiswerte und gute L\u00f6sung f\u00fcr Ihr Hobby<\/li>\n<li>Optimal zum Bemalen von kleinen Teilen: Modellautos, Zinnsoldaten, Keramiken usw.<\/li>\n<li>Leicht und transportabel<\/li>\n<li>Der Spr\u00fchnebel wird angesaugt, \u00fcber einen Filter gereinigt und die Abluft ins Freie abgef\u00fchrt<\/li>\n<\/ul>\n<\/div>","protected":false},"excerpt":{"rendered":"<p>Sistema di aspirazione per nebbia di vernice con filtro sostituibile<\/p>","protected":false},"featured_media":34167,"comment_status":"open","ping_status":"closed","template":"","meta":[],"product_brand":[],"product_cat":[257,328,473,196,212,256],"product_tag":[],"class_list":{"0":"post-30867","1":"product","2":"type-product","3":"status-publish","4":"has-post-thumbnail","6":"product_cat-zubehoer-profi-airbrush","7":"product_cat-sets","8":"product_cat-kunstzeichnen-set","9":"product_cat-modellbau","10":"product_cat-airbrush-cosplay-set","11":"product_cat-zubehoer-airbrush","13":"first","14":"instock","15":"taxable","16":"shipping-taxable","17":"purchasable","18":"product-type-simple"},"_links":{"self":[{"href":"https:\/\/testshop.igel.wovodo.de\/it\/wp-json\/wp\/v2\/product\/30867","targetHints":{"allow":["GET"]}}],"collection":[{"href":"https:\/\/testshop.igel.wovodo.de\/it\/wp-json\/wp\/v2\/product"}],"about":[{"href":"https:\/\/testshop.igel.wovodo.de\/it\/wp-json\/wp\/v2\/types\/product"}],"replies":[{"embeddable":true,"href":"https:\/\/testshop.igel.wovodo.de\/it\/wp-json\/wp\/v2\/comments?post=30867"}],"version-history":[{"count":3,"href":"https:\/\/testshop.igel.wovodo.de\/it\/wp-json\/wp\/v2\/product\/30867\/revisions"}],"predecessor-version":[{"id":38510,"href":"https:\/\/testshop.igel.wovodo.de\/it\/wp-json\/wp\/v2\/product\/30867\/revisions\/38510"}],"wp:featuredmedia":[{"embeddable":true,"href":"https:\/\/testshop.igel.wovodo.de\/it\/wp-json\/wp\/v2\/media\/34167"}],"wp:attachment":[{"href":"https:\/\/testshop.igel.wovodo.de\/it\/wp-json\/wp\/v2\/media?parent=30867"}],"wp:term":[{"taxonomy":"product_brand","embeddable":true,"href":"https:\/\/testshop.igel.wovodo.de\/it\/wp-json\/wp\/v2\/product_brand?post=30867"},{"taxonomy":"product_cat","embeddable":true,"href":"https:\/\/testshop.igel.wovodo.de\/it\/wp-json\/wp\/v2\/product_cat?post=30867"},{"taxonomy":"product_tag","embeddable":true,"href":"https:\/\/testshop.igel.wovodo.de\/it\/wp-json\/wp\/v2\/product_tag?post=30867"}],"curies":[{"name":"wp","href":"https:\/\/api.w.org\/{rel}","templated":true}]}}