{"id":36276,"date":"2024-12-03T18:09:02","date_gmt":"2024-12-03T17:09:02","guid":{"rendered":"https:\/\/testshop.igel.wovodo.de\/product\/netzstecker-fuer-10in1-multikocher\/"},"modified":"2025-01-27T12:28:53","modified_gmt":"2025-01-27T11:28:53","slug":"netzstecker-fuer-10in1-multikocher","status":"publish","type":"product","link":"https:\/\/testshop.igel.wovodo.de\/it\/product\/netzstecker-fuer-10in1-multikocher\/","title":{"rendered":"Netzstecker f\u00fcr 10in1-Multikocher"},"content":{"rendered":"<div class=\"sale_description\">\n<p>Netzstecker mit 1m L\u00e4nge f\u00fcr folgendes Haushaltsger\u00e4t:<br \/>\n  &#8211; Halogen-Hei\u00dfluft-Multifritteuse &amp; 10in1-Multikocher ECO AIR-PROFI 1350W.<\/p>\n<\/div>\n<h3>Molti buoni motivi per acquistare questo prodotto:<\/h3>\n<div class=\"sale_motive\">\n<ul>\n<li>Ersatz-Netzstecker<\/li>\n<\/ul>\n<\/div>","protected":false},"excerpt":{"rendered":"<p>Netzstecker mit 1m L\u00e4nge f\u00fcr folgendes Haushaltsger\u00e4t: &#8211; Halogen-Hei\u00dfluft-Multifritteuse &amp; 10in1-Multikocher ECO AIR-PROFI 1350W. Viele gute Gr\u00fcnde, warum Sie dieses<\/p>","protected":false},"featured_media":36275,"comment_status":"open","ping_status":"closed","template":"","meta":[],"product_brand":[],"product_cat":[289],"product_tag":[],"class_list":{"0":"post-36276","1":"product","2":"type-product","3":"status-publish","4":"has-post-thumbnail","6":"product_cat-zubehoer-haushaltsgeraete","8":"first","9":"instock","10":"taxable","11":"shipping-taxable","12":"purchasable","13":"product-type-simple"},"_links":{"self":[{"href":"https:\/\/testshop.igel.wovodo.de\/it\/wp-json\/wp\/v2\/product\/36276","targetHints":{"allow":["GET"]}}],"collection":[{"href":"https:\/\/testshop.igel.wovodo.de\/it\/wp-json\/wp\/v2\/product"}],"about":[{"href":"https:\/\/testshop.igel.wovodo.de\/it\/wp-json\/wp\/v2\/types\/product"}],"replies":[{"embeddable":true,"href":"https:\/\/testshop.igel.wovodo.de\/it\/wp-json\/wp\/v2\/comments?post=36276"}],"version-history":[{"count":0,"href":"https:\/\/testshop.igel.wovodo.de\/it\/wp-json\/wp\/v2\/product\/36276\/revisions"}],"wp:featuredmedia":[{"embeddable":true,"href":"https:\/\/testshop.igel.wovodo.de\/it\/wp-json\/wp\/v2\/media\/36275"}],"wp:attachment":[{"href":"https:\/\/testshop.igel.wovodo.de\/it\/wp-json\/wp\/v2\/media?parent=36276"}],"wp:term":[{"taxonomy":"product_brand","embeddable":true,"href":"https:\/\/testshop.igel.wovodo.de\/it\/wp-json\/wp\/v2\/product_brand?post=36276"},{"taxonomy":"product_cat","embeddable":true,"href":"https:\/\/testshop.igel.wovodo.de\/it\/wp-json\/wp\/v2\/product_cat?post=36276"},{"taxonomy":"product_tag","embeddable":true,"href":"https:\/\/testshop.igel.wovodo.de\/it\/wp-json\/wp\/v2\/product_tag?post=36276"}],"curies":[{"name":"wp","href":"https:\/\/api.w.org\/{rel}","templated":true}]}}