{"id":36520,"date":"2024-12-03T18:12:37","date_gmt":"2024-12-03T17:12:37","guid":{"rendered":"https:\/\/testshop.igel.wovodo.de\/product\/manuelle-hand-hebelpumpe-350\/"},"modified":"2025-01-27T12:30:31","modified_gmt":"2025-01-27T11:30:31","slug":"manuelle-hand-hebelpumpe-350","status":"publish","type":"product","link":"https:\/\/testshop.igel.wovodo.de\/it\/product\/manuelle-hand-hebelpumpe-350\/","title":{"rendered":"manuelle Hand-Hebelpumpe 350"},"content":{"rendered":"<div class=\"sale_application\">\n<ul>\n<li>Umpumpen, Umf\u00fcllen, Entleeren von Diesel- oder Heiz\u00f6ltanks<\/li>\n<\/ul>\n<\/div>\n<div class=\"sale_description\">\n<p>Unsere <strong>manuelle Hand-Hebelpumpe 350<\/strong>, eignet sich hervorragend f\u00fcr den Einsatz mit nicht verunreinigten, nicht aggressiven, nicht abrasiven Medien, wie Diesel, Heiz\u00f6l, Petroleum*, Schmier\u00f6l, Speise\u00f6l und vielen anderen \u00d6len. Sie hat eine F\u00f6rderleistung von <strong>350ml pro Hub<\/strong>. Die zerlegbare Handpumpe ist durch ihre <strong>praktische Bauweise<\/strong> einfach zu reinigen. Die praktische Handpumpe, funktioniert v\u00f6llig ohne Strom, besitzt ein selbsteinstellendes Teleskop-Saugrohr f\u00fcr flexible Abgabe, ist in Ihrer Bedienung einfach und schnell zu handhaben, <strong>langlebig<\/strong>, leicht und <strong>widerstandsf\u00e4hig<\/strong>.<\/p>\n<p>Die klassische zuverl\u00e4ssige Pumpe mit Hebelsteuerung, die sich ohne Vorkenntnisse einfach zusammenbauen l\u00e4\u00dft. Das Teleskopisches Saugrohr ist dabei von 460-915mm einstellbar.<\/p>\n<p>Il <strong>Hand-Hebelpumpe 350<\/strong> ist die perfekte Wahl f\u00fcr das schnelle Bef\u00fcllen und Umf\u00fcllen von kleineren und mittelgro\u00dfen Beh\u00e4ltern, Gef\u00e4\u00dfen, Kanistern, F\u00e4ssern und Tanks. Durch ihre <strong>durchdachte Bauweise<\/strong> ist eine schnelle und <strong>unkomplizierte Montage<\/strong>.<\/p>\n<p>Die Pumpe ist sehr leichtg\u00e4ngig, sehr gut abgedichtet und besitzt dadurch eine <strong>exzellente Saugleistung<\/strong>. Durch die <strong>Verarbeitung qualitativ hochwertiger Materialien<\/strong> nach aktuellem Stand der Technik, kaufen Sie hier eine solide und <strong>zuverl\u00e4ssige Hand-Hebelpumpe<\/strong> f\u00fcr den <strong>mobilen Einsatz zum fairen Preis<\/strong> zur Verf\u00fcgung.<\/p>\n<p>&nbsp;<\/p>\n<p><strong>HINWEISE:<\/strong><span style=\"\"> F\u00fcllen Sie etwas \u00d6l\/Pumpmedium in die Pumpe, um sie zu entl\u00fcften, bevor Sie mit dem Pumpen von \u00d6l\/Pumpmedium beginnen. Die Pumpe ist <span style=\"text-decoration: underline;\">NICHT<\/span> f\u00fcr Wasser oder \u00e4tzende Fl\u00fcssigkeiten geeignet. Abrasive Fl\u00fcssigkeiten verringern die Lebensdauer und schaden der Pumpe! Bewahren Sie diese Pumpe an einem trockenen und vor Feuchtigkeit gesch\u00fctzten Ort auf. Schmieren Sie die Pumpe mit Fett ein, wenn Sie sie diese l\u00e4ngere Zeit nicht benutzen.<\/span><\/p>\n<p>* <em>unter Beachtung der Gesetzlichen \/ Landespeziefischen Bestimmungen und Sicherheitsvorschriften.<\/em><\/p>\n<\/div>\n<h3>Molti buoni motivi per acquistare questo prodotto:<\/h3>\n<div class=\"sale_motive\">\n<ul>\n<li>ca. 20L\/min \/ 350ml pro Hub<\/li>\n<li>Praktische Bauweise<\/li>\n<li>Langlebig<\/li>\n<li>Leicht<\/li>\n<li>Durchdachte Bauweise und unkomplizierte Montage<\/li>\n<li>Exzellente Saugleistung<\/li>\n<li>Verarbeitung qualitativ hochwertiger Materialien<\/li>\n<li>Zuverl\u00e4ssige Hand-Hebelpumpe<\/li>\n<li>F\u00fcr den mobilen Einsatz<\/li>\n<\/ul>\n<\/div>","protected":false},"excerpt":{"rendered":"<p>Manuelle \u00d6l\/Dieselpumpe<br \/>\n  max. F\u00f6rdermenge 350ml pro Hub<\/p>","protected":false},"featured_media":36519,"comment_status":"open","ping_status":"closed","template":"","meta":[],"product_brand":[],"product_cat":[287],"product_tag":[],"class_list":{"0":"post-36520","1":"product","2":"type-product","3":"status-publish","4":"has-post-thumbnail","6":"product_cat-diesel-pumpen","8":"first","9":"instock","10":"taxable","11":"shipping-taxable","12":"purchasable","13":"product-type-simple"},"_links":{"self":[{"href":"https:\/\/testshop.igel.wovodo.de\/it\/wp-json\/wp\/v2\/product\/36520","targetHints":{"allow":["GET"]}}],"collection":[{"href":"https:\/\/testshop.igel.wovodo.de\/it\/wp-json\/wp\/v2\/product"}],"about":[{"href":"https:\/\/testshop.igel.wovodo.de\/it\/wp-json\/wp\/v2\/types\/product"}],"replies":[{"embeddable":true,"href":"https:\/\/testshop.igel.wovodo.de\/it\/wp-json\/wp\/v2\/comments?post=36520"}],"version-history":[{"count":0,"href":"https:\/\/testshop.igel.wovodo.de\/it\/wp-json\/wp\/v2\/product\/36520\/revisions"}],"wp:featuredmedia":[{"embeddable":true,"href":"https:\/\/testshop.igel.wovodo.de\/it\/wp-json\/wp\/v2\/media\/36519"}],"wp:attachment":[{"href":"https:\/\/testshop.igel.wovodo.de\/it\/wp-json\/wp\/v2\/media?parent=36520"}],"wp:term":[{"taxonomy":"product_brand","embeddable":true,"href":"https:\/\/testshop.igel.wovodo.de\/it\/wp-json\/wp\/v2\/product_brand?post=36520"},{"taxonomy":"product_cat","embeddable":true,"href":"https:\/\/testshop.igel.wovodo.de\/it\/wp-json\/wp\/v2\/product_cat?post=36520"},{"taxonomy":"product_tag","embeddable":true,"href":"https:\/\/testshop.igel.wovodo.de\/it\/wp-json\/wp\/v2\/product_tag?post=36520"}],"curies":[{"name":"wp","href":"https:\/\/api.w.org\/{rel}","templated":true}]}}