{"id":36707,"date":"2024-12-03T18:15:53","date_gmt":"2024-12-03T17:15:53","guid":{"rendered":"https:\/\/testshop.igel.wovodo.de\/product\/b-ware-universal-star-160-4-2-stainless-steel-automatic-230v\/"},"modified":"2025-01-27T12:32:56","modified_gmt":"2025-01-27T11:32:56","slug":"b-ware-universal-star-160-4-2-stainless-steel-automatic-230v","status":"publish","type":"product","link":"https:\/\/testshop.igel.wovodo.de\/it\/product\/b-ware-universal-star-160-4-2-stainless-steel-automatic-230v\/","title":{"rendered":"B-Ware Universal STAR 160-4.2 Automatico in acciaio inox 230V"},"content":{"rendered":"<div class=\"sale_application\">\n<ul>\n<li>Bef\u00fcllen, Umpumpen, Umf\u00fcllen, Entleeren von F\u00e4ssern und Tanks mit Wasser, Regenwasser, Diesel, Heiz\u00f6l, Biodiesel, ADBLUE, Saft, Wein, Milch und vieles mehr<\/li>\n<\/ul>\n<\/div>\n<div class=\"sale_description\"><font color=\"FF0000\"><b>B-Ware:<\/b><\/p>\n<ul>\n<li>leichte optische Fehler (z.B. kleine Kratzer etc.)<\/li>\n<li>voll funktionsf\u00e4higes Produkt<\/li>\n<li>reduzierte gesetzliche Gew\u00e4hrleistung auf max. 1 Jahr<\/li>\n<\/ul>\n<p><\/font><\/p>\n<p>Die Universal Star 160-4.2 &#8211; Stainless Steel Automatic &#8211; elektrische, selbstansaugende 230-Volt Universal Pumpe. Die saugstarke Universalpumpe kann einfach und \u00fcberall Mobil eingesetzt werden. So macht das Umtanken Spa\u00df und bleibt eine saubere Sache!<\/p>\n<p><iframe width=\"560\" height=\"315\" src=\"https:\/\/www.youtube.com\/embed\/QkGiwzMaYVg?si=W14yGsbTEQAHPcUq&#038;rel=0\" title=\"Lettore video di YouTube\" frameborder=\"0\" allow=\"accelerometer; autoplay; clipboard-write; encrypted-media; gyroscope; picture-in-picture; web-share\" allowfullscreen=\"\"><\/iframe><\/p>\n<p>Die 230 Volt Universal-Pumpe <b>con START\/STOP automatico<\/b> ist <b>selbstansaugend<\/b> nach erster Bef\u00fcllung\/Entl\u00fcftung. Die maximale F\u00f6rderleistung betr\u00e4gt 2700 l\/h, die maximale F\u00f6rderh\u00f6he 10m.\n  <\/p>\n<p>Die Automatik-Pumpe <b>mit R\u00fcckschlagventil<\/b> schaltet sich beim Bet\u00e4tigen der Zapfpistole\/Wasserhahn selbst\u00e4ndig an und schaltet sich ab, wenn die Zapfpistole\/Wasserhahn geschlossen wird. Das ist nicht nur bequem, sondern sch\u00fctzt die Pumpe vor unn\u00f6tigem Verschlei\u00df. Die Pumpe hat angeformte Stutzen f\u00fcr 25mm-Schlauch. Das hat den Vorteil, da\u00df einerseits die Inbetriebnahme wirklich schnell erfolgen kann und andererseits, da\u00df wirklich alle Verbindungen in Edelstahl erfolgen k\u00f6nnen.<\/p>\n<\/p>\n<p>Bitte beachten: Die F\u00f6rderleistung nimmt bei steigender F\u00f6rderh\u00f6he entsprechend ab.<\/p>\n<p>Alle Pumpen sind EINZELST\u00dcCK-gepr\u00fcft auf Ihre Funktion. Daher k\u00f6nnen Reste der Pr\u00fcffl\u00fcssigkeit in der Pumpe \/ Verpackung vorhanden sein.<\/p>\n<p>Die Pumpen und die Saugleitung sind bei der Inbetriebnahme blasenfrei mit dem genutzten Medium zu bef\u00fcllen. Das R\u00fcckschlagventil muss unbedingt am Ende der Saugleitung montiert und dicht sein.<\/p>\n<\/div>\n<h3>Molti buoni motivi per acquistare questo prodotto:<\/h3>\n<div class=\"sale_motive\">\n<ul>\n<li><b><font color=\"#ff0000\">Con funzione START\/STOP automatica per una gestione ottimale e la protezione della pompa<\/font><\/b><\/li>\n<li>Aspirazione potente, autoadescante e conveniente<\/li>\n<li>Bew\u00e4hrte Qualit\u00e4t mit Edelstahl<\/li>\n<li>Stainless Steel mit angeformten Schlaucht\u00fcllen<\/li>\n<li>F\u00f6rdermenge max. 2.700l\/h<\/li>\n<li>Sichere Handhabung durch isolierendes Kunststoff-Geh\u00e4use<\/li>\n<li>Interruttore \"On\" e \"Off\" con dispositivo di sicurezza<\/li>\n<\/ul>\n<\/div>","protected":false},"excerpt":{"rendered":"<p>230-Volt-Universal-Pumpe, Edelstahl mit Start\/Stop Automatik<br \/>\nF\u00f6rdermenge max. 2700 l\/h<br \/>\nselbstansaugend | kraftvoll | robust<\/p>","protected":false},"featured_media":32921,"comment_status":"open","ping_status":"closed","template":"","meta":[],"product_brand":[],"product_cat":[182,490],"product_tag":[],"class_list":{"0":"post-36707","1":"product","2":"type-product","3":"status-publish","4":"has-post-thumbnail","6":"product_cat-b-ware-dieselpumpen","7":"product_cat-b-ware-dieselpumpen-2","9":"first","10":"instock","11":"sale","12":"featured","13":"taxable","14":"shipping-taxable","15":"purchasable","16":"product-type-simple"},"_links":{"self":[{"href":"https:\/\/testshop.igel.wovodo.de\/it\/wp-json\/wp\/v2\/product\/36707","targetHints":{"allow":["GET"]}}],"collection":[{"href":"https:\/\/testshop.igel.wovodo.de\/it\/wp-json\/wp\/v2\/product"}],"about":[{"href":"https:\/\/testshop.igel.wovodo.de\/it\/wp-json\/wp\/v2\/types\/product"}],"replies":[{"embeddable":true,"href":"https:\/\/testshop.igel.wovodo.de\/it\/wp-json\/wp\/v2\/comments?post=36707"}],"version-history":[{"count":2,"href":"https:\/\/testshop.igel.wovodo.de\/it\/wp-json\/wp\/v2\/product\/36707\/revisions"}],"predecessor-version":[{"id":38520,"href":"https:\/\/testshop.igel.wovodo.de\/it\/wp-json\/wp\/v2\/product\/36707\/revisions\/38520"}],"wp:featuredmedia":[{"embeddable":true,"href":"https:\/\/testshop.igel.wovodo.de\/it\/wp-json\/wp\/v2\/media\/32921"}],"wp:attachment":[{"href":"https:\/\/testshop.igel.wovodo.de\/it\/wp-json\/wp\/v2\/media?parent=36707"}],"wp:term":[{"taxonomy":"product_brand","embeddable":true,"href":"https:\/\/testshop.igel.wovodo.de\/it\/wp-json\/wp\/v2\/product_brand?post=36707"},{"taxonomy":"product_cat","embeddable":true,"href":"https:\/\/testshop.igel.wovodo.de\/it\/wp-json\/wp\/v2\/product_cat?post=36707"},{"taxonomy":"product_tag","embeddable":true,"href":"https:\/\/testshop.igel.wovodo.de\/it\/wp-json\/wp\/v2\/product_tag?post=36707"}],"curies":[{"name":"wp","href":"https:\/\/api.w.org\/{rel}","templated":true}]}}