{"id":37042,"date":"2024-12-04T09:33:31","date_gmt":"2024-12-04T08:33:31","guid":{"rendered":"https:\/\/testshop.igel.wovodo.de\/product\/profi-bit-drill-48v-600mah-nicd-akku\/"},"modified":"2025-01-27T12:31:14","modified_gmt":"2025-01-27T11:31:14","slug":"profi-bit-drill-48v-600mah-nicd-akku","status":"publish","type":"product","link":"https:\/\/testshop.igel.wovodo.de\/it\/product\/profi-bit-drill-48v-600mah-nicd-akku\/","title":{"rendered":"Batteria PROFI BIT-DRILL 4,8V 600mAh NiCd"},"content":{"rendered":"<div class=\"sale_description\">\n<p><h1>Der schraubt Sie alle &#8211; <br \/>  <font color=\"red\">mit 102 BITS!<\/font><\/h1>\n<p>  <\/p>\n<h2>Anwendungsbereiche:<\/h2>\n<p>  <\/p>\n<ul>    <\/p>\n<li>      <b><br \/>        <font color=\"red\">Starke Leistungsdaten f\u00fcr beste<br \/>        Ergebnisse<\/font><br \/>      <\/b>    <\/li>\n<p>    <\/p>\n<li>integrierter Profi NiCd Akku<\/li>\n<p>    <\/p>\n<li>    <font color=\"red\"><br \/>      <b>102 Bits<\/b><br \/>    <\/font> &#8211; Hier ist immer der passende Bit dabei<\/li>\n<p>    <\/p>\n<li>sehr handlich, kommt in jede Ecke hin<\/li>\n<p>    <\/p>\n<li>integriertes helles LED-Licht<\/li>\n<p>    <\/p>\n<li>      <font color=\"red\"><br \/>        <b>Stabile Alu-Aufbewahrungs-Box<\/b><br \/>      <\/font>    <\/li>\n<p>    <\/p>\n<li>umfangreiches Zubh\u00f6r<\/li>\n<p>    <\/p>\n<li>CE und GS gepr\u00fcfte Qualit\u00e4t<\/li>\n<p>  <\/ul>\n<p>  <\/p>\n<p>  <font color=\"red\"><br \/>    <b>Bei 102 BITS ist immer der passende Bit dabei<\/b><br \/>  <\/font> &#8211; Mit dem Akkuschrauber <br \/>  <b><br \/>    <font color=\"red\">&#8220;PROFI-BIT-DRILL&#8221;<\/font><br \/>  <\/b> macht Hobby und Arbeit Spa\u00df!! Das leichte Gewicht und das<br \/>  ergonomisch-schlanke Design mit Softgriffen erm\u00f6glicht<br \/>  komfortables, unerm\u00fcdliches und sicheres Arbeiten in allen Lagen!<br \/>  Das umfangreiche Zubeh\u00f6r und die einfache Bedienung erm\u00f6glichen<br \/>  einen gr\u00f6\u00dftm\u00f6glichen Einsatzbereich &#8211; diese Kraft war bisher<br \/>  M\u00e4nnersache, ist nun dank der durchdachten Ergonomie aber auch <br \/>  <font color=\"red\"><br \/>    <b>f\u00fcr Frauen bestens geeignet<\/b><br \/>  <\/font> . Die integrierte helle LED-Beleuchtung l\u00e4sst Sie beim<br \/>  Arbeiten auch nicht im Dunkeln stehen. Die von uns verwendete<br \/>  moderne <br \/>  <b><br \/>    <font color=\"red\">Profi NiCd Akkutechnologie<\/font><br \/>  <\/b> bietet Ihnen starke Leistung bei einer <br \/>  <b><br \/>    <font color=\"red\">langen Lebensdauer<\/font><br \/>  <\/b> . Nach Herstellerangaben werden <br \/>  <b><br \/>    <font color=\"red\">bis zu 1000 Ladevorg\u00e4nge<\/font><br \/>  <\/b> erreicht.<\/p>\n<\/p>\n<\/div>","protected":false},"excerpt":{"rendered":"<p>Der schraubt Sie alle &#8211; mit 102 BITS! Anwendungsbereiche: Starke Leistungsdaten f\u00fcr beste Ergebnisse integrierter Profi NiCd Akku 102 Bits<\/p>","protected":false},"featured_media":37953,"comment_status":"open","ping_status":"closed","template":"","meta":[],"product_brand":[],"product_cat":[293],"product_tag":[],"class_list":{"0":"post-37042","1":"product","2":"type-product","3":"status-publish","4":"has-post-thumbnail","6":"product_cat-akkuschrauber","8":"first","9":"instock","10":"taxable","11":"shipping-taxable","12":"purchasable","13":"product-type-simple"},"_links":{"self":[{"href":"https:\/\/testshop.igel.wovodo.de\/it\/wp-json\/wp\/v2\/product\/37042","targetHints":{"allow":["GET"]}}],"collection":[{"href":"https:\/\/testshop.igel.wovodo.de\/it\/wp-json\/wp\/v2\/product"}],"about":[{"href":"https:\/\/testshop.igel.wovodo.de\/it\/wp-json\/wp\/v2\/types\/product"}],"replies":[{"embeddable":true,"href":"https:\/\/testshop.igel.wovodo.de\/it\/wp-json\/wp\/v2\/comments?post=37042"}],"version-history":[{"count":0,"href":"https:\/\/testshop.igel.wovodo.de\/it\/wp-json\/wp\/v2\/product\/37042\/revisions"}],"wp:featuredmedia":[{"embeddable":true,"href":"https:\/\/testshop.igel.wovodo.de\/it\/wp-json\/wp\/v2\/media\/37953"}],"wp:attachment":[{"href":"https:\/\/testshop.igel.wovodo.de\/it\/wp-json\/wp\/v2\/media?parent=37042"}],"wp:term":[{"taxonomy":"product_brand","embeddable":true,"href":"https:\/\/testshop.igel.wovodo.de\/it\/wp-json\/wp\/v2\/product_brand?post=37042"},{"taxonomy":"product_cat","embeddable":true,"href":"https:\/\/testshop.igel.wovodo.de\/it\/wp-json\/wp\/v2\/product_cat?post=37042"},{"taxonomy":"product_tag","embeddable":true,"href":"https:\/\/testshop.igel.wovodo.de\/it\/wp-json\/wp\/v2\/product_tag?post=37042"}],"curies":[{"name":"wp","href":"https:\/\/api.w.org\/{rel}","templated":true}]}}