{"id":29977,"date":"2024-10-31T14:04:48","date_gmt":"2024-10-31T13:04:48","guid":{"rendered":"https:\/\/testshop.igel.wovodo.de\/product\/fontaenen-aufsaetze-fuer-ruegen-oasis-200-oasis-250-oslo\/"},"modified":"2025-01-27T12:28:03","modified_gmt":"2025-01-27T11:28:03","slug":"fontaenen-aufsaetze-fuer-ruegen-oasis-200-oasis-250-oslo","status":"publish","type":"product","link":"https:\/\/testshop.igel.wovodo.de\/ru\/product\/fontaenen-aufsaetze-fuer-ruegen-oasis-200-oasis-250-oslo\/","title":{"rendered":"Font\u00e4nen Aufs\u00e4tze f\u00fcr R\u00fcgen\/Oasis 200\/Oasis 250\/Oslo"},"content":{"rendered":"<div class=\"sale_application\">\n<ul>\n<li>Ersatzteil-Set f\u00fcr Solarteichpumpen<\/li>\n<\/ul><\/div>\n<div class=\"sale_description\">\n<p>Diese Font\u00e4nenaufs\u00e4tze passen zu folgenden Solarpumpen-Sets:<\/p>\n<ul>\n<li>Teichpumpen-Set Solar R\u00fcgen 200-1<\/li>\n<li>Teichpumpen-Set Solar Oasis 250-1<\/li>\n<li>Teichpumpen-Set Solar Oslo 300 Light-1<\/li>\n<\/ul>\n<\/div>\n<h3>\u041c\u043d\u043e\u0433\u043e \u0432\u0435\u0441\u043a\u0438\u0445 \u043f\u0440\u0438\u0447\u0438\u043d, \u043f\u043e \u043a\u043e\u0442\u043e\u0440\u044b\u043c \u0432\u044b \u0434\u043e\u043b\u0436\u043d\u044b \u043a\u0443\u043f\u0438\u0442\u044c \u044d\u0442\u043e\u0442 \u043f\u0440\u043e\u0434\u0443\u043a\u0442:<\/h3>\n<div class=\"sale_motive\">\n<ul>\n<li>Komplett-Set Font\u00e4nenaufs\u00e4tze<\/li>\n<\/ul>\n<\/div>","protected":false},"excerpt":{"rendered":"<p>Ersatzteil-Set f\u00fcr Solarteichpumpen Diese Font\u00e4nenaufs\u00e4tze passen zu folgenden Solarpumpen-Sets: Teichpumpen-Set Solar R\u00fcgen 200-1 Teichpumpen-Set Solar Oasis 250-1 Teichpumpen-Set Solar Oslo<\/p>","protected":false},"featured_media":31095,"comment_status":"open","ping_status":"closed","template":"","meta":[],"product_brand":[],"product_cat":[259],"product_tag":[],"class_list":{"0":"post-29977","1":"product","2":"type-product","3":"status-publish","4":"has-post-thumbnail","6":"product_cat-fontaenen-aufsaetze","8":"first","9":"instock","10":"taxable","11":"shipping-taxable","12":"purchasable","13":"product-type-simple"},"_links":{"self":[{"href":"https:\/\/testshop.igel.wovodo.de\/ru\/wp-json\/wp\/v2\/product\/29977","targetHints":{"allow":["GET"]}}],"collection":[{"href":"https:\/\/testshop.igel.wovodo.de\/ru\/wp-json\/wp\/v2\/product"}],"about":[{"href":"https:\/\/testshop.igel.wovodo.de\/ru\/wp-json\/wp\/v2\/types\/product"}],"replies":[{"embeddable":true,"href":"https:\/\/testshop.igel.wovodo.de\/ru\/wp-json\/wp\/v2\/comments?post=29977"}],"version-history":[{"count":1,"href":"https:\/\/testshop.igel.wovodo.de\/ru\/wp-json\/wp\/v2\/product\/29977\/revisions"}],"predecessor-version":[{"id":34599,"href":"https:\/\/testshop.igel.wovodo.de\/ru\/wp-json\/wp\/v2\/product\/29977\/revisions\/34599"}],"wp:featuredmedia":[{"embeddable":true,"href":"https:\/\/testshop.igel.wovodo.de\/ru\/wp-json\/wp\/v2\/media\/31095"}],"wp:attachment":[{"href":"https:\/\/testshop.igel.wovodo.de\/ru\/wp-json\/wp\/v2\/media?parent=29977"}],"wp:term":[{"taxonomy":"product_brand","embeddable":true,"href":"https:\/\/testshop.igel.wovodo.de\/ru\/wp-json\/wp\/v2\/product_brand?post=29977"},{"taxonomy":"product_cat","embeddable":true,"href":"https:\/\/testshop.igel.wovodo.de\/ru\/wp-json\/wp\/v2\/product_cat?post=29977"},{"taxonomy":"product_tag","embeddable":true,"href":"https:\/\/testshop.igel.wovodo.de\/ru\/wp-json\/wp\/v2\/product_tag?post=29977"}],"curies":[{"name":"wp","href":"https:\/\/api.w.org\/{rel}","templated":true}]}}