{"id":30093,"date":"2024-10-31T14:06:07","date_gmt":"2024-10-31T13:06:07","guid":{"rendered":"https:\/\/testshop.igel.wovodo.de\/product\/tauchpumpe-mini-400-mit-anschluss-fuer-schwimmende-entnahme\/"},"modified":"2025-01-27T12:28:39","modified_gmt":"2025-01-27T11:28:39","slug":"tauchpumpe-mini-400-mit-anschluss-fuer-schwimmende-entnahme","status":"publish","type":"product","link":"https:\/\/testshop.igel.wovodo.de\/ru\/product\/tauchpumpe-mini-400-mit-anschluss-fuer-schwimmende-entnahme\/","title":{"rendered":"Tauchpumpe MINI 400 mit Anschlu\u00df f\u00fcr Schwimmende Entnahme"},"content":{"rendered":"<div class=\"sale_application\">\n<ul>\n<li>mit Anschluss f\u00fcr Schwimmende Entnahme-Optimal f\u00fcr alle Wassertanks<\/li>\n<li>Zusatzf\u00f6rderpumpe f\u00fcr Regenwasser-Anlagen <\/li>\n<li>zur Regenwassernutzung<\/li>\n<li>ideal f\u00fcr kleine \u00d6ffnungen (IBC-Tank)<\/li>\n<li>QUALIT\u00c4T aus EU-Fertigung<\/li>\n<li>zum Bew\u00e4ssern von Rasen und Beeten <\/li>\n<li>zur Nutzung von externen Wasserquellen wie Bach, Fluss, Brunnen und Vorratsbeh\u00e4ltern<\/li>\n<li>zur Beh\u00e4lter-Umf\u00fcllung<\/li>\n<\/ul><\/div>\n<div class=\"sale_description\">\n<p>\u0421\u0430\u0439\u0442<b> solide, energiesparende und zuverl\u00e4ssige<\/b> Tauchpumpe. Die Tauchpumpe AQUA MINI 400 eignet sich hervorragend f\u00fcr den<b> horizontalen Betrieb<\/b> im Wasserspeicher. In Wasserbeh\u00e4ltern (wie Regen- und Brauchwassertanks) sammelt sich der Schmutz am Boden an. Wird dieser durch die Pumpe angesaugt, geht die Pumpe auf Grund erh\u00f6hter Abnutzung kaputt. Bei Wasseransaugung mittels schwimmender Ansaugung kommt kaum Schmutz in die Pumpe. Dadurch wird die Pumpenlebensdauer um ein Vielfaches erh\u00f6ht. Pumpen ohne schwimmende Entnahme werden i.d.R. etwa 20-30cm \u00fcber dem Beh\u00e4lterboden aufgeh\u00e4ngt, so da\u00df sie weniger Schmutz ansaugen. Dadurch geht jedoch wertvoles Tank-Nutzvolumen verloren. Durch den liegenden Einbau auf dem Tankboden gewinnen Sie, im Vergleich zu stehenden \/ h\u00e4ngenden Pumpen,<b> ca. 30-40% an Nutzvolumen<\/b> im Speicher. <\/p>\n<p> Die Aqua Super 400 zeichnet sich durch ihr <b>ruhiges und leises Laufverhalten<\/b> aus.<br \/><b>Sie ist besonders f\u00fcr Wasserbeh\u00e4lter mit kleinen \u00d6ffnungen (ab ca. \u00d814cm) geeignet.<\/b> Mit einer maximalen Partikelgr\u00f6\u00dfe von 5mm ist sie wesentlich verstopfungssicherer als vergleichbare Klarwasserpumpen. <\/p>\n<p>  <strong>Unsere Tipp:<\/strong><br \/>\n  Um die Pumpe vor dem Trockenlauf zu sch\u00fctzen, empfehlen wir den optional erh\u00e4ltlichen Schwimmerschalter Trockenlaufschutz (inkl. Zwischenstecker) mitzubestellen. Durch die spezielle Schaltposition schaltet er automatisch die Pumpe ab, falls nicht gen\u00fcgend Wasser im Speicher vorhanden ist.<\/p>\n<\/div>\n<h3>\u041c\u043d\u043e\u0433\u043e \u0432\u0435\u0441\u043a\u0438\u0445 \u043f\u0440\u0438\u0447\u0438\u043d, \u043f\u043e \u043a\u043e\u0442\u043e\u0440\u044b\u043c \u0432\u044b \u0434\u043e\u043b\u0436\u043d\u044b \u043a\u0443\u043f\u0438\u0442\u044c \u044d\u0442\u043e\u0442 \u043f\u0440\u043e\u0434\u0443\u043a\u0442:<\/h3>\n<div class=\"sale_motive\">\n<h2>\u041c\u043d\u043e\u0433\u043e \u0432\u0435\u0441\u043a\u0438\u0445 \u043f\u0440\u0438\u0447\u0438\u043d, \u043f\u043e \u043a\u043e\u0442\u043e\u0440\u044b\u043c \u0432\u044b \u0434\u043e\u043b\u0436\u043d\u044b \u043a\u0443\u043f\u0438\u0442\u044c \u044d\u0442\u043e\u0442 \u043f\u0440\u043e\u0434\u0443\u043a\u0442:<\/h2>\n<ul>\n<li>F\u00f6rdermenge von <b>7500l\/h<\/b> bei einer Leistungsaufnahme von <b>400W<\/b><\/li>\n<li>Anschluss f\u00fcr schwimmende Entnahme &#8211; optimal f\u00fcr Regenwassernutzung<\/li>\n<li>horizontaler und vertikaler Betrieb m\u00f6glich<\/li>\n<li>in horizontalem Betrieb wesentlich h\u00f6heres Nutzvolumen im Wasserspeicher<\/li>\n<li>ruhiges und leises Laufverhalten<\/li>\n<li>\u0414\u043b\u0438\u0442\u0435\u043b\u044c\u043d\u044b\u0439 \u0441\u0440\u043e\u043a \u0441\u043b\u0443\u0436\u0431\u044b<\/li>\n<li>hochwertiges Edelstahlgeh\u00e4use<\/li>\n<li>Laufr\u00e4der aus verst\u00e4rktem Noryl<\/li>\n<li><b>20m &#8211; hochwertiges Gummikabel H07RN-F<\/b><\/li>\n<\/ul>\n<\/div>","protected":false},"excerpt":{"rendered":"<p>mit Anschluss f\u00fcr Schwimmende Entnahme-Optimal f\u00fcr alle Wassertanks Zusatzf\u00f6rderpumpe f\u00fcr Regenwasser-Anlagen zur Regenwassernutzung ideal f\u00fcr kleine \u00d6ffnungen (IBC-Tank) QUALIT\u00c4T aus<\/p>","protected":false},"featured_media":39826,"comment_status":"open","ping_status":"closed","template":"","meta":[],"product_brand":[],"product_cat":[365,281,366],"product_tag":[],"class_list":{"0":"post-30093","1":"product","2":"type-product","3":"status-publish","4":"has-post-thumbnail","6":"product_cat-klarwasserpumpe-tauchpumpen","7":"product_cat-tauchdruck-pumpen","8":"product_cat-eu-produktion-tauchpumpen","10":"first","11":"instock","12":"taxable","13":"shipping-taxable","14":"purchasable","15":"product-type-simple"},"_links":{"self":[{"href":"https:\/\/testshop.igel.wovodo.de\/ru\/wp-json\/wp\/v2\/product\/30093","targetHints":{"allow":["GET"]}}],"collection":[{"href":"https:\/\/testshop.igel.wovodo.de\/ru\/wp-json\/wp\/v2\/product"}],"about":[{"href":"https:\/\/testshop.igel.wovodo.de\/ru\/wp-json\/wp\/v2\/types\/product"}],"replies":[{"embeddable":true,"href":"https:\/\/testshop.igel.wovodo.de\/ru\/wp-json\/wp\/v2\/comments?post=30093"}],"version-history":[{"count":1,"href":"https:\/\/testshop.igel.wovodo.de\/ru\/wp-json\/wp\/v2\/product\/30093\/revisions"}],"predecessor-version":[{"id":34711,"href":"https:\/\/testshop.igel.wovodo.de\/ru\/wp-json\/wp\/v2\/product\/30093\/revisions\/34711"}],"wp:featuredmedia":[{"embeddable":true,"href":"https:\/\/testshop.igel.wovodo.de\/ru\/wp-json\/wp\/v2\/media\/39826"}],"wp:attachment":[{"href":"https:\/\/testshop.igel.wovodo.de\/ru\/wp-json\/wp\/v2\/media?parent=30093"}],"wp:term":[{"taxonomy":"product_brand","embeddable":true,"href":"https:\/\/testshop.igel.wovodo.de\/ru\/wp-json\/wp\/v2\/product_brand?post=30093"},{"taxonomy":"product_cat","embeddable":true,"href":"https:\/\/testshop.igel.wovodo.de\/ru\/wp-json\/wp\/v2\/product_cat?post=30093"},{"taxonomy":"product_tag","embeddable":true,"href":"https:\/\/testshop.igel.wovodo.de\/ru\/wp-json\/wp\/v2\/product_tag?post=30093"}],"curies":[{"name":"wp","href":"https:\/\/api.w.org\/{rel}","templated":true}]}}