{"id":30110,"date":"2024-10-31T14:06:17","date_gmt":"2024-10-31T13:06:17","guid":{"rendered":"https:\/\/testshop.igel.wovodo.de\/product\/b-ware-hauswasserwerk-ss-1200-1\/"},"modified":"2025-01-27T12:28:44","modified_gmt":"2025-01-27T11:28:44","slug":"b-ware-hauswasserwerk-ss-1200-1","status":"publish","type":"product","link":"https:\/\/testshop.igel.wovodo.de\/ru\/product\/b-ware-hauswasserwerk-ss-1200-1\/","title":{"rendered":"B-Ware Hauswasserwerk SS-1200-1"},"content":{"rendered":"<div class=\"sale_application\">\n<ul>\n<li>zur automatischen Brauchwasserversorgung im Haus und Garten\n    <\/li>\n<li>ideal zur Regenwassernutzung in Garten und Haus\n    <\/li>\n<li>zum Bew\u00e4ssern von Rasen und Beeten (auch f\u00fcr mehrere Abnehmer)\n    <\/li>\n<li>Beh\u00e4lter-Umf\u00fcllung\n  <\/li>\n<li>zur Nutzung von Wasser aus Bach, Fluss und Brunnen<\/li>\n<\/ul><\/div>\n<div class=\"sale_description\"> <font color=\"FF0000\"><b>B-Ware:<\/b><\/p>\n<ul>\n<li>leichte optische Fehler (z.B. kleine Kratzer etc.)<\/li>\n<li>voll funktionsf\u00e4higes Produkt<\/li>\n<li>reduzierte gesetzliche Gew\u00e4hrleistung auf max. 1 Jahr<\/li>\n<\/ul>\n<p><\/font><\/p>\n<p>       <b>Das Hauswasserwerk SS-1200-1 besteht aus einer hochwertigen Jetpumpe mit 1200 W, einem Druckkessel, Manometer und einem Druckschalter.<\/b><\/p>\n<p>Der eingebauter Druckschalter steuert das automatische Ein &#8211; und Abschalten der Pumpe. Wird ein Verbraucher aufgedreht, schaltet er die Pumpe an und beim Schlie\u00dfen wieder aus. Der Einsatzbereich ist sehr vielseitig. Sie k\u00f6nnen mit diesem Ger\u00e4t die gesamte Brauchwasserversorgung in Ihrem Haus automatisiert steuern und regeln. Das geringe Gewicht und der Tragegriff erm\u00f6glichen den schnellen Standortwechsel. Das Hauswasserwerk ist somit sowohl station\u00e4r als auch mobil einsetzbar. Die Inbetriebnahme erfolgt durch das Auff\u00fcllen der Laufradkammern und des Schlauches. Den Rest macht die Pumpe selbst. Dabei betr\u00e4gt die Ansaugh\u00f6he 8m. <\/p>\n<\/p><\/div>\n<h3>\u041c\u043d\u043e\u0433\u043e \u0432\u0435\u0441\u043a\u0438\u0445 \u043f\u0440\u0438\u0447\u0438\u043d, \u043f\u043e \u043a\u043e\u0442\u043e\u0440\u044b\u043c \u0432\u044b \u0434\u043e\u043b\u0436\u043d\u044b \u043a\u0443\u043f\u0438\u0442\u044c \u044d\u0442\u043e\u0442 \u043f\u0440\u043e\u0434\u0443\u043a\u0442:<\/h3>\n<div class=\"sale_motive\">\n<ul>\n<li>F\u00f6rdermenge von <strong>3.500 l\/h<\/strong> bei einer Leistungsaufnahme von <strong>1200W<\/strong>\n     <\/li>\n<li>Ansaugh\u00f6he bis 8m\n     <\/li>\n<li>solide Verarbeitung \/ Handwerker-Qualit\u00e4t\n       <\/li>\n<li><strong>Edelstahlpumpe + Edelstahlkessel<\/strong>\n     <\/li>\n<li>2,54 cm (1 Zoll) Anschluss auf Saug- und Druckseite\n     <\/li>\n<li>\u0422\u0440\u0430\u043d\u0441\u043f\u043e\u0440\u0442\u0438\u0440\u043e\u0432\u043a\u0430 \u0438 \u0431\u044b\u0441\u0442\u0440\u0430\u044f \u0433\u043e\u0442\u043e\u0432\u043d\u043e\u0441\u0442\u044c \u043a \u0438\u0441\u043f\u043e\u043b\u044c\u0437\u043e\u0432\u0430\u043d\u0438\u044e\n     <\/li>\n<li>integrierter thermischer Schutzschalter\n     <\/li>\n<li>inkl. Druckschalter\n     <\/li>\n<li>integriertes Manometer\n     <\/li>\n<li>Bef\u00fcll- und Ablass-Anschluss werkzeuglos zu \u00f6ffnen\n  <\/li>\n<li>\u0414\u043b\u0438\u0442\u0435\u043b\u044c\u043d\u044b\u0439 \u0441\u0440\u043e\u043a \u0441\u043b\u0443\u0436\u0431\u044b<\/li>\n<\/ul>\n<\/div>","protected":false},"excerpt":{"rendered":"<p>Leistung: 1200 Watt | Pmax 4,6bar | Qmax 3.700l\/h<br \/>\n<b>Werkzeuglos zu \u00f6ffnende Bef\u00fcll- und Ablasskammer<br \/>\n  Manometer &amp; Druckschalter integriert!<\/b><\/p><\/p>","protected":false},"featured_media":31791,"comment_status":"open","ping_status":"closed","template":"","meta":[],"product_brand":[],"product_cat":[311,373],"product_tag":[],"class_list":{"0":"post-30110","1":"product","2":"type-product","3":"status-publish","4":"has-post-thumbnail","6":"product_cat-b-ware-hauswasserwek","7":"product_cat-b-ware-hauswasserwerke","9":"first","10":"instock","11":"sale","12":"taxable","13":"shipping-taxable","14":"purchasable","15":"product-type-simple"},"_links":{"self":[{"href":"https:\/\/testshop.igel.wovodo.de\/ru\/wp-json\/wp\/v2\/product\/30110","targetHints":{"allow":["GET"]}}],"collection":[{"href":"https:\/\/testshop.igel.wovodo.de\/ru\/wp-json\/wp\/v2\/product"}],"about":[{"href":"https:\/\/testshop.igel.wovodo.de\/ru\/wp-json\/wp\/v2\/types\/product"}],"replies":[{"embeddable":true,"href":"https:\/\/testshop.igel.wovodo.de\/ru\/wp-json\/wp\/v2\/comments?post=30110"}],"version-history":[{"count":1,"href":"https:\/\/testshop.igel.wovodo.de\/ru\/wp-json\/wp\/v2\/product\/30110\/revisions"}],"predecessor-version":[{"id":34728,"href":"https:\/\/testshop.igel.wovodo.de\/ru\/wp-json\/wp\/v2\/product\/30110\/revisions\/34728"}],"wp:featuredmedia":[{"embeddable":true,"href":"https:\/\/testshop.igel.wovodo.de\/ru\/wp-json\/wp\/v2\/media\/31791"}],"wp:attachment":[{"href":"https:\/\/testshop.igel.wovodo.de\/ru\/wp-json\/wp\/v2\/media?parent=30110"}],"wp:term":[{"taxonomy":"product_brand","embeddable":true,"href":"https:\/\/testshop.igel.wovodo.de\/ru\/wp-json\/wp\/v2\/product_brand?post=30110"},{"taxonomy":"product_cat","embeddable":true,"href":"https:\/\/testshop.igel.wovodo.de\/ru\/wp-json\/wp\/v2\/product_cat?post=30110"},{"taxonomy":"product_tag","embeddable":true,"href":"https:\/\/testshop.igel.wovodo.de\/ru\/wp-json\/wp\/v2\/product_tag?post=30110"}],"curies":[{"name":"wp","href":"https:\/\/api.w.org\/{rel}","templated":true}]}}