{"id":30125,"date":"2024-10-31T14:06:27","date_gmt":"2024-10-31T13:06:27","guid":{"rendered":"https:\/\/testshop.igel.wovodo.de\/product\/diesel-star-160-4-12v-pumpe-ohne-zubehoer-mit-2-stk-tuellen-2-stk-schellen-und-vorfilter\/"},"modified":"2025-01-27T12:28:48","modified_gmt":"2025-01-27T11:28:48","slug":"diesel-star-160-4-12v-pumpe-ohne-zubehoer-mit-2-stk-tuellen-2-stk-schellen-und-vorfilter","status":"publish","type":"product","link":"https:\/\/testshop.igel.wovodo.de\/ru\/product\/diesel-star-160-4-12v-pumpe-ohne-zubehoer-mit-2-stk-tuellen-2-stk-schellen-und-vorfilter\/","title":{"rendered":"Diesel Star 160-4 &#8211; 12V-Pumpe ohne Zubeh\u00f6r, mit 2 Stk T\u00fcllen, 2 Stk Schellen und Vorfilter"},"content":{"rendered":"<div class=\"sale_application\">\n<ul>\n<li>Bef\u00fcllen, Umpumpen, Umf\u00fcllen, Entleeren von Diesel- und Heiz\u00f6ltanks<\/li>\n<li>12-Volt-Pumpe mit Batterieklemmen<\/li>\n<\/ul>\n<\/div>\n<div class=\"sale_description\">\n<p>Die DIESEL STAR 160 ist eine elektrische 12-Volt-Dieselpumpe. Mit den mitgelieferten Klemmen kann die saugstarke Dieselpumpe einfach und \u00fcberall an eine 12V Batterie angeschlossen werden. <strong>So macht das Umtanken Spa\u00df und bleibt eine saubere Sache!<\/strong><\/p>\n<p><iframe width=\"560\" height=\"315\" src=\"https:\/\/www.youtube-nocookie.com\/embed\/q-d2woq3DyY?rel=0\" title=\"YouTube video player\" frameborder=\"0\" allow=\"accelerometer; autoplay; clipboard-write; encrypted-media; gyroscope; picture-in-picture\" allowfullscreen><\/iframe><\/p>\n<p>Die Dieselpumpe 12V ist selbstsaugend. Die maximale F\u00f6rderleistung der 12-Volt-Dieselpumpe betr\u00e4gt 2400 l\/ h, die maximale F\u00f6rderh\u00f6he 10 m und der maximale F\u00f6rderdruck liegt bei 1,2 bar. Bitte beachten: Die F\u00f6rderleistung nimmt bei steigender F\u00f6rderh\u00f6he entsprechend ab.<\/p>\n<p>Das isolierende Kunststoffgeh\u00e4use der 12-Volt-Dieselpumpe sorgt f\u00fcr eine sichere Handhabung. Der Ein- und Ausschalter hat eine Sicherheitsvorrichtung.<\/p>\n<p>Alle Pumpen sind EINZELST\u00dcCK-gepr\u00fcft auf Ihre Funktion. Daher k\u00f6nnen Reste der Pr\u00fcffl\u00fcssigkeit in der Pumpe \/ Verpackung vorhanden sein.<\/p>\n<p>Die Dieselpumpe und die Saugleitung sind bei der Inbetriebnahme blasenfrei mit Diesel oder Heiz\u00f6l zu bef\u00fcllen. Ein R\u00fcckschlagventil muss unbedingt am Ende der Saugleitung montiert und dicht sein.<\/p>\n<p>Bei diesem Angebot k\u00f6nnen Sie das passende Zubeh\u00f6r zur Dieselpumpen mitbestellen und so Frachtkosten sparen.<\/p>\n<\/div>\n<h3>\u041c\u043d\u043e\u0433\u043e \u0432\u0435\u0441\u043a\u0438\u0445 \u043f\u0440\u0438\u0447\u0438\u043d, \u043f\u043e \u043a\u043e\u0442\u043e\u0440\u044b\u043c \u0432\u044b \u0434\u043e\u043b\u0436\u043d\u044b \u043a\u0443\u043f\u0438\u0442\u044c \u044d\u0442\u043e\u0442 \u043f\u0440\u043e\u0434\u0443\u043a\u0442:<\/h3>\n<div class=\"sale_motive\">\n<ul>\n<li>saugstark<\/li>\n<li>ideal f\u00fcr den mobilen Einsatz<\/li>\n<li>inkl. Klemmen f\u00fcr 12-Volt-Batterien<\/li>\n<li>bew\u00e4hrte Qualit\u00e4t<\/li>\n<li>F\u00f6rdermenge max. 2.400l\/h<\/li>\n<li>sichere Handhabung durch isolierendes Kunststoff-Geh\u00e4use<\/li>\n<li>&#8220;Ein&#8221;-und &#8220;Aus&#8221;-Schalter mit Sicherheitsvorrichtung<\/li>\n<\/ul>\n<\/div>","protected":false},"excerpt":{"rendered":"<p>Selbstansaugende 12-Volt-Dieselpumpe mit 2 Stk T\u00fcllen, 2 Stk Schellen und Vorfilter<br \/>\n  max. F\u00f6rderleistung 2400 l\/ h | max. F\u00f6rderh\u00f6he 10 m | max. F\u00f6rderdruck 1,2 bar<\/p>\n<p><strong>Mobile Dieselpumpe mit Sicherheitsschalter<br \/>\n  und Klemmen f\u00fcr den 12V-Batterie-Anschluss!<\/strong><\/p>","protected":false},"featured_media":37616,"comment_status":"open","ping_status":"closed","template":"","meta":[],"product_brand":[],"product_cat":[324,287],"product_tag":[],"class_list":{"0":"post-30125","1":"product","2":"type-product","3":"status-publish","4":"has-post-thumbnail","6":"product_cat-12v-pumpen","7":"product_cat-diesel-pumpen","9":"first","10":"instock","11":"taxable","12":"shipping-taxable","13":"purchasable","14":"product-type-simple"},"_links":{"self":[{"href":"https:\/\/testshop.igel.wovodo.de\/ru\/wp-json\/wp\/v2\/product\/30125","targetHints":{"allow":["GET"]}}],"collection":[{"href":"https:\/\/testshop.igel.wovodo.de\/ru\/wp-json\/wp\/v2\/product"}],"about":[{"href":"https:\/\/testshop.igel.wovodo.de\/ru\/wp-json\/wp\/v2\/types\/product"}],"replies":[{"embeddable":true,"href":"https:\/\/testshop.igel.wovodo.de\/ru\/wp-json\/wp\/v2\/comments?post=30125"}],"version-history":[{"count":5,"href":"https:\/\/testshop.igel.wovodo.de\/ru\/wp-json\/wp\/v2\/product\/30125\/revisions"}],"predecessor-version":[{"id":39473,"href":"https:\/\/testshop.igel.wovodo.de\/ru\/wp-json\/wp\/v2\/product\/30125\/revisions\/39473"}],"wp:featuredmedia":[{"embeddable":true,"href":"https:\/\/testshop.igel.wovodo.de\/ru\/wp-json\/wp\/v2\/media\/37616"}],"wp:attachment":[{"href":"https:\/\/testshop.igel.wovodo.de\/ru\/wp-json\/wp\/v2\/media?parent=30125"}],"wp:term":[{"taxonomy":"product_brand","embeddable":true,"href":"https:\/\/testshop.igel.wovodo.de\/ru\/wp-json\/wp\/v2\/product_brand?post=30125"},{"taxonomy":"product_cat","embeddable":true,"href":"https:\/\/testshop.igel.wovodo.de\/ru\/wp-json\/wp\/v2\/product_cat?post=30125"},{"taxonomy":"product_tag","embeddable":true,"href":"https:\/\/testshop.igel.wovodo.de\/ru\/wp-json\/wp\/v2\/product_tag?post=30125"}],"curies":[{"name":"wp","href":"https:\/\/api.w.org\/{rel}","templated":true}]}}